{"id":972,"date":"2018-08-16T16:01:56","date_gmt":"2018-08-16T14:01:56","guid":{"rendered":"http:\/\/hallaryd.se\/?page_id=972"},"modified":"2024-04-15T19:52:48","modified_gmt":"2024-04-15T17:52:48","slug":"normans-torp-stensborg","status":"publish","type":"page","link":"https:\/\/hallaryd.se\/?page_id=972","title":{"rendered":"Stensborg, Normans torp"},"content":{"rendered":"<p>Hallaryd Norreg\u00e5rd<\/p>\n<p>Bebott: ca1855-1893<\/p>\n<p>Smeden Erik Norman, f\u00f6dd 27\/3 1813 i Lund. Familjen flyttade till Hallaryd 1855. Erik Norman var sv\u00e5ger till J\u00f6ns Persson (Bo-J\u00f6ssen) i Svaneryd. Hustru Pernilla Jonsdotter, f\u00f6dd 17\/12 1821 i Loushult. De hade \u00e5tta barn som var f\u00f6dda mellan 1850-1865. Erik dog 20\/5 1880 p\u00e5 torpet. 1886 flyttar Pernilla och d\u00f6ttrarna Sofia o Thilda Norman till Kimmelsbygd (under Sven Persson d.\u00e4.)<\/p>\n<p>Smeden Carl Fritiof Sandberg, f\u00f6dd 24\/1 1855 i Myresj\u00f6, hustru Lisa Cath. Jonasdotter, f\u00f6dd 6\/9 1856 i Tolg, med fyra barn bodde p\u00e5 torpet 1884-1886<\/p>\n<p>Skomakare J\u00f6ns Carlsson, f\u00f6dd 30\/5 1860 i Ousby med hustru Clara Alfrida Amalia Spaak, f\u00f6dd 27\/8 1859 med barn, bodde h\u00e4r fram till 1887. Flyttade sedan till Fridhem (Hallaryd Norreg.).<\/p>\n<p>Smeden Anders Johan Hagberg, f\u00f6dd 11\/4 1855 i Hallaryd och hustrun Anna Maria \u00c5berg f\u00f6dd 11\/3 1857 med fyra barn bodde p\u00e5 torpet 1890-1893<\/p>\n<p>GPS: N 56,482835, \u00a0E 13,891123<a href=\"http:\/\/hallaryd.se\/wp-content\/uploads\/2018\/08\/DSC04777.jpg\"><img loading=\"lazy\" decoding=\"async\" class=\"alignnone size-large wp-image-973\" alt=\"DSC04777\" src=\"http:\/\/hallaryd.se\/wp-content\/uploads\/2018\/08\/DSC04777-1024x768.jpg\" width=\"584\" height=\"438\" srcset=\"https:\/\/hallaryd.se\/wp-content\/uploads\/2018\/08\/DSC04777-1024x768.jpg 1024w, https:\/\/hallaryd.se\/wp-content\/uploads\/2018\/08\/DSC04777-300x225.jpg 300w, https:\/\/hallaryd.se\/wp-content\/uploads\/2018\/08\/DSC04777-400x300.jpg 400w\" sizes=\"auto, (max-width: 584px) 100vw, 584px\" \/><\/a><a href=\"http:\/\/hallaryd.se\/wp-content\/uploads\/2018\/08\/karta-stensborg.png\"><img loading=\"lazy\" decoding=\"async\" class=\"alignnone size-large wp-image-1129\" alt=\"karta stensborg\" src=\"http:\/\/hallaryd.se\/wp-content\/uploads\/2018\/08\/karta-stensborg-1024x576.png\" width=\"584\" height=\"328\" srcset=\"https:\/\/hallaryd.se\/wp-content\/uploads\/2018\/08\/karta-stensborg-1024x576.png 1024w, https:\/\/hallaryd.se\/wp-content\/uploads\/2018\/08\/karta-stensborg-300x168.png 300w, https:\/\/hallaryd.se\/wp-content\/uploads\/2018\/08\/karta-stensborg-500x281.png 500w, https:\/\/hallaryd.se\/wp-content\/uploads\/2018\/08\/karta-stensborg.png 1600w\" sizes=\"auto, (max-width: 584px) 100vw, 584px\" \/><\/a><\/p>\n","protected":false},"excerpt":{"rendered":"<p>Hallaryd Norreg\u00e5rd Bebott: ca1855-1893 Smeden Erik Norman, f\u00f6dd 27\/3 1813 i Lund. Familjen flyttade till Hallaryd 1855. Erik Norman var sv\u00e5ger till J\u00f6ns Persson (Bo-J\u00f6ssen) i Svaneryd. Hustru Pernilla Jonsdotter, f\u00f6dd 17\/12 1821 i Loushult. De hade \u00e5tta barn som &hellip; <a href=\"https:\/\/hallaryd.se\/?page_id=972\">Continue reading <span class=\"meta-nav\">&rarr;<\/span><\/a><\/p>\n","protected":false},"author":12,"featured_media":0,"parent":0,"menu_order":0,"comment_status":"closed","ping_status":"closed","template":"","meta":{"footnotes":""},"class_list":["post-972","page","type-page","status-publish","hentry"],"_links":{"self":[{"href":"https:\/\/hallaryd.se\/index.php?rest_route=\/wp\/v2\/pages\/972","targetHints":{"allow":["GET"]}}],"collection":[{"href":"https:\/\/hallaryd.se\/index.php?rest_route=\/wp\/v2\/pages"}],"about":[{"href":"https:\/\/hallaryd.se\/index.php?rest_route=\/wp\/v2\/types\/page"}],"author":[{"embeddable":true,"href":"https:\/\/hallaryd.se\/index.php?rest_route=\/wp\/v2\/users\/12"}],"replies":[{"embeddable":true,"href":"https:\/\/hallaryd.se\/index.php?rest_route=%2Fwp%2Fv2%2Fcomments&post=972"}],"version-history":[{"count":3,"href":"https:\/\/hallaryd.se\/index.php?rest_route=\/wp\/v2\/pages\/972\/revisions"}],"predecessor-version":[{"id":1130,"href":"https:\/\/hallaryd.se\/index.php?rest_route=\/wp\/v2\/pages\/972\/revisions\/1130"}],"wp:attachment":[{"href":"https:\/\/hallaryd.se\/index.php?rest_route=%2Fwp%2Fv2%2Fmedia&parent=972"}],"curies":[{"name":"wp","href":"https:\/\/api.w.org\/{rel}","templated":true}]}}