{"id":968,"date":"2018-08-16T15:45:23","date_gmt":"2018-08-16T13:45:23","guid":{"rendered":"http:\/\/hallaryd.se\/?page_id=968"},"modified":"2026-02-02T15:50:37","modified_gmt":"2026-02-02T14:50:37","slug":"torp-i-hallaryd","status":"publish","type":"page","link":"https:\/\/hallaryd.se\/?page_id=968","title":{"rendered":"Torp i Hallaryd"},"content":{"rendered":"<p>L\u00e4ngs s\u00f6dra Sm\u00e5landsgr\u00e4nsen mot Sk\u00e5ne ligger Hallaryd. Det har varit en bygd som under en tid utgjorde Sveriges gr\u00e4ns mot Danmark (Sk\u00e5ne). Snapphanar eller friskyttar h\u00e4rjade i gr\u00e4nslandet och f\u00f6rst\u00f6rde f\u00f6r m\u00e5nga.<\/p>\n<p>Upphovet till den h\u00e4r hemsidan, \u00e4r att vi vill dokumentera de \u00f6detorp som vi k\u00e4nner till i Hallaryd. Vi vill ocks\u00e5 f\u00f6rs\u00f6ka namnge personer som bott och byggt vid dessa torp.<\/p>\n<p>Det \u00e4r ett intressant arbete som ger m\u00e5nga \u201daha-upplevelser\u201d. Vi f\u00e5r och ha f\u00e5tt mycket hj\u00e4lp av lokalbefolkningen som har k\u00e4nnedom om olika torp. Just nu, 2018, \u00e4r vi i startskedet p\u00e5 arbetet, s\u00e5 mycket \u00e5terst\u00e5r.<\/p>\n<p>Vi kommer att s\u00e4tta upp skyltar vid de olika torpen, som anger vad de heter och n\u00e5gra som har bott d\u00e4r.\u00a0 F\u00f6r att ev. sl\u00e4ktingar som s\u00f6ker sina anh\u00f6riga och var de har bott, s\u00e5 kommer vi att ange GPS-koordinater p\u00e5 hemsidan s\u00e5 det blir l\u00e4ttare att hitta.<\/p>\n<p>Vi tar g\u00e4rna emot synpunkter och r\u00e4ttelser om ni ser att n\u00e5got \u00e4r fel.<\/p>\n<p>Sven-Gunnar Aronsson\/ Per Jonsson<\/p>\n<p><a href=\"http:\/\/hallaryd.se\/wp-content\/uploads\/2018\/08\/torp-framsida.jpg\"><img loading=\"lazy\" decoding=\"async\" class=\"alignnone size-full wp-image-970\" src=\"http:\/\/hallaryd.se\/wp-content\/uploads\/2018\/08\/torp-framsida.jpg\" alt=\"torp framsida\" width=\"582\" height=\"468\" srcset=\"https:\/\/hallaryd.se\/wp-content\/uploads\/2018\/08\/torp-framsida.jpg 582w, https:\/\/hallaryd.se\/wp-content\/uploads\/2018\/08\/torp-framsida-300x241.jpg 300w, https:\/\/hallaryd.se\/wp-content\/uploads\/2018\/08\/torp-framsida-373x300.jpg 373w\" sizes=\"auto, (max-width: 582px) 100vw, 582px\" \/><\/a><\/p>\n<p>F\u00f6r att komma till torpen kan ni trycka p\u00e5 valfri by nedan eller anv\u00e4nda denna karttj\u00e4nsten: <a title=\"Karta \u00f6ver torp i Hallaryd\" href=\"http:\/\/betelhallaryd.se\/torp\/torpsida.html\">Karttj\u00e4nst<\/a><\/p>\n<p>1. <a title=\"Br\u00e4nnhult\" href=\"https:\/\/hallaryd.se\/1-brannhult\/\">Br\u00e4nnhult\u00a0<\/a><\/p>\n<p>2. <a title=\"Br\u00f6tan\" href=\"http:\/\/hallaryd.se\/?page_id=1034\">Br\u00f6tan<\/a><\/p>\n<p>3. <a title=\"Elleb\u00f6ke\" href=\"http:\/\/hallaryd.se\/?page_id=1036\">Elleb\u00f6ke<\/a><\/p>\n<p>4. <a title=\"F\u00e5glehult\" href=\"http:\/\/hallaryd.se\/?page_id=1038\">F\u00e5glehult<\/a><\/p>\n<p>5. <a title=\"Grysshult\" href=\"http:\/\/hallaryd.se\/?page_id=1040\">Grysshult<\/a><\/p>\n<p>6. <a href=\"http:\/\/hallaryd.se\/?page_id=1042\">Hallab\u00f6ke<\/a><\/p>\n<p>7. <a title=\"Hallaryd\" href=\"http:\/\/hallaryd.se\/?page_id=1047\">Hallaryd<\/a><\/p>\n<p>8. <a href=\"http:\/\/hallaryd.se\/?page_id=1044\">Hallseryd<\/a><\/p>\n<p>9. <a href=\"http:\/\/hallaryd.se\/?page_id=1049\">H\u00e5rhult<\/a><\/p>\n<p>10. <a href=\"http:\/\/hallaryd.se\/?page_id=1051\">H\u00e4gdabygd<\/a><\/p>\n<p>11. <a href=\"http:\/\/hallaryd.se\/?page_id=1054\">Kalvshult<\/a><\/p>\n<p>12. <a href=\"http:\/\/hallaryd.se\/?page_id=1056\">Kimmelsbygd<\/a><\/p>\n<p>13. <a title=\"Kl\u00e4dekulla\" href=\"http:\/\/hallaryd.se\/?page_id=1058\">Kl\u00e4dekulla<\/a><\/p>\n<p>14. <a title=\"Kornberga\" href=\"http:\/\/hallaryd.se\/?page_id=1060\">Kornberga<\/a><\/p>\n<p>15. <a href=\"http:\/\/hallaryd.se\/?page_id=1062\">Kringelholma<\/a><\/p>\n<p>16. <a title=\"Kroksbygd\" href=\"http:\/\/hallaryd.se\/?page_id=1064\">Kroksbygd<\/a><\/p>\n<p>17. <a title=\"Kruseb\u00f6ke\" href=\"http:\/\/hallaryd.se\/?page_id=1066\">Kruseb\u00f6ke<\/a><\/p>\n<p>18. <a href=\"http:\/\/hallaryd.se\/?page_id=1068\">Kr\u00e5keryd<\/a><\/p>\n<p>19. <a title=\"Lind\u00e5s\" href=\"http:\/\/hallaryd.se\/?page_id=1070\">Lind\u00e5s<\/a><\/p>\n<p>20. <a href=\"http:\/\/hallaryd.se\/?page_id=1072\">Linnefalla<\/a><\/p>\n<p>21. <a title=\"Sjuhult\" href=\"http:\/\/hallaryd.se\/?page_id=1074\">Sjuhult<\/a><\/p>\n<p>22. <a title=\"Sk\u00e5paryd\" href=\"http:\/\/hallaryd.se\/?page_id=1076\">Sk\u00e5paryd<\/a><\/p>\n<p>23. <a title=\"Starsholma\" href=\"http:\/\/hallaryd.se\/?page_id=1078\">Starsholma<\/a><\/p>\n<p>24. <a href=\"http:\/\/hallaryd.se\/?page_id=1080\">Stenshult<\/a><\/p>\n<p>25. <a href=\"http:\/\/hallaryd.se\/?page_id=1082\">S\u00e4nnesholma<\/a><\/p>\n<p>26. <a title=\"Torsholma\" href=\"http:\/\/hallaryd.se\/?page_id=1084\">Torsholma<\/a><\/p>\n<p>27. <a title=\"Ulvberga\" href=\"http:\/\/hallaryd.se\/?page_id=1086\">Ulvberga<\/a><\/p>\n<p>28. <a href=\"http:\/\/hallaryd.se\/?page_id=1088\">V\u00e4gla<\/a><\/p>\n<p>29. <a href=\"http:\/\/hallaryd.se\/?page_id=1090\">\u00c5rbohult<\/a><\/p>\n<p>30. <a href=\"http:\/\/hallaryd.se\/?page_id=1093\">\u00d6rnaholma<\/a><\/p>\n<p>31. <a href=\"http:\/\/hallaryd.se\/?page_id=1095\">\u00d6rsn\u00e4s<\/a><\/p>\n","protected":false},"excerpt":{"rendered":"<p>L\u00e4ngs s\u00f6dra Sm\u00e5landsgr\u00e4nsen mot Sk\u00e5ne ligger Hallaryd. Det har varit en bygd som under en tid utgjorde Sveriges gr\u00e4ns mot Danmark (Sk\u00e5ne). Snapphanar eller friskyttar h\u00e4rjade i gr\u00e4nslandet och f\u00f6rst\u00f6rde f\u00f6r m\u00e5nga. Upphovet till den h\u00e4r hemsidan, \u00e4r att vi &hellip; <a href=\"https:\/\/hallaryd.se\/?page_id=968\">Continue reading <span class=\"meta-nav\">&rarr;<\/span><\/a><\/p>\n","protected":false},"author":12,"featured_media":0,"parent":0,"menu_order":0,"comment_status":"closed","ping_status":"closed","template":"","meta":{"footnotes":""},"class_list":["post-968","page","type-page","status-publish","hentry"],"_links":{"self":[{"href":"https:\/\/hallaryd.se\/index.php?rest_route=\/wp\/v2\/pages\/968","targetHints":{"allow":["GET"]}}],"collection":[{"href":"https:\/\/hallaryd.se\/index.php?rest_route=\/wp\/v2\/pages"}],"about":[{"href":"https:\/\/hallaryd.se\/index.php?rest_route=\/wp\/v2\/types\/page"}],"author":[{"embeddable":true,"href":"https:\/\/hallaryd.se\/index.php?rest_route=\/wp\/v2\/users\/12"}],"replies":[{"embeddable":true,"href":"https:\/\/hallaryd.se\/index.php?rest_route=%2Fwp%2Fv2%2Fcomments&post=968"}],"version-history":[{"count":12,"href":"https:\/\/hallaryd.se\/index.php?rest_route=\/wp\/v2\/pages\/968\/revisions"}],"predecessor-version":[{"id":2012,"href":"https:\/\/hallaryd.se\/index.php?rest_route=\/wp\/v2\/pages\/968\/revisions\/2012"}],"wp:attachment":[{"href":"https:\/\/hallaryd.se\/index.php?rest_route=%2Fwp%2Fv2%2Fmedia&parent=968"}],"curies":[{"name":"wp","href":"https:\/\/api.w.org\/{rel}","templated":true}]}}