{"id":949,"date":"2018-06-17T14:44:23","date_gmt":"2018-06-17T12:44:23","guid":{"rendered":"http:\/\/hallaryd.se\/?page_id=949"},"modified":"2018-06-17T15:07:11","modified_gmt":"2018-06-17T13:07:11","slug":"sevardheter","status":"publish","type":"page","link":"https:\/\/hallaryd.se\/?page_id=949","title":{"rendered":"Sev\u00e4rdheter"},"content":{"rendered":"<p>&nbsp;<\/p>\n<p><strong>Kornberga kvarn<\/strong><\/p>\n<p>Vid Helge \u00e5 s\u00f6der om Hallaryd har det sedan v\u00e4ldigt l\u00e4nge funnits en kvarn f\u00f6r att mala mj\u00f6l.\u00a0 Kvarnen lades ner 1964 men \u00e4r fortfarande sev\u00e4rd och bebodd. P\u00e5 platsen finns ocks\u00e5 en gammal stenvalvsbro med fyra valv fr\u00e5n 1870.<\/p>\n<p><a href=\"http:\/\/hallaryd.se\/wp-content\/uploads\/2013\/11\/Hallaryds-anslagstavla-599.png\"><img loading=\"lazy\" decoding=\"async\" class=\"alignnone size-medium wp-image-79\" alt=\"Hallaryds-anslagstavla-599\" src=\"http:\/\/hallaryd.se\/wp-content\/uploads\/2013\/11\/Hallaryds-anslagstavla-599-300x86.png\" width=\"300\" height=\"86\" srcset=\"https:\/\/hallaryd.se\/wp-content\/uploads\/2013\/11\/Hallaryds-anslagstavla-599-300x86.png 300w, https:\/\/hallaryd.se\/wp-content\/uploads\/2013\/11\/Hallaryds-anslagstavla-599-500x144.png 500w, https:\/\/hallaryd.se\/wp-content\/uploads\/2013\/11\/Hallaryds-anslagstavla-599.png 1000w\" sizes=\"auto, (max-width: 300px) 100vw, 300px\" \/><\/a><\/p>\n<p><strong>Hembygdsparken<\/strong><\/p>\n<p>Park mitt i byn l\u00e4ngs med Helge \u00e5. Parken grundades 1952 , h\u00e4r finns vacker natur, hembygdsmuseum, visthusbod och dr\u00e4ngastuga.<\/p>\n<p><a href=\"http:\/\/hallaryd.se\/wp-content\/uploads\/2013\/11\/IMG_7212.jpg\"><img loading=\"lazy\" decoding=\"async\" class=\"alignnone size-medium wp-image-35\" alt=\"Hembygdsparken\" src=\"http:\/\/hallaryd.se\/wp-content\/uploads\/2013\/11\/IMG_7212-300x225.jpg\" width=\"300\" height=\"225\" srcset=\"https:\/\/hallaryd.se\/wp-content\/uploads\/2013\/11\/IMG_7212-300x225.jpg 300w, https:\/\/hallaryd.se\/wp-content\/uploads\/2013\/11\/IMG_7212-1024x768.jpg 1024w, https:\/\/hallaryd.se\/wp-content\/uploads\/2013\/11\/IMG_7212-400x300.jpg 400w\" sizes=\"auto, (max-width: 300px) 100vw, 300px\" \/><\/a><\/p>\n<p><strong>Hallaborg<\/strong><\/p>\n<p>Festlokal och bygdeg\u00e5rd\u00a0 strax v\u00e4ster om byn, h\u00e4r anordnas olika tillst\u00e4llningar. G\u00e5r \u00e4ven att hyra. F\u00f6r bokning kontakta\u00a0Olle Bengtsson 0479-720 13.<\/p>\n<p>&nbsp;<\/p>\n<p><strong>Hallarydsg\u00e5rden<\/strong><\/p>\n<p>En av byns\u00a0 \u00e4ldsta g\u00e5rdar d\u00e4r den tidigare landstingsmannen Jon J\u00f6nsson bodde, f\u00f6dd 1860. Idag sk\u00f6ts huset av\u00a0 Hembygdsf\u00f6reningen. H\u00e4r anordnas regelbundet aktiviteter, till exempel kaf\u00e9verksamhet.\u00a0 G\u00e5r \u00e4ven att hyra. F\u00f6r bokning kontakta\u00a0Christel Lindholm 072-307 21 58.<\/p>\n<p><a href=\"http:\/\/hallaryd.se\/wp-content\/uploads\/2013\/11\/IMG_7114.jpg\"><img loading=\"lazy\" decoding=\"async\" class=\"alignnone size-medium wp-image-67\" alt=\"IMG_7114\" src=\"http:\/\/hallaryd.se\/wp-content\/uploads\/2013\/11\/IMG_7114-300x225.jpg\" width=\"300\" height=\"225\" srcset=\"https:\/\/hallaryd.se\/wp-content\/uploads\/2013\/11\/IMG_7114-300x225.jpg 300w, https:\/\/hallaryd.se\/wp-content\/uploads\/2013\/11\/IMG_7114-1024x768.jpg 1024w, https:\/\/hallaryd.se\/wp-content\/uploads\/2013\/11\/IMG_7114-400x300.jpg 400w\" sizes=\"auto, (max-width: 300px) 100vw, 300px\" \/><\/a><\/p>\n<p>&nbsp;<\/p>\n","protected":false},"excerpt":{"rendered":"<p>&nbsp; Kornberga kvarn Vid Helge \u00e5 s\u00f6der om Hallaryd har det sedan v\u00e4ldigt l\u00e4nge funnits en kvarn f\u00f6r att mala mj\u00f6l.\u00a0 Kvarnen lades ner 1964 men \u00e4r fortfarande sev\u00e4rd och bebodd. P\u00e5 platsen finns ocks\u00e5 en gammal stenvalvsbro med fyra &hellip; <a href=\"https:\/\/hallaryd.se\/?page_id=949\">Continue reading <span class=\"meta-nav\">&rarr;<\/span><\/a><\/p>\n","protected":false},"author":12,"featured_media":0,"parent":0,"menu_order":0,"comment_status":"closed","ping_status":"closed","template":"","meta":{"footnotes":""},"class_list":["post-949","page","type-page","status-publish","hentry"],"_links":{"self":[{"href":"https:\/\/hallaryd.se\/index.php?rest_route=\/wp\/v2\/pages\/949","targetHints":{"allow":["GET"]}}],"collection":[{"href":"https:\/\/hallaryd.se\/index.php?rest_route=\/wp\/v2\/pages"}],"about":[{"href":"https:\/\/hallaryd.se\/index.php?rest_route=\/wp\/v2\/types\/page"}],"author":[{"embeddable":true,"href":"https:\/\/hallaryd.se\/index.php?rest_route=\/wp\/v2\/users\/12"}],"replies":[{"embeddable":true,"href":"https:\/\/hallaryd.se\/index.php?rest_route=%2Fwp%2Fv2%2Fcomments&post=949"}],"version-history":[{"count":3,"href":"https:\/\/hallaryd.se\/index.php?rest_route=\/wp\/v2\/pages\/949\/revisions"}],"predecessor-version":[{"id":957,"href":"https:\/\/hallaryd.se\/index.php?rest_route=\/wp\/v2\/pages\/949\/revisions\/957"}],"wp:attachment":[{"href":"https:\/\/hallaryd.se\/index.php?rest_route=%2Fwp%2Fv2%2Fmedia&parent=949"}],"curies":[{"name":"wp","href":"https:\/\/api.w.org\/{rel}","templated":true}]}}