{"id":743,"date":"2016-03-28T17:02:33","date_gmt":"2016-03-28T15:02:33","guid":{"rendered":"http:\/\/hallaryd.se\/?page_id=743"},"modified":"2016-06-18T16:13:55","modified_gmt":"2016-06-18T14:13:55","slug":"hallarydsdagen-2016","status":"publish","type":"page","link":"https:\/\/hallaryd.se\/?page_id=743","title":{"rendered":"Hallarydsdagen 2016"},"content":{"rendered":"<p align=\"center\">Vinstnummer Hallarydsm\u00e4rket:<\/p>\n<p align=\"center\">174, 266, 404, 644 och 758<\/p>\n<p align=\"center\">Premier h\u00e4mtas hos B\u00f6rje Sernefell 0479-720 01<\/p>\n<p align=\"center\"><strong>Hallarydsdagen 4 juni kl. 10.00 &#8211; \u00a017.30<\/strong><\/p>\n<p>\u00a0Den 4 juni \u00e4r det \u00e5ter dags att \u00e5ka till Hallaryd och bes\u00f6ka Hallarydsdagen med alla trevliga aktiviteter f\u00f6r b\u00e5de vuxna och barn. Dagens program: <b>10-16 Hantverksmarknad<\/b> <b>10-14 Fiskedamm<\/b> <b>10.30 Hallaryds barnk\u00f6r<\/b> <b>11.30 ROAD ROCKERS, Rockabilly<\/b> <b>13.00 Hallaryds Kyrkok\u00f6r<\/b> <b>14.00 TUTA &amp; K\u00d6R, Barnmusik<\/b> <b>15.00 SEPPO &amp; JENNY, Rock\u00b4n\u00b4Roll<\/b> <b>16.00 ROAD ROCKERS<\/b> <b>16.30 Dragningar, lotterier etc<\/b> <b>16.45 ROAD ROCKERS<\/b> <b>\u00a0<\/b>Ut\u00f6ver programmet kan ni fynda p\u00e5 den traditionella hantverksmarknaden, k\u00f6pa en god grilltallrik, titta p\u00e5 fina gamla motorer och veteranbilar, fika med kaffe och v\u00e5fflor, kasta pil, k\u00f6pa en god grillad korv, prova lyckan i tombolan eller chokladhjulet, k\u00f6pa fina sommarblommor, lyssna p\u00e5 Gr\u00e4nsdraget mm. F\u00f6r barnen finns en hel rad roliga saker att g\u00f6ra, ponnyridning, bollkastning, tipsrunda (fr\u00e5gor till b\u00e5de barn och vuxna!), ansiktsm\u00e5lning, k\u00f6pa popcorn, stapla\/kl\u00e4ttra p\u00e5 backar, fiskdamm mm. Missa inte det b\u00e4sta av allt! Tuta och k\u00f6\u00f6\u00f6\u00f6r! <b><i>Hembygdsmuseet \u00e4r \u00f6ppet mellan 10.00 &#8211; 16.00.<\/i><\/b> <b><i>\u00a0Alla, stora som sm\u00e5, h\u00e4lsas varmt v\u00e4lkomna till Hallarydsdagen!<\/i><\/b> <b><i>\u00a0Arrang\u00f6rer: Hallaryds Sockenr\u00e5d, Hallaryds IF, Hallaryds Hembygdsf\u00f6rening, Betel och Hallarydsg\u00e5rden<\/i><\/b><\/p>\n<div id=\"attachment_486\" style=\"width: 310px\" class=\"wp-caption alignleft\"><a href=\"http:\/\/hallaryd.se\/wp-content\/uploads\/2014\/07\/PO1_8803-600.jpg\"><img loading=\"lazy\" decoding=\"async\" aria-describedby=\"caption-attachment-486\" class=\"size-medium wp-image-486  \" alt=\"PO1_8803 600\" src=\"http:\/\/hallaryd.se\/wp-content\/uploads\/2014\/07\/PO1_8803-600-300x200.jpg\" width=\"300\" height=\"200\" srcset=\"https:\/\/hallaryd.se\/wp-content\/uploads\/2014\/07\/PO1_8803-600-300x200.jpg 300w, https:\/\/hallaryd.se\/wp-content\/uploads\/2014\/07\/PO1_8803-600-450x300.jpg 450w, https:\/\/hallaryd.se\/wp-content\/uploads\/2014\/07\/PO1_8803-600.jpg 600w\" sizes=\"auto, (max-width: 300px) 100vw, 300px\" \/><\/a><p id=\"caption-attachment-486\" class=\"wp-caption-text\">Utsikt \u00f6ver Helge \u00e5 Fotograf: Per-Olof Norrman<\/p><\/div>\n<p><a href=\"http:\/\/hallaryd.se\/wp-content\/uploads\/2016\/03\/Folder-Hallarydsdagen-liten-2016.pdf\">Folder Hallarydsdagen liten &#8211; 2016<\/a><\/p>\n","protected":false},"excerpt":{"rendered":"<p>Vinstnummer Hallarydsm\u00e4rket: 174, 266, 404, 644 och 758 Premier h\u00e4mtas hos B\u00f6rje Sernefell 0479-720 01 Hallarydsdagen 4 juni kl. 10.00 &#8211; \u00a017.30 \u00a0Den 4 juni \u00e4r det \u00e5ter dags att \u00e5ka till Hallaryd och bes\u00f6ka Hallarydsdagen med alla trevliga aktiviteter &hellip; <a href=\"https:\/\/hallaryd.se\/?page_id=743\">Continue reading <span class=\"meta-nav\">&rarr;<\/span><\/a><\/p>\n","protected":false},"author":12,"featured_media":0,"parent":0,"menu_order":0,"comment_status":"closed","ping_status":"closed","template":"","meta":{"footnotes":""},"class_list":["post-743","page","type-page","status-publish","hentry"],"_links":{"self":[{"href":"https:\/\/hallaryd.se\/index.php?rest_route=\/wp\/v2\/pages\/743","targetHints":{"allow":["GET"]}}],"collection":[{"href":"https:\/\/hallaryd.se\/index.php?rest_route=\/wp\/v2\/pages"}],"about":[{"href":"https:\/\/hallaryd.se\/index.php?rest_route=\/wp\/v2\/types\/page"}],"author":[{"embeddable":true,"href":"https:\/\/hallaryd.se\/index.php?rest_route=\/wp\/v2\/users\/12"}],"replies":[{"embeddable":true,"href":"https:\/\/hallaryd.se\/index.php?rest_route=%2Fwp%2Fv2%2Fcomments&post=743"}],"version-history":[{"count":8,"href":"https:\/\/hallaryd.se\/index.php?rest_route=\/wp\/v2\/pages\/743\/revisions"}],"predecessor-version":[{"id":804,"href":"https:\/\/hallaryd.se\/index.php?rest_route=\/wp\/v2\/pages\/743\/revisions\/804"}],"wp:attachment":[{"href":"https:\/\/hallaryd.se\/index.php?rest_route=%2Fwp%2Fv2%2Fmedia&parent=743"}],"curies":[{"name":"wp","href":"https:\/\/api.w.org\/{rel}","templated":true}]}}