{"id":643,"date":"2015-04-21T14:51:56","date_gmt":"2015-04-21T12:51:56","guid":{"rendered":"http:\/\/hallaryd.se\/?page_id=643"},"modified":"2015-04-21T14:51:56","modified_gmt":"2015-04-21T12:51:56","slug":"hallarydsdagen-2","status":"publish","type":"page","link":"https:\/\/hallaryd.se\/?page_id=643","title":{"rendered":"Hallarydsdagen"},"content":{"rendered":"<p style=\"text-align: center;\">Hallaryds egna hemv\u00e4ndardag med folkfest och gemenskap firar vi varje \u00e5r i Hembygdsparken den f\u00f6rsta l\u00f6rdagen i juni.<\/p>\n<p style=\"text-align: center;\">F\u00f6r mer information g\u00e5 in under aktuell flik.<\/p>\n<p style=\"text-align: center;\">\n","protected":false},"excerpt":{"rendered":"<p>Hallaryds egna hemv\u00e4ndardag med folkfest och gemenskap firar vi varje \u00e5r i Hembygdsparken den f\u00f6rsta l\u00f6rdagen i juni. F\u00f6r mer information g\u00e5 in under aktuell flik.<\/p>\n","protected":false},"author":12,"featured_media":0,"parent":0,"menu_order":0,"comment_status":"closed","ping_status":"closed","template":"","meta":{"footnotes":""},"class_list":["post-643","page","type-page","status-publish","hentry"],"_links":{"self":[{"href":"https:\/\/hallaryd.se\/index.php?rest_route=\/wp\/v2\/pages\/643","targetHints":{"allow":["GET"]}}],"collection":[{"href":"https:\/\/hallaryd.se\/index.php?rest_route=\/wp\/v2\/pages"}],"about":[{"href":"https:\/\/hallaryd.se\/index.php?rest_route=\/wp\/v2\/types\/page"}],"author":[{"embeddable":true,"href":"https:\/\/hallaryd.se\/index.php?rest_route=\/wp\/v2\/users\/12"}],"replies":[{"embeddable":true,"href":"https:\/\/hallaryd.se\/index.php?rest_route=%2Fwp%2Fv2%2Fcomments&post=643"}],"version-history":[{"count":1,"href":"https:\/\/hallaryd.se\/index.php?rest_route=\/wp\/v2\/pages\/643\/revisions"}],"predecessor-version":[{"id":644,"href":"https:\/\/hallaryd.se\/index.php?rest_route=\/wp\/v2\/pages\/643\/revisions\/644"}],"wp:attachment":[{"href":"https:\/\/hallaryd.se\/index.php?rest_route=%2Fwp%2Fv2%2Fmedia&parent=643"}],"curies":[{"name":"wp","href":"https:\/\/api.w.org\/{rel}","templated":true}]}}