{"id":2018,"date":"2026-02-02T16:37:06","date_gmt":"2026-02-02T15:37:06","guid":{"rendered":"https:\/\/hallaryd.se\/?page_id=2018"},"modified":"2026-02-06T16:05:54","modified_gmt":"2026-02-06T15:05:54","slug":"hallaryd-foreningar","status":"publish","type":"page","link":"https:\/\/hallaryd.se\/?page_id=2018","title":{"rendered":"Hallaryds F\u00f6reningar"},"content":{"rendered":"\n<p><strong>F\u00f6reningar<\/strong><br>P\u00e5 facebook, \u201dHallaryd\u201d som \u00e4r en offentlig grupp, annonserar de flesta f\u00f6reningar och kyrkor om sina aktiviteter.\u00a0<\/p>\n\n\n\n<p><strong>Naturkartan<\/strong><br><a href=\"https:\/\/www.naturkartan.se\/sv\/kronobergs-lan\/hallaryd-naturstig\">naturkartan.se\/sv\/kronobergs-lan\/hallaryd-naturstig<\/a><\/p>\n\n\n\n<p><strong>Generation Hallaryd\/Sockenr\u00e5det<\/strong><br><a href=\"https:\/\/www.instagram.com\/generation_hallaryd\/\">Instagram: generation_hallaryd<\/a><br><a href=\"https:\/\/www.facebook.com\/groups\/11247403435\">fb hallaryd<\/a><\/p>\n\n\n\n<p><strong>Hallarydsloppet<\/strong><br><a href=\"https:\/\/hallarydsloppet.se\">hallarydsloppet.se<\/a><br>Annandag p\u00e5sk varje \u00e5r<br><a href=\"https:\/\/www.facebook.com\/groups\/11247403435\">fb hallaryd<\/a><\/p>\n\n\n\n<p><strong>Hallaryds bygdeg\u00e5rdsf\u00f6rening<\/strong><br>Hallaborg<br><a href=\"https:\/\/bygdegardarna.se\/hitta-bygdegard\/hallaryd\/\">bygdegardarna.se\/hitta-bygdegard\/hallaryd\/<\/a><br><a href=\"https:\/\/www.facebook.com\/groups\/11247403435\">fb hallaryd<\/a><\/p>\n\n\n\n<p><strong>Hallaryds IF<\/strong><br><a href=\"https:\/\/www.facebook.com\/groups\/11247403435\">fb hallaryd<\/a><\/p>\n\n\n\n<p><strong>Hallaryds fiberf\u00f6rening<\/strong><br><a href=\"https:\/\/hallarydfiber.se\">hallarydfiber.se<\/a><br><a href=\"https:\/\/www.facebook.com\/groups\/11247403435\">fb hallaryd<\/a><\/p>\n\n\n\n<p><strong>Hallaryds Hembygdsf\u00f6rening<\/strong><br><a href=\"https:\/\/www.hembygd.se\/hallaryd\">hembygd.se\/hallaryd<\/a><br><a href=\"https:\/\/www.instagram.com\/hallarydshembygdsforening\/\">Instagram: hallarydshembygdsforening<\/a><br><a href=\"https:\/\/www.facebook.com\/groups\/11247403435\">fb hallaryd<\/a><\/p>\n\n\n\n<p><strong>Hallaryds sockenr\u00e5d<\/strong><br><a href=\"https:\/\/www.facebook.com\/groups\/11247403435\">fb hallaryd<\/a><\/p>\n\n\n\n<p><strong>Hallaryd Visseltofta fiskev\u00e5rdsf\u00f6rening FVOF<\/strong><br><a href=\"https:\/\/www.ifiske.se\/fiskekort-helge-a-ryfors-hastberga-damm.htm\">ifiske.se\/fiskekort-helge-a-ryfors-hastberga-damm.htm<\/a><br><a href=\"https:\/\/www.facebook.com\/groups\/11247403435\">fb hallaryd<\/a><\/p>\n\n\n\n<p><strong>Kulturgillet, sygillet och psalmodikonisterna<\/strong><br><a href=\"https:\/\/www.facebook.com\/groups\/11247403435\">fb hallaryd<\/a><\/p>\n\n\n\n<p><strong>F\u00f6rsamlingar<\/strong><\/p>\n\n\n\n<p>Svenska kyrkan i Hallaryd G\u00f6teryds pastorat<br><a href=\"https:\/\/www.svenskakyrkan.se\/goteryd\">svenskakyrkan.se\/goteryd&nbsp;<\/a><br><a href=\"https:\/\/www.facebook.com\/groups\/11247403435\">fb hallaryd<\/a><\/p>\n\n\n\n<p><strong>Betelkyrkan i Hallaryd<\/strong><br><a href=\"https:\/\/betelhallaryd.se\">betelhallaryd.se<\/a><br><a href=\"https:\/\/www.facebook.com\/groups\/11247403435\">fb hallaryd<\/a><\/p>\n\n\n\n<p><strong>Kommuner<\/strong><\/p>\n\n\n\n<p><strong>Markaryds kommun<\/strong><br><a href=\"https:\/\/www.markaryd.se\">Markaryd.se<\/a><\/p>\n\n\n\n<p><strong>Osby kommun<\/strong><br><a href=\"https:\/\/www.osby.se\">Osby.se<\/a><\/p>\n\n\n\n<p><strong>\u00c4lmhults kommun<\/strong><br><a href=\"https:\/\/www.almhult.se\">Almhult.se<\/a><\/p>\n","protected":false},"excerpt":{"rendered":"<p>F\u00f6reningarP\u00e5 facebook, \u201dHallaryd\u201d som \u00e4r en offentlig grupp, annonserar de flesta f\u00f6reningar och kyrkor om sina aktiviteter.\u00a0 Naturkartannaturkartan.se\/sv\/kronobergs-lan\/hallaryd-naturstig Generation Hallaryd\/Sockenr\u00e5detInstagram: generation_hallarydfb hallaryd Hallarydsloppethallarydsloppet.seAnnandag p\u00e5sk varje \u00e5rfb hallaryd Hallaryds bygdeg\u00e5rdsf\u00f6reningHallaborgbygdegardarna.se\/hitta-bygdegard\/hallaryd\/fb hallaryd Hallaryds IFfb hallaryd Hallaryds fiberf\u00f6reninghallarydfiber.sefb hallaryd Hallaryds Hembygdsf\u00f6reninghembygd.se\/hallarydInstagram: hallarydshembygdsforeningfb hallaryd &hellip; <a href=\"https:\/\/hallaryd.se\/?page_id=2018\">Continue reading <span class=\"meta-nav\">&rarr;<\/span><\/a><\/p>\n","protected":false},"author":12,"featured_media":0,"parent":0,"menu_order":0,"comment_status":"closed","ping_status":"closed","template":"","meta":{"footnotes":""},"class_list":["post-2018","page","type-page","status-publish","hentry"],"_links":{"self":[{"href":"https:\/\/hallaryd.se\/index.php?rest_route=\/wp\/v2\/pages\/2018","targetHints":{"allow":["GET"]}}],"collection":[{"href":"https:\/\/hallaryd.se\/index.php?rest_route=\/wp\/v2\/pages"}],"about":[{"href":"https:\/\/hallaryd.se\/index.php?rest_route=\/wp\/v2\/types\/page"}],"author":[{"embeddable":true,"href":"https:\/\/hallaryd.se\/index.php?rest_route=\/wp\/v2\/users\/12"}],"replies":[{"embeddable":true,"href":"https:\/\/hallaryd.se\/index.php?rest_route=%2Fwp%2Fv2%2Fcomments&post=2018"}],"version-history":[{"count":10,"href":"https:\/\/hallaryd.se\/index.php?rest_route=\/wp\/v2\/pages\/2018\/revisions"}],"predecessor-version":[{"id":2062,"href":"https:\/\/hallaryd.se\/index.php?rest_route=\/wp\/v2\/pages\/2018\/revisions\/2062"}],"wp:attachment":[{"href":"https:\/\/hallaryd.se\/index.php?rest_route=%2Fwp%2Fv2%2Fmedia&parent=2018"}],"curies":[{"name":"wp","href":"https:\/\/api.w.org\/{rel}","templated":true}]}}