{"id":1920,"date":"2022-03-16T09:40:43","date_gmt":"2022-03-16T08:40:43","guid":{"rendered":"http:\/\/hallaryd.se\/?page_id=1920"},"modified":"2022-03-16T09:40:44","modified_gmt":"2022-03-16T08:40:44","slug":"sergeantbostallet-ornaholma","status":"publish","type":"page","link":"https:\/\/hallaryd.se\/?page_id=1920","title":{"rendered":"Sergeantbost\u00e4llet, \u00d6rnaholma"},"content":{"rendered":"\n<p>\u00d6rnaholma 1:1<\/p>\n\n\n\n<p>Bebott: 1799 \u2013 1893<\/p>\n\n\n\n<p>1730: Feltvebel Petter Ekstr\u00f6m (CI\/2, s 374; AI\/2, s\n62)<\/p>\n\n\n\n<p>1799 \u2013 1818: Batallionsadjutanten och Fanjunkaren<\/p>\n\n\n\n<p>Herr Adolph Fredrik Bexell, f. 12\/8 1755 i Traheryd, d\u00f6d\n8\/2 1818<\/p>\n\n\n\n<p><em>Erh\u00e5llet medaille f\u00f6r tapperhet i f\u00e4lt<\/em><\/p>\n\n\n\n<p>h. Stina Andersdotter Gr\u00f6nlund f. 12\/3 1766 i Traheryd<\/p>\n\n\n\n<p>Barn: Stina 3 tidigare barn, gemensamt Helena Sophia\nf. 1804, Jonas f. 1806,<\/p>\n\n\n\n<p>Johan Gabriel f. 1808,<\/p>\n\n\n\n<p>1819 \u2013 182: Fanjunkare J. Ringius?&nbsp; f. 17\/11&nbsp;\n1796<\/p>\n\n\n\n<p>1825 \u2013 1847: Sergeanten, Per Ulric Bergqvist, f. 12\/11&nbsp; 1797<\/p>\n\n\n\n<p>1831 \u2013 1835 \u00e4ven Sergeant Otto Lagergren\nf.1805 <\/p>\n\n\n\n<p>Degraderad till korpral och \u00f6verf\u00f6rd till\nGrysshult soldattorp rote 48<\/p>\n\n\n\n<p>1848 \u2013 1852:<\/p>\n\n\n\n<p>Sergeanten, och fr\u00e5n 1850 Fanjunkaren Johan Oskar Berg,\nf.9\/6 1818<\/p>\n\n\n\n<p>1852 \u2013 1856: Sergeanten Erland Gustaf Fredrik Berg, f.\n1819<\/p>\n\n\n\n<p>1856 \u2013 1859: Sergeanten Ulric Sohlberg, f. 1832<\/p>\n\n\n\n<p>1860 \u2013 1870: Sergeanten Elof Fogelberg, f. 15\/8 1835<\/p>\n\n\n\n<p>1875 \u2013 1883: Fanjunkaren, Algot Wilhelm Schult\u00e8n, f.\n17\/3 1843<\/p>\n\n\n\n<p>1883 \u2013 1891: <\/p>\n\n\n\n<p>Sergeantbost\u00e4llet arrenderas av Malm\u00f6 Tr\u00e4massefabrik\nAB<\/p>\n\n\n\n<p>men brukas av Johan August Eliasson, f.10\/11 1848 fr\u00e5n\nPj\u00e4tteryd <\/p>\n\n\n\n<p>1892 \u2013 1893 arrenderat av Ryttm\u00e4staren Carl Magnus Lind\naf Hageby<\/p>\n\n\n\n<p>Han var disponent f\u00f6r Malm\u00f6 Tr\u00e4massefabrik. D\u00f6d 1897<\/p>\n\n\n\n<p>N\u00e5gon g\u00e5ng omkring 1903 flyttas huset till Kr\u00e5keryd\n2:23(som hade brunnit ner)<\/p>\n\n\n\n<p>Huset var nog s\u00e5 stort fr\u00e5n b\u00f6rjan (ev 7x 10m) men\nblev sedan 9,6 x 15 m i Kr\u00e5keryd<\/p>\n\n\n\n<p>GPS: N56.507130 E13.930811, Ladug\u00e5rd: N56.506709\u00a0 E13.930347<\/p>\n\n\n\n<p>K\u00e4lla: Kyrkoarkiv AI\/4 s.394,530, AI\/5 s.108, AI\/6\ns.152, AI\/7 s.74<\/p>\n\n\n\n<p>AI\/8 s.76, AI\/9\ns.93, AI\/10 s.137, AI\/11 s.149, AI\/12 s.133, AI\/13 s.182<\/p>\n\n\n\n<p>AI\/14 s.171, AI\/15\ns.185, AI\/16 s.208, AI\/17 s.201, AI\/18 s.157<\/p>\n\n\n\n<p>AI\/19 s.159, AI\/20\ns.159, AI\/21 s.161, AII\/1 s.364 <\/p>\n","protected":false},"excerpt":{"rendered":"<p>\u00d6rnaholma 1:1 Bebott: 1799 \u2013 1893 1730: Feltvebel Petter Ekstr\u00f6m (CI\/2, s 374; AI\/2, s 62) 1799 \u2013 1818: Batallionsadjutanten och Fanjunkaren Herr Adolph Fredrik Bexell, f. 12\/8 1755 i Traheryd, d\u00f6d 8\/2 1818 Erh\u00e5llet medaille f\u00f6r tapperhet i f\u00e4lt &hellip; <a href=\"https:\/\/hallaryd.se\/?page_id=1920\">Continue reading <span class=\"meta-nav\">&rarr;<\/span><\/a><\/p>\n","protected":false},"author":12,"featured_media":0,"parent":0,"menu_order":0,"comment_status":"closed","ping_status":"closed","template":"","meta":{"footnotes":""},"class_list":["post-1920","page","type-page","status-publish","hentry"],"_links":{"self":[{"href":"https:\/\/hallaryd.se\/index.php?rest_route=\/wp\/v2\/pages\/1920","targetHints":{"allow":["GET"]}}],"collection":[{"href":"https:\/\/hallaryd.se\/index.php?rest_route=\/wp\/v2\/pages"}],"about":[{"href":"https:\/\/hallaryd.se\/index.php?rest_route=\/wp\/v2\/types\/page"}],"author":[{"embeddable":true,"href":"https:\/\/hallaryd.se\/index.php?rest_route=\/wp\/v2\/users\/12"}],"replies":[{"embeddable":true,"href":"https:\/\/hallaryd.se\/index.php?rest_route=%2Fwp%2Fv2%2Fcomments&post=1920"}],"version-history":[{"count":1,"href":"https:\/\/hallaryd.se\/index.php?rest_route=\/wp\/v2\/pages\/1920\/revisions"}],"predecessor-version":[{"id":1921,"href":"https:\/\/hallaryd.se\/index.php?rest_route=\/wp\/v2\/pages\/1920\/revisions\/1921"}],"wp:attachment":[{"href":"https:\/\/hallaryd.se\/index.php?rest_route=%2Fwp%2Fv2%2Fmedia&parent=1920"}],"curies":[{"name":"wp","href":"https:\/\/api.w.org\/{rel}","templated":true}]}}