{"id":1918,"date":"2022-03-16T09:38:34","date_gmt":"2022-03-16T08:38:34","guid":{"rendered":"http:\/\/hallaryd.se\/?page_id=1918"},"modified":"2022-03-16T09:38:36","modified_gmt":"2022-03-16T08:38:36","slug":"hasthagen-ornaholma","status":"publish","type":"page","link":"https:\/\/hallaryd.se\/?page_id=1918","title":{"rendered":"H\u00e4sthagen, \u00d6rnaholma"},"content":{"rendered":"\n<p>Under \u00d6rnaholma 1:1<\/p>\n\n\n\n<p>Bebott: 1864-1902 <\/p>\n\n\n\n<p>1864-1884:<\/p>\n\n\n\n<p>Familjen flyttade hit 28\/11 1864 fr\u00e5n\nG\u00f6teryd<\/p>\n\n\n\n<p>Anders Hansson f. 1818-01-11 i G\u00f6teryd, h.\nGustafva Bengtsdotter<\/p>\n\n\n\n<p>f. 1820-01-12 i G\u00f6teryd, d\u00f6d 1881-02-16<\/p>\n\n\n\n<p>Barn: Gustaf f. 1849-04-15 i G\u00f6teryd,\n(flyttar till W. Sallerup 1869), Anna Maria f. 1852-01-02, (flyttar till W.\nSallerup 1873) <\/p>\n\n\n\n<p>Sophia f. 1856-01-12, Henrik f. 1859-09-10\n(n\u00e4ra blind), <\/p>\n\n\n\n<p>Anders Mauritz f. 1863-01-15,<\/p>\n\n\n\n<p>Carl Ludvig f. 1865-06-18(Garnisonen\nHelsingborg 1885)<\/p>\n\n\n\n<p>1884-1902:<\/p>\n\n\n\n<p>Johan Magnus Streling f. 1859-10-10 i\nT\u00e4fvels\u00e5s, gift 1884<\/p>\n\n\n\n<p>h. Sophia Andersdotter f. 1856-10-01 i\nG\u00f6teryd<\/p>\n\n\n\n<p>Barn: Carolina Christina f. 1885-08-04 i\nHallaryd, <\/p>\n\n\n\n<p>Axel f. 1888, d\u00f6d 1888 (9 m\u00e5n)<\/p>\n\n\n\n<p>Axel Wilhelm f.\n1892-06-13 i Hallaryd<\/p>\n\n\n\n<p>Inhyse: Anders Hansson f 1818, d\u00f6d 1901\noch Henrik f. 1859 (n\u00e4ra blind), (Sophias far och bror som inhyse)<\/p>\n\n\n\n<p>Familjen flyttar 1902 till \u00c4ngaholm,\nLinnefalla Ng<\/p>\n\n\n\n<p>GPS: N56.511436 E13.932567 (stenk\u00e4llare\nca10 m fr\u00e5n stenmur)<\/p>\n\n\n\n<p>n\u00e4ra Hyltegr\u00e4nsen och Holmsj\u00f6n<\/p>\n\n\n\n<p>(\u00f6ppning i stenmur N56.511200 E13.932354)<\/p>\n\n\n\n<p>K\u00e4lla: Hallaryd\nAI\/17, s 208; AI\/18, s 162; AI\/19, s 162; AI\/20, s 161; AI\/21, s 162; AII\/1, s\n366;<\/p>\n","protected":false},"excerpt":{"rendered":"<p>Under \u00d6rnaholma 1:1 Bebott: 1864-1902 1864-1884: Familjen flyttade hit 28\/11 1864 fr\u00e5n G\u00f6teryd Anders Hansson f. 1818-01-11 i G\u00f6teryd, h. Gustafva Bengtsdotter f. 1820-01-12 i G\u00f6teryd, d\u00f6d 1881-02-16 Barn: Gustaf f. 1849-04-15 i G\u00f6teryd, (flyttar till W. Sallerup 1869), Anna &hellip; <a href=\"https:\/\/hallaryd.se\/?page_id=1918\">Continue reading <span class=\"meta-nav\">&rarr;<\/span><\/a><\/p>\n","protected":false},"author":12,"featured_media":0,"parent":0,"menu_order":0,"comment_status":"closed","ping_status":"closed","template":"","meta":{"footnotes":""},"class_list":["post-1918","page","type-page","status-publish","hentry"],"_links":{"self":[{"href":"https:\/\/hallaryd.se\/index.php?rest_route=\/wp\/v2\/pages\/1918","targetHints":{"allow":["GET"]}}],"collection":[{"href":"https:\/\/hallaryd.se\/index.php?rest_route=\/wp\/v2\/pages"}],"about":[{"href":"https:\/\/hallaryd.se\/index.php?rest_route=\/wp\/v2\/types\/page"}],"author":[{"embeddable":true,"href":"https:\/\/hallaryd.se\/index.php?rest_route=\/wp\/v2\/users\/12"}],"replies":[{"embeddable":true,"href":"https:\/\/hallaryd.se\/index.php?rest_route=%2Fwp%2Fv2%2Fcomments&post=1918"}],"version-history":[{"count":1,"href":"https:\/\/hallaryd.se\/index.php?rest_route=\/wp\/v2\/pages\/1918\/revisions"}],"predecessor-version":[{"id":1919,"href":"https:\/\/hallaryd.se\/index.php?rest_route=\/wp\/v2\/pages\/1918\/revisions\/1919"}],"wp:attachment":[{"href":"https:\/\/hallaryd.se\/index.php?rest_route=%2Fwp%2Fv2%2Fmedia&parent=1918"}],"curies":[{"name":"wp","href":"https:\/\/api.w.org\/{rel}","templated":true}]}}