{"id":1914,"date":"2022-03-16T09:34:45","date_gmt":"2022-03-16T08:34:45","guid":{"rendered":"http:\/\/hallaryd.se\/?page_id=1914"},"modified":"2022-03-16T09:34:47","modified_gmt":"2022-03-16T08:34:47","slug":"sjohult-isakstorp","status":"publish","type":"page","link":"https:\/\/hallaryd.se\/?page_id=1914","title":{"rendered":"Sj\u00f6hult, Isakstorp"},"content":{"rendered":"\n<p>Under \u00c5rbohult (2020, \u00c5rbohult 1:3)<\/p>\n\n\n\n<p>Isakstorp p\u00e5 karta fr\u00e5n 1798-1805<\/p>\n\n\n\n<p>Bebott: 1770-1854<\/p>\n\n\n\n<p>1770-1795:<\/p>\n\n\n\n<p>Ingeborg&nbsp;\nJohansdotter&nbsp; f. 29\/5 1702,<\/p>\n\n\n\n<p>Erland Olofsson Stockenberg f. 1731 i\nG\u00f6theryd. Han hade varit soldat f\u00f6r H\u00e5rhults rote 46, 1754-1770, h. Botel\nIfvarsdotter f. 18\/8 1724<\/p>\n\n\n\n<p>son Isac Erlandsson f. 9\/3 1764, <\/p>\n\n\n\n<p>h. Pernilla Bengtsdotter f. 1749, kom 1790<\/p>\n\n\n\n<p>1800-1810:<\/p>\n\n\n\n<p>Afsked. Sold Erland Olofsson Stockenberg\nf. 1731, d\u00f6d 26\/5 1802.<\/p>\n\n\n\n<p>Varit soldat f\u00f6r H\u00e5rhult 1753-1770. (C\/3,\ns 394)<\/p>\n\n\n\n<p>h. Botild&nbsp;\nIfvarsdotter f. 10\/2 1724, d\u00f6d 29\/4 1801, Anm: \u201dNjutit i flera \u00e5r\nfattighj\u00e4lp\u201d.<\/p>\n\n\n\n<p>Sold. Isac Stockenberg f. 9\/3 1764, soldat\nvid Konungens regemente<\/p>\n\n\n\n<p>Hustru Pernilla Bengtsdotter f. 12\/12 1749<\/p>\n\n\n\n<p>Enkan Karin Jacobsdotter f. 1730<\/p>\n\n\n\n<p>1811-1820: <\/p>\n\n\n\n<p>Afsk. sold. Isak Stockenberg f. 9\/3 1764<\/p>\n\n\n\n<p>h. Pernilla Bengtsdotter f. 1749, d\u00f6d\n19\/12 1817<\/p>\n\n\n\n<p>2:a hustru Elsa M\u00e5nsdotter f. 26\/9 1772,\n(tidigare inhyse p\u00e5 Werratorpet)<\/p>\n\n\n\n<p>o\u00e4kta son Per f. 2\/6 1811<\/p>\n\n\n\n<p>1820-1834:<\/p>\n\n\n\n<p>Af. sold. Isak Stockenberg f. 9\/3 1764\n(njuter Gratial i 4:e Klassen, blind)<\/p>\n\n\n\n<p>h. Elsa M\u00e5nsdotter f. 26\/9 1772 o\u00e4kta son\nPer f. 2\/6 1811, flyttar till Elleb\u00f6ke 1827<\/p>\n\n\n\n<p>1834-1838:<\/p>\n\n\n\n<p>Af. Sold. Isak Stockenberg f. 9\/3 1764,\nd\u00f6d 1835<\/p>\n\n\n\n<p>h. Elsa M\u00e5nsdotter f. 26\/9 1772, flyttar\ntill Linnefalla 1836<\/p>\n\n\n\n<p>1853-1854 \u00e4r Nils Christensson f. 1822\nnoterad som boende h\u00e4r.<\/p>\n\n\n\n<p>Med tillh\u00f6rande \u00e5krar Sven Svensson som\nsedan tidigare \u00e4ger<\/p>\n\n\n\n<p>Enl. handlingar fr\u00e5n Laga skifte 1855\n(07-HAL-132) tillfaller torpet<\/p>\n\n\n\n<p>med tillh\u00f6rande \u00e5krar Sven Svensson som\nsedan tidigare \u00e4ger kringliggande mark och husbyggnader, 1\/16mtl. \u00c5rbohult 1:3.<\/p>\n\n\n\n<p>Torpet l\u00e5g ca 50 m N om de husbyggnader\nsom st\u00e5r kvar idag (\u00f6de).<\/p>\n\n\n\n<p>Sven Svensson f. 1820 och hustrun Anna\nJonsdotter f. 1825, fr\u00e5n n\u00e4rliggande torpet Brunshult, \u00f6vertog 1848 fr\u00e5n\ntidigare \u00e4gare, fastigheten 1\/16 mtl, idag \u00c5rbohult 1:3<\/p>\n\n\n\n<p>Troligen l\u00e5g dessa husbyggnader ca 150 m\nSO om de obebodda husen som st\u00e5r d\u00e4r idag som l\u00e4r vara uppf\u00f6rda i slutet av\n1850 &#8211; talet. <\/p>\n\n\n\n<p>De gamla husen (Brunshult) finns med p\u00e5 en\nkarta fr\u00e5n 1855.<\/p>\n\n\n\n<p>Men ingenting finns kvar av dem idag.<\/p>\n\n\n\n<p>Sven och Annas yngsta dotter, Bengta\nSvensdotter, f. 1867 gifter sig med <\/p>\n\n\n\n<p>Olof J\u00f6nsson f. 1873. De \u00f6vertar fastigheten\n1895 efter Svens d\u00f6d 1894.<\/p>\n\n\n\n<p>Olof och Bengta f\u00e5r inga egna barn men tar\n1917 en fosterdotter fr\u00e5n Stockholm, Greta Marianne Frid f. 26\/3 1917.<\/p>\n\n\n\n<p>1940 gifter sig Greta Marianne med Sture\nJonsson f. 1908 fr\u00e5n \u00c5rbohult.<\/p>\n\n\n\n<p>Sonen Ingemar Jonsson, \u00c5rbohult, \u00e4ger\nidag, 2020, fastigheten<\/p>\n\n\n\n<p>Se \u00e4ven under torpet Brunshult, \u00c5rbohult<\/p>\n\n\n\n<p>GPS: ca N56.47477 E13.92308 (\u00c5rbohult 1:3,\ngr\u00e4nsen mot \u00c5rbohult 1:7)<\/p>\n\n\n\n<p>K\u00e4lla: AI\/3, s\n365, s 570; AI\/4, s 110, s 266; AI\/5, s 168; AI\/6, s 228; AI\/7, s 113; AI\/8,1816-,\ns 112; AI\/9, s 135; AI\/10, s 184; AI\/11, s 212; AI\/12, s 185; AI\/16, s 308; <\/p>\n","protected":false},"excerpt":{"rendered":"<p>Under \u00c5rbohult (2020, \u00c5rbohult 1:3) Isakstorp p\u00e5 karta fr\u00e5n 1798-1805 Bebott: 1770-1854 1770-1795: Ingeborg&nbsp; Johansdotter&nbsp; f. 29\/5 1702, Erland Olofsson Stockenberg f. 1731 i G\u00f6theryd. Han hade varit soldat f\u00f6r H\u00e5rhults rote 46, 1754-1770, h. Botel Ifvarsdotter f. 18\/8 1724 &hellip; <a href=\"https:\/\/hallaryd.se\/?page_id=1914\">Continue reading <span class=\"meta-nav\">&rarr;<\/span><\/a><\/p>\n","protected":false},"author":12,"featured_media":0,"parent":0,"menu_order":0,"comment_status":"closed","ping_status":"closed","template":"","meta":{"footnotes":""},"class_list":["post-1914","page","type-page","status-publish","hentry"],"_links":{"self":[{"href":"https:\/\/hallaryd.se\/index.php?rest_route=\/wp\/v2\/pages\/1914","targetHints":{"allow":["GET"]}}],"collection":[{"href":"https:\/\/hallaryd.se\/index.php?rest_route=\/wp\/v2\/pages"}],"about":[{"href":"https:\/\/hallaryd.se\/index.php?rest_route=\/wp\/v2\/types\/page"}],"author":[{"embeddable":true,"href":"https:\/\/hallaryd.se\/index.php?rest_route=\/wp\/v2\/users\/12"}],"replies":[{"embeddable":true,"href":"https:\/\/hallaryd.se\/index.php?rest_route=%2Fwp%2Fv2%2Fcomments&post=1914"}],"version-history":[{"count":1,"href":"https:\/\/hallaryd.se\/index.php?rest_route=\/wp\/v2\/pages\/1914\/revisions"}],"predecessor-version":[{"id":1915,"href":"https:\/\/hallaryd.se\/index.php?rest_route=\/wp\/v2\/pages\/1914\/revisions\/1915"}],"wp:attachment":[{"href":"https:\/\/hallaryd.se\/index.php?rest_route=%2Fwp%2Fv2%2Fmedia&parent=1914"}],"curies":[{"name":"wp","href":"https:\/\/api.w.org\/{rel}","templated":true}]}}