{"id":1900,"date":"2022-03-16T09:14:27","date_gmt":"2022-03-16T08:14:27","guid":{"rendered":"http:\/\/hallaryd.se\/?page_id=1900"},"modified":"2022-03-16T09:14:28","modified_gmt":"2022-03-16T08:14:28","slug":"rafvatorpet-gyllenlund","status":"publish","type":"page","link":"https:\/\/hallaryd.se\/?page_id=1900","title":{"rendered":"R\u00e4fvatorpet, Gyllenlund"},"content":{"rendered":"\n<p>Under Ulvberga 1:5, Bebott: 1758 \u2013\n1836&nbsp; <\/p>\n\n\n\n<p>R\u00e4fvatorpet omn\u00e4mns och finns utsatt p\u00e5\nkartan fr\u00e5n storskiftet 1799<\/p>\n\n\n\n<p>I forts\u00e4ttningen f\u00f6rekommer namnet inte p\u00e5\nn\u00e5gra kartor eller i n\u00e5gra handlingar. Det var inte ovanligt att man f\u00f6rr hade\negna lokala namn p\u00e5 torpen. I kyrkoarkiven har de r\u00e4tt namn (tror vi)<\/p>\n\n\n\n<p>1758 \u2013 1800: fanns det bara ett torp i\nUlvberga, omv\u00e4xlande kallat Nya torpet och Torpet, vilka d\u00e5 b\u00f6r ha varit\n\u201dR\u00e4fvatorpet\u201d<\/p>\n\n\n\n<p>1758 \u2013 1769: kallat Nya Torpet och\nTorpet<\/p>\n\n\n\n<p>Avskedade soldaten Per Tufvedsson Tannberg,\nf. 1700 <\/p>\n\n\n\n<p>h. Anna Bengtsdotter, f. 1698&nbsp;&nbsp;&nbsp; s. Jonas, f. 5\/11 1742<\/p>\n\n\n\n<p>Per hade varit soldat f\u00f6r Hallab\u00f6ke Ng,\nrote 33, \u00e5ren 1729 \u2013 1757 <\/p>\n\n\n\n<p>1780 \u2013 1784: enkan Kierstin f 17\/7 1712 <\/p>\n\n\n\n<p>med d\u00f6ttrarna Elin Svensdotter f. 26\/2 1748\noch Ingier f. 3\/1 1754<\/p>\n\n\n\n<p>1785 \u2013 1811: kallat Torpet<\/p>\n\n\n\n<p>Nils Jonsson&nbsp; f. 22\/3 1746,&nbsp;&nbsp;&nbsp;&nbsp;&nbsp;&nbsp;&nbsp;&nbsp;&nbsp;&nbsp;&nbsp;&nbsp;&nbsp;&nbsp;&nbsp;&nbsp;&nbsp;&nbsp;&nbsp;&nbsp;&nbsp;&nbsp;&nbsp;&nbsp;&nbsp;&nbsp; d\u00f6d\n1810<\/p>\n\n\n\n<p>h. Elin Trulsdotter&nbsp; f. 30\/8 1749&nbsp;&nbsp;&nbsp;&nbsp;&nbsp;&nbsp;&nbsp;&nbsp;&nbsp;&nbsp;&nbsp;&nbsp;&nbsp;&nbsp;&nbsp;&nbsp;&nbsp;&nbsp; d\u00f6d\n1811<\/p>\n\n\n\n<p>s. Truls Nilsson f. 1793 &nbsp;&nbsp;&nbsp;&nbsp;&nbsp;&nbsp;&nbsp;&nbsp;&nbsp;&nbsp;&nbsp;&nbsp;&nbsp;&nbsp;&nbsp;&nbsp;&nbsp;&nbsp;&nbsp;&nbsp;&nbsp;&nbsp;&nbsp;&nbsp;&nbsp;&nbsp;&nbsp;&nbsp;&nbsp;&nbsp; flyttar ut 1811<\/p>\n\n\n\n<p>1812 \u2013 1825: Nu kallat Gyllenlund<\/p>\n\n\n\n<p>M\u00e5ns Jonsson&nbsp; f. 13\/9&nbsp;\n1772<\/p>\n\n\n\n<p>h. Hanna Nilsdotter&nbsp; f. 4\/10&nbsp;\n1773&nbsp;&nbsp;&nbsp;&nbsp;&nbsp;&nbsp;&nbsp;&nbsp;&nbsp;&nbsp;&nbsp;&nbsp;&nbsp;&nbsp;&nbsp; d\u00f6d 1821<\/p>\n\n\n\n<p>d. Anna M\u00e5nsdotter&nbsp; f. 21\/6&nbsp;\n1806<\/p>\n\n\n\n<p>1826 \u2013 1829:&nbsp; Helena Nilsdotter&nbsp; f. 29\/5&nbsp;\n1818<\/p>\n\n\n\n<p>1828 inhyse enkan Bengta Jonsdotter&nbsp; f. 10\/10&nbsp;\n1790&nbsp; &nbsp;&nbsp; d\u00f6d 1836<\/p>\n\n\n\n<p>1829 dr. Jon Andersson f. 17\/5 1806,\nflyttar ut 1833<\/p>\n\n\n\n<p>R\u00e4va \u2013 Bengtan och fadern R\u00e4va \u2013 Trued var\nsenare personer som inte hade n\u00e5gon koppling till detta torp. De hade f\u00e5tt namn\nefter Trueds far som kom fr\u00e5n R\u00e4fvatorpet i \u00d6rkened och flyttade till Hallseryd\n1836.<\/p>\n\n\n\n<p>GPS: N56.459121 E13.885371<\/p>\n\n\n\n<p>K\u00e4lla: Kyrkoarkiv, AI\/3 s.18, 144, 488,\nAI\/4 s. 18, 140, 300, 464, AI\/5 s.20AI\/6 s. 34, AI\/7 s. 18, AI\/8 s. 20, AI\/9 s.\n26, AI\/10 s. 28, AI\/11 s. 31, <\/p>\n\n\n\n<p>AI\/12 s.32 &nbsp;<\/p>\n","protected":false},"excerpt":{"rendered":"<p>Under Ulvberga 1:5, Bebott: 1758 \u2013 1836&nbsp; R\u00e4fvatorpet omn\u00e4mns och finns utsatt p\u00e5 kartan fr\u00e5n storskiftet 1799 I forts\u00e4ttningen f\u00f6rekommer namnet inte p\u00e5 n\u00e5gra kartor eller i n\u00e5gra handlingar. Det var inte ovanligt att man f\u00f6rr hade egna lokala namn &hellip; <a href=\"https:\/\/hallaryd.se\/?page_id=1900\">Continue reading <span class=\"meta-nav\">&rarr;<\/span><\/a><\/p>\n","protected":false},"author":12,"featured_media":0,"parent":0,"menu_order":0,"comment_status":"closed","ping_status":"closed","template":"","meta":{"footnotes":""},"class_list":["post-1900","page","type-page","status-publish","hentry"],"_links":{"self":[{"href":"https:\/\/hallaryd.se\/index.php?rest_route=\/wp\/v2\/pages\/1900","targetHints":{"allow":["GET"]}}],"collection":[{"href":"https:\/\/hallaryd.se\/index.php?rest_route=\/wp\/v2\/pages"}],"about":[{"href":"https:\/\/hallaryd.se\/index.php?rest_route=\/wp\/v2\/types\/page"}],"author":[{"embeddable":true,"href":"https:\/\/hallaryd.se\/index.php?rest_route=\/wp\/v2\/users\/12"}],"replies":[{"embeddable":true,"href":"https:\/\/hallaryd.se\/index.php?rest_route=%2Fwp%2Fv2%2Fcomments&post=1900"}],"version-history":[{"count":1,"href":"https:\/\/hallaryd.se\/index.php?rest_route=\/wp\/v2\/pages\/1900\/revisions"}],"predecessor-version":[{"id":1901,"href":"https:\/\/hallaryd.se\/index.php?rest_route=\/wp\/v2\/pages\/1900\/revisions\/1901"}],"wp:attachment":[{"href":"https:\/\/hallaryd.se\/index.php?rest_route=%2Fwp%2Fv2%2Fmedia&parent=1900"}],"curies":[{"name":"wp","href":"https:\/\/api.w.org\/{rel}","templated":true}]}}