{"id":1898,"date":"2022-03-16T09:12:10","date_gmt":"2022-03-16T08:12:10","guid":{"rendered":"http:\/\/hallaryd.se\/?page_id=1898"},"modified":"2022-03-16T09:12:12","modified_gmt":"2022-03-16T08:12:12","slug":"rytterstorpet-dragontorpet-och-grenadjartorpet-nr-41","status":"publish","type":"page","link":"https:\/\/hallaryd.se\/?page_id=1898","title":{"rendered":"Rytterstorpet\/ Dragontorpet och Grenadj\u00e4rtorpet nr 41"},"content":{"rendered":"\n<p>Under Hallab\u00f6ke Mellang. Idag Ulvberga 1:6<\/p>\n\n\n\n<p>Torpet har fr\u00e5n b\u00f6rjan sorterat under <em>Sm\u00e5lands kavalleriregemente<\/em><\/p>\n\n\n\n<p><em>Sunnerbo kompani,&nbsp; 1:a korpralskapet<\/em><\/p>\n\n\n\n<p>N\u00e4r torpet uppf\u00f6rts \u00e4r ok\u00e4nt.<\/p>\n\n\n\n<p>Ur generalm\u00f6nstringsrullorna har f\u00f6ljande h\u00e4mtats:<\/p>\n\n\n\n<p>Antagen \u00e5r&nbsp;&nbsp;&nbsp;&nbsp;&nbsp;&nbsp; Namn<\/p>\n\n\n\n<p>1696&nbsp; &nbsp;&nbsp;&nbsp;&nbsp;&nbsp;&nbsp;&nbsp;&nbsp;&nbsp;&nbsp;&nbsp;&nbsp;&nbsp;&nbsp;&nbsp;&nbsp;&nbsp; Sven Andersson&nbsp;&nbsp;&nbsp;&nbsp;&nbsp;&nbsp;&nbsp;&nbsp;&nbsp;&nbsp; avsked 1697<\/p>\n\n\n\n<p>1697&nbsp; &nbsp;&nbsp;&nbsp;&nbsp;&nbsp;&nbsp;&nbsp;&nbsp;&nbsp;&nbsp;&nbsp;&nbsp;&nbsp;&nbsp;&nbsp;&nbsp;&nbsp; Per Persson<\/p>\n\n\n\n<p>1703&nbsp; &nbsp;&nbsp;&nbsp;&nbsp;&nbsp;&nbsp;&nbsp;&nbsp;&nbsp;&nbsp;&nbsp;&nbsp;&nbsp;&nbsp;&nbsp;&nbsp;&nbsp; Anders Jonsson&nbsp;&nbsp;&nbsp;&nbsp;&nbsp;&nbsp;&nbsp;&nbsp;&nbsp;&nbsp;&nbsp;&nbsp;&nbsp;&nbsp;&nbsp;&nbsp;&nbsp;&nbsp;&nbsp;&nbsp;&nbsp;&nbsp;&nbsp;&nbsp;&nbsp;&nbsp;&nbsp;&nbsp;&nbsp; <\/p>\n\n\n\n<p>1709&nbsp; &nbsp;&nbsp;&nbsp;&nbsp;&nbsp;&nbsp;&nbsp;&nbsp;&nbsp;&nbsp;&nbsp;&nbsp;&nbsp;&nbsp;&nbsp;&nbsp;&nbsp; Eric H\u00e5kansson&nbsp;&nbsp;&nbsp;&nbsp;&nbsp;&nbsp;&nbsp;&nbsp;&nbsp;&nbsp;&nbsp; avsked 1710<\/p>\n\n\n\n<p>1711&nbsp;  &nbsp;&nbsp;&nbsp;&nbsp;&nbsp;&nbsp;&nbsp;&nbsp;&nbsp;&nbsp;&nbsp;&nbsp;&nbsp;&nbsp;&nbsp;&nbsp; Per Hallenberg&nbsp;&nbsp;&nbsp;&nbsp;&nbsp;&nbsp;&nbsp;&nbsp;&nbsp;&nbsp;&nbsp;&nbsp; avsked 1732<\/p>\n\n\n\n<p>1734&nbsp; &nbsp;&nbsp;&nbsp;&nbsp;&nbsp;&nbsp;&nbsp;&nbsp;&nbsp;&nbsp;&nbsp;&nbsp;&nbsp;&nbsp;&nbsp;&nbsp;&nbsp; M\u00e5ns Hallenberg<\/p>\n\n\n\n<p>1744&nbsp; &nbsp;&nbsp;&nbsp;&nbsp;&nbsp;&nbsp;&nbsp;&nbsp;&nbsp;&nbsp;&nbsp;&nbsp;&nbsp;&nbsp;&nbsp;&nbsp;&nbsp; H\u00e5kan Hallenberg<\/p>\n\n\n\n<p>1749&nbsp; &nbsp;&nbsp;&nbsp;&nbsp;&nbsp;&nbsp;&nbsp;&nbsp;&nbsp;&nbsp;&nbsp;&nbsp;&nbsp;&nbsp;&nbsp;&nbsp;&nbsp; J\u00f6ns Hallenberg<\/p>\n\n\n\n<p>1751&nbsp; &nbsp;&nbsp;&nbsp;&nbsp;&nbsp;&nbsp;&nbsp;&nbsp;&nbsp;&nbsp;&nbsp;&nbsp;&nbsp;&nbsp;&nbsp;&nbsp;&nbsp; Sven Hallenberg &nbsp;&nbsp;&nbsp;&nbsp;&nbsp;&nbsp;&nbsp;&nbsp;&nbsp;&nbsp;&nbsp;&nbsp;&nbsp;&nbsp;&nbsp;&nbsp;&nbsp;&nbsp;&nbsp;&nbsp;&nbsp;&nbsp;&nbsp;&nbsp;&nbsp;&nbsp; d\u00f6d 1759<\/p>\n\n\n\n<p>1757&nbsp; &nbsp;&nbsp;&nbsp;&nbsp;&nbsp;&nbsp;&nbsp;&nbsp;&nbsp;&nbsp;&nbsp;&nbsp;&nbsp;&nbsp;&nbsp;&nbsp;&nbsp; Carl Magnus Billfelt<\/p>\n\n\n\n<p>1777&nbsp; &nbsp;&nbsp;&nbsp;&nbsp;&nbsp;&nbsp;&nbsp;&nbsp;&nbsp;&nbsp;&nbsp;&nbsp;&nbsp;&nbsp;&nbsp;&nbsp;&nbsp; Anders Hallenberg&nbsp;&nbsp;&nbsp;&nbsp;&nbsp;&nbsp;&nbsp;&nbsp;&nbsp;&nbsp;&nbsp;&nbsp;&nbsp;&nbsp;&nbsp;&nbsp;&nbsp;&nbsp;&nbsp;&nbsp;&nbsp;&nbsp;&nbsp;&nbsp; d\u00f6d 1801<\/p>\n\n\n\n<p><em>Nu Sunnerbo skvadron<\/em><\/p>\n\n\n\n<p>1804 &nbsp; &nbsp;&nbsp;&nbsp;&nbsp;&nbsp;&nbsp;&nbsp;&nbsp;&nbsp;&nbsp;&nbsp;&nbsp;&nbsp;&nbsp;&nbsp;&nbsp;&nbsp; Hans G\u00f6ransson Cezar&nbsp;&nbsp;&nbsp;&nbsp;&nbsp;&nbsp;&nbsp;&nbsp;&nbsp;&nbsp;&nbsp;&nbsp;&nbsp;&nbsp;&nbsp;&nbsp;&nbsp;&nbsp; <\/p>\n\n\n\n<p><em>Nu Sm\u00e5lands l\u00e4tta Dragonregemente,\nSunnerbo kompani<\/em><\/p>\n\n\n\n<p>1808&nbsp; &nbsp;&nbsp;&nbsp;&nbsp;&nbsp;&nbsp;&nbsp;&nbsp;&nbsp;&nbsp;&nbsp;&nbsp;&nbsp;&nbsp;&nbsp;&nbsp;&nbsp; Erik Hall&nbsp;&nbsp;&nbsp;&nbsp;&nbsp;&nbsp;&nbsp;&nbsp;&nbsp;&nbsp;&nbsp;&nbsp;&nbsp;&nbsp;&nbsp;&nbsp;&nbsp;&nbsp;&nbsp;&nbsp;&nbsp; avsked 1809<\/p>\n\n\n\n<p>1815&nbsp; &nbsp;&nbsp;&nbsp;&nbsp;&nbsp;&nbsp;&nbsp;&nbsp;&nbsp;&nbsp;&nbsp;&nbsp;&nbsp;&nbsp;&nbsp;&nbsp;&nbsp; Sune Brandt<\/p>\n\n\n\n<p>1824&nbsp; <em>Nu\nSm\u00e5lands Grenadj\u00e4rbataljon, Sunnerbo kompani<\/em> <\/p>\n\n\n\n<p>Sune Brandt f\u00e5r avsked 1844 och ers\u00e4tts med sonen<\/p>\n\n\n\n<p>1845&nbsp; &nbsp;&nbsp;&nbsp;&nbsp;&nbsp;&nbsp;&nbsp;&nbsp;&nbsp;&nbsp;&nbsp;&nbsp;&nbsp;&nbsp;&nbsp;&nbsp;&nbsp; Elias Sunesson Brandt&nbsp;&nbsp;&nbsp;&nbsp;&nbsp;&nbsp;&nbsp;&nbsp;&nbsp;&nbsp;&nbsp;&nbsp;&nbsp;&nbsp;&nbsp;&nbsp;&nbsp;&nbsp; Avsked 1862<\/p>\n\n\n\n<p>N\u00e5gon ny soldat tills\u00e4tts aldrig<\/p>\n\n\n\n<p>J\u00e4mf\u00f6r med utdrag ur husf\u00f6rh\u00f6rsl\u00e4ngder nedan. M\u00e5nga\ninhysepersoner<\/p>\n\n\n\n<p>bodde ocks\u00e5 hos soldaterna. Soldaterna kunde ibland vara\nutkallade i krig<\/p>\n\n\n\n<p>&nbsp;eller, (i m\u00e5nga\nfall) bodde de aldrig p\u00e5 sitt tilldelade torp.<\/p>\n\n\n\n<p>Om torpet varit bebott fr\u00e5n 1696 \u00e4r ovisst. Troligen\ninte.<\/p>\n\n\n\n<p>Boende p\u00e5 Torpet enligt Husf\u00f6rh\u00f6rsl\u00e4ngder<\/p>\n\n\n\n<p>1724 \u2013 1732<\/p>\n\n\n\n<p>Per Jonsson Hallenberg f. 1691 och hustrun Johanna<\/p>\n\n\n\n<p>D\u00e4refter av Anders J\u00f6nsson och hustrun Karin<\/p>\n\n\n\n<p>1751 \u2013 1759 <\/p>\n\n\n\n<p>J\u00f6ns Valentinsson Hallenberg, f. 30 \/11 1721<\/p>\n\n\n\n<p>h. Sissa M\u00e5nsdotter, f. 30\/1&nbsp; 1722<\/p>\n\n\n\n<p>1764 \u2013 1770 <\/p>\n\n\n\n<p>Bengt Germundsson&nbsp;\nf. 14\/9&nbsp; 1738<\/p>\n\n\n\n<p>h. Elin Persdotter&nbsp;\nf. 24\/2&nbsp; 1721&nbsp;&nbsp;&nbsp;&nbsp;&nbsp;&nbsp;&nbsp;&nbsp;&nbsp;&nbsp;&nbsp;&nbsp;&nbsp;&nbsp;&nbsp; inhyse Germund Bengtsson f. 1712<\/p>\n\n\n\n<p>1770 \u2013 1774 <\/p>\n\n\n\n<p>Bengt Jonsson f. 31\/7&nbsp;\n1731<\/p>\n\n\n\n<p>h. Kristin Jonsdotter&nbsp;\nf. 3\/11&nbsp; 1733&nbsp;&nbsp;&nbsp; dr. Lars Jonsson&nbsp; f. 1738<\/p>\n\n\n\n<p>1777 \u2013 1803 <\/p>\n\n\n\n<p>Ryttaren Anders Hallenberg&nbsp; f. 16\/2&nbsp;\n1751&nbsp;&nbsp;&nbsp;&nbsp;&nbsp;&nbsp;&nbsp;&nbsp;&nbsp;&nbsp;&nbsp;&nbsp;&nbsp;&nbsp;&nbsp;&nbsp; d. 1\/4&nbsp; 1801<\/p>\n\n\n\n<p>h. Hanna Catharina Andersdotter&nbsp; f. 10\/4&nbsp;\n1757<\/p>\n\n\n\n<p>s. Jacob f. 1785, J\u00f6ns f. 1790, Anders f. 1792, Jonas\nf. 1796<\/p>\n\n\n\n<p>i d\u00f6dboken st\u00e5r det om Anders 1801: <em>\u201dWar en ganska\nbeskedlig man\u201d<\/em><\/p>\n\n\n\n<p>Anm. Ganska betyder h\u00e4r \u201dhelt och h\u00e5llet\u201d&nbsp; (av tyskans ganz)<\/p>\n\n\n\n<p>1803 \u2013 1805&nbsp;\nRyttaren Hans G\u00f6ransson&nbsp; f. 1783<\/p>\n\n\n\n<p>1806 \u2013 1808&nbsp;\ntorparen M\u00e5ns Jonsson&nbsp; f.\n13\/4&nbsp; 1772<\/p>\n\n\n\n<p>h. Hanna&nbsp; f.\n11\/10&nbsp; 1773,&nbsp; d. Anna&nbsp;\nf. 21\/6&nbsp; 1806<\/p>\n\n\n\n<p>1808 \u2013 1812 &nbsp;<\/p>\n\n\n\n<p>Dragonen Erik Olsson Hall&nbsp; f.1782<\/p>\n\n\n\n<p>h. Svenborg Jonsdotter&nbsp;\nf. 1784<\/p>\n\n\n\n<p>1815 \u2013 1817 &nbsp;&nbsp;&nbsp;&nbsp;&nbsp;&nbsp;&nbsp; Nu\nkallat <strong>Dragontorpet nr. 41<\/strong><\/p>\n\n\n\n<p>Sune Sunesson Brandt&nbsp;\nf. 2176&nbsp; 1794<\/p>\n\n\n\n<p>h. Sara P\u00e5lsdotter&nbsp;\nf. 15\/8&nbsp; 1792<\/p>\n\n\n\n<p>1820 \u2013 1821<\/p>\n\n\n\n<p>Avskedade soldaten Per Nilsson Holk&nbsp; f. 1794<\/p>\n\n\n\n<p>h. Pernilla Danielsdotter&nbsp; f. 1782<\/p>\n\n\n\n<p>s. Jon f. 1810, Pernilla f. 1812, Lars f. 1817, Truls\nf. 1819, Nils f. 1823<\/p>\n\n\n\n<p>1823 \u2013 1826 <\/p>\n\n\n\n<p>Inhyse Per Torstensson Granat&nbsp; f. 9\/12&nbsp;\n1792<\/p>\n\n\n\n<p>h. Pernilla Andersdotter&nbsp; f. 1792<\/p>\n\n\n\n<p>d. Elin&nbsp; f.\n1820, Pernilla&nbsp; f. 1823<\/p>\n\n\n\n<p>1826<\/p>\n\n\n\n<p>Inhyse Sven Jonsson&nbsp;\nf. 27\/1&nbsp; 1779, d. 1827<\/p>\n\n\n\n<p>Pernilla Svensdotter&nbsp;\nf. 5\/5&nbsp; 1806 <\/p>\n\n\n\n<p>Inhyse enkemannen Anders Persson&nbsp; f. 1765, d. 1829<\/p>\n\n\n\n<p>1830<\/p>\n\n\n\n<p>Enkan Elin Jonsdotter&nbsp;\nf. 29\/7&nbsp; 1799<\/p>\n\n\n\n<p>d. Nilla&nbsp; f.\n19\/10&nbsp; 1819&nbsp; flyttar ut 1836<\/p>\n\n\n\n<p>s. Per Arvidsson&nbsp;\nf. 17\/6&nbsp; 1824&nbsp; <\/p>\n\n\n\n<p>1840<\/p>\n\n\n\n<p>Grenadj\u00e4ren vid Kongliga Sm\u00e5lands grenadj\u00e4rbataljon Sune\nBrandt<\/p>\n\n\n\n<p>ovan med hustru Sara P\u00e5lsdotter, nu med barnen<\/p>\n\n\n\n<p>s. Elias&nbsp; f.\n22\/11&nbsp; 1825, d. Bengta&nbsp; f. 11\/7&nbsp;\n1828<\/p>\n\n\n\n<p>enkan Elin och sonen Per ovan, kvar som inhyse<\/p>\n\n\n\n<p>1845 \u2013 1862&nbsp;&nbsp;&nbsp;&nbsp;&nbsp;&nbsp;&nbsp;&nbsp; \nNu kallat <strong>Grenadj\u00e4rtorpet<\/strong><\/p>\n\n\n\n<p>Sonen Elias Brandt \u00e4r nu ny dragon. \u00d6vriga kvar som\ninhyse till 1850<\/p>\n\n\n\n<p>1853 h. Sissa Svensdotter&nbsp; f. 23\/11&nbsp;\n1830 <\/p>\n\n\n\n<p>d. Pernilla f. 16\/2&nbsp;\n1854, s. Johan f. 7\/9&nbsp; 1855, d.\nCharlotta f. 21\/10&nbsp; 1857<\/p>\n\n\n\n<p>s. Nils f. 11\/9&nbsp;\n1859, s. Sven f. 13\/6&nbsp; 1861<\/p>\n\n\n\n<p>De blir de sista boende p\u00e5 torpet.&nbsp; Flyttar till G\u00f6teryd 1862<\/p>\n\n\n\n<p>Torpet utlokaliseras till Hallab\u00f6ke utj. mellan Stenshult\n\u2013 Kornberga utj. <\/p>\n\n\n\n<p>vid laga skifte 1862 &nbsp;Idag Hallab\u00f6ke Ng. Utj. 2:8 men n\u00e5got nytt\ntorp blev <\/p>\n\n\n\n<p>troligen aldrig uppf\u00f6rt. Tj\u00e4nsten som Dragon\/Grenadj\u00e4r\ndrogs in 1862.<\/p>\n\n\n\n<p>GPS:&nbsp;\nN56.459642&nbsp; E13.874519<\/p>\n\n\n\n<p>K\u00e4llor: Generalm\u00f6nstringsrullor&nbsp; 1692 \u2013 1862 <\/p>\n\n\n\n<p>Kyrkoarkiv&nbsp; AI\/1\ns.126,204, AI\/2 s.20, AI\/3 s.28,152,278,398,495<\/p>\n\n\n\n<p>AI\/4 s.26,150,318,474, AI\/5 s.34, AI\/6 s.56, AI\/7\ns.26, AI\/8 s.28, AI\/9 s.34<\/p>\n\n\n\n<p>AI\/10 s.45, AI\/11 s.48, AI\/12 s.47, AI\/13 s.60, AI\/14\ns.56, AI\/15 s.56 <\/p>\n\n\n\n<p>AI\/16 s.58, AI\/17 s.67<\/p>\n","protected":false},"excerpt":{"rendered":"<p>Under Hallab\u00f6ke Mellang. Idag Ulvberga 1:6 Torpet har fr\u00e5n b\u00f6rjan sorterat under Sm\u00e5lands kavalleriregemente Sunnerbo kompani,&nbsp; 1:a korpralskapet N\u00e4r torpet uppf\u00f6rts \u00e4r ok\u00e4nt. Ur generalm\u00f6nstringsrullorna har f\u00f6ljande h\u00e4mtats: Antagen \u00e5r&nbsp;&nbsp;&nbsp;&nbsp;&nbsp;&nbsp; Namn 1696&nbsp; &nbsp;&nbsp;&nbsp;&nbsp;&nbsp;&nbsp;&nbsp;&nbsp;&nbsp;&nbsp;&nbsp;&nbsp;&nbsp;&nbsp;&nbsp;&nbsp;&nbsp; Sven Andersson&nbsp;&nbsp;&nbsp;&nbsp;&nbsp;&nbsp;&nbsp;&nbsp;&nbsp;&nbsp; avsked 1697 1697&nbsp; &nbsp;&nbsp;&nbsp;&nbsp;&nbsp;&nbsp;&nbsp;&nbsp;&nbsp;&nbsp;&nbsp;&nbsp;&nbsp;&nbsp;&nbsp;&nbsp;&nbsp; Per &hellip; <a href=\"https:\/\/hallaryd.se\/?page_id=1898\">Continue reading <span class=\"meta-nav\">&rarr;<\/span><\/a><\/p>\n","protected":false},"author":12,"featured_media":0,"parent":0,"menu_order":0,"comment_status":"closed","ping_status":"closed","template":"","meta":{"footnotes":""},"class_list":["post-1898","page","type-page","status-publish","hentry"],"_links":{"self":[{"href":"https:\/\/hallaryd.se\/index.php?rest_route=\/wp\/v2\/pages\/1898","targetHints":{"allow":["GET"]}}],"collection":[{"href":"https:\/\/hallaryd.se\/index.php?rest_route=\/wp\/v2\/pages"}],"about":[{"href":"https:\/\/hallaryd.se\/index.php?rest_route=\/wp\/v2\/types\/page"}],"author":[{"embeddable":true,"href":"https:\/\/hallaryd.se\/index.php?rest_route=\/wp\/v2\/users\/12"}],"replies":[{"embeddable":true,"href":"https:\/\/hallaryd.se\/index.php?rest_route=%2Fwp%2Fv2%2Fcomments&post=1898"}],"version-history":[{"count":1,"href":"https:\/\/hallaryd.se\/index.php?rest_route=\/wp\/v2\/pages\/1898\/revisions"}],"predecessor-version":[{"id":1899,"href":"https:\/\/hallaryd.se\/index.php?rest_route=\/wp\/v2\/pages\/1898\/revisions\/1899"}],"wp:attachment":[{"href":"https:\/\/hallaryd.se\/index.php?rest_route=%2Fwp%2Fv2%2Fmedia&parent=1898"}],"curies":[{"name":"wp","href":"https:\/\/api.w.org\/{rel}","templated":true}]}}