{"id":1896,"date":"2022-03-16T09:07:59","date_gmt":"2022-03-16T08:07:59","guid":{"rendered":"http:\/\/hallaryd.se\/?page_id=1896"},"modified":"2022-03-16T09:08:04","modified_gmt":"2022-03-16T08:08:04","slug":"hallentorp-ulvberga","status":"publish","type":"page","link":"https:\/\/hallaryd.se\/?page_id=1896","title":{"rendered":"Hallentorp, Ulvberga"},"content":{"rendered":"\n<p>Ulvberga 1:7<\/p>\n\n\n\n<p>1800 \u2013 1807<\/p>\n\n\n\n<p>Avsk. soldaten Christen Eskilsson\nHall&nbsp; f. &nbsp;15\/6&nbsp; 1743,\nd. 2\/12&nbsp; 1807<\/p>\n\n\n\n<p>Han hade varit soldat f\u00f6r Hallab\u00f6ke Sg\nrote 32, \u00e5ren 1773 \u2013 1788<\/p>\n\n\n\n<p>1807 \u2013 1830<\/p>\n\n\n\n<p>Avsk. Soldaten&nbsp; Anders Jonasson Rask&nbsp; f. 1757, d. 6\/3&nbsp; 1830<\/p>\n\n\n\n<p>Han hade varit soldat f\u00f6r Hallseryd rote\n36, \u00e5ren 1784 \u2013 1807 <\/p>\n\n\n\n<p>h. Bengta Jonsdotter&nbsp; f. 10\/10&nbsp;\n1770<\/p>\n\n\n\n<p>1832 \u2013 1840<\/p>\n\n\n\n<p>Sven Andersson&nbsp; f. 19\/2&nbsp;\n1790, h. Nilla Nilsdotter&nbsp; f.\n20\/11&nbsp; 1789<\/p>\n\n\n\n<p>1844 \u2013 1858 <\/p>\n\n\n\n<p>Johannes Niclasson&nbsp; f. 20\/1&nbsp;\n1820, h. Fredrika Jonsdotter, f. 28\/12 1822<\/p>\n\n\n\n<p>1861 \u2013 1875<\/p>\n\n\n\n<p>Johan Svensson&nbsp; f. 24\/12&nbsp;\n1825, h. Anna Svensdotter&nbsp; f.\n7\/1&nbsp; 1831<\/p>\n\n\n\n<p>1881 \u2013 1883<\/p>\n\n\n\n<p>Pigan Bengta Jonsdotter&nbsp; f. 29\/8&nbsp;\n1834, d. 3\/7&nbsp; 1883<\/p>\n\n\n\n<p>1886 \u2013<\/p>\n\n\n\n<p>Gratialisten Petter Magnus Berg, f.\n19\/12&nbsp; 1838,&nbsp; d. 1\/6&nbsp;\n1903<\/p>\n\n\n\n<p>h. Martha Lisa Jonasdotter&nbsp; f. 17\/11&nbsp;\n1833,&nbsp; d. 22\/8&nbsp; 1915<\/p>\n\n\n\n<p>d. Mathilda f.1865, Johan August f. 1873,\nCarl Alfred Bergsten f.1877<\/p>\n\n\n\n<p>1906 \u2013 1917<\/p>\n\n\n\n<p>August Karlsson&nbsp; f.&nbsp;\n27\/11 1866, h. Mathilda Pettersson Berg&nbsp;\nf. 8\/4&nbsp; 1865<\/p>\n\n\n\n<p>(ovan) en av deras s\u00f6ner blev Johan Karlsson&nbsp; f. 9\/4&nbsp;\n1902 och blivande fader<\/p>\n\n\n\n<p>till bl.a Sten &nbsp;Carlsson f\u00f6dd i Hallab\u00f6ke.<\/p>\n\n\n\n<p>1918 \u2013 1933 \u00a0Nils Jonsson\u00a0 f. 6\/1\u00a0 1856, d. 21\/9\u00a0 1924<\/p>\n\n\n\n<p>h. Johanna Kristina Jonasson\u00a0 f. 26\/12\u00a0 1856,\u00a0 \u00a0d. 7\/4\u00a0\u00a0 1934 <\/p>\n\n\n\n<p>1937 \u2013 1940<\/p>\n\n\n\n<p>Per Svensson Holmberg&nbsp; f. 24\/6&nbsp;\n1860<\/p>\n\n\n\n<p>1939 \u2013<\/p>\n\n\n\n<p>Edvin Kronstrand&nbsp; f. 7\/5&nbsp;\n1894,&nbsp; flyttade ut 1943<\/p>\n\n\n\n<p>Arvid Kronstrand&nbsp; f. 19\/10&nbsp;\n1899<\/p>\n\n\n\n<p>1940 inflyttade hush\u00e5llerskan Gulli Evelina Ingegerd Nilsson\u00a0 f. 1\/9 1922, <\/p>\n\n\n\n<p>Hon flyttade ut 1946<\/p>\n\n\n\n<p>En senare \u00e4gare var Lennart Jonasson&nbsp; <\/p>\n\n\n\n<p>GPS: N56.455706 E13.874193<\/p>\n\n\n\n<p>K\u00e4lla: Kyrkoarkiv&nbsp; AI\/4 s.464, AI\/5 s.22, AI\/6 s.36, AI\/7 s.18,\nAI\/8 s.20<\/p>\n\n\n\n<p>AI\/9 s.26, AI\/10 s.28, AI\/11 s.32, AI\/12\ns.32, AI\/13 s.42, AI\/14 s.38<\/p>\n\n\n\n<p>AI\/15 s.36, AI\/16 s.40, AI\/17 s.46, AI\/18\ns.37, AI\/19 s.37, AI\/20 s.41<\/p>\n\n\n\n<p>AI\/21 s.38, AII\/1 s.336, AII\/2 s.335,\nAII\/3 s.345, AII\/4 s.344<\/p>\n","protected":false},"excerpt":{"rendered":"<p>Ulvberga 1:7 1800 \u2013 1807 Avsk. soldaten Christen Eskilsson Hall&nbsp; f. &nbsp;15\/6&nbsp; 1743, d. 2\/12&nbsp; 1807 Han hade varit soldat f\u00f6r Hallab\u00f6ke Sg rote 32, \u00e5ren 1773 \u2013 1788 1807 \u2013 1830 Avsk. Soldaten&nbsp; Anders Jonasson Rask&nbsp; f. 1757, d. &hellip; <a href=\"https:\/\/hallaryd.se\/?page_id=1896\">Continue reading <span class=\"meta-nav\">&rarr;<\/span><\/a><\/p>\n","protected":false},"author":12,"featured_media":0,"parent":0,"menu_order":0,"comment_status":"closed","ping_status":"closed","template":"","meta":{"footnotes":""},"class_list":["post-1896","page","type-page","status-publish","hentry"],"_links":{"self":[{"href":"https:\/\/hallaryd.se\/index.php?rest_route=\/wp\/v2\/pages\/1896","targetHints":{"allow":["GET"]}}],"collection":[{"href":"https:\/\/hallaryd.se\/index.php?rest_route=\/wp\/v2\/pages"}],"about":[{"href":"https:\/\/hallaryd.se\/index.php?rest_route=\/wp\/v2\/types\/page"}],"author":[{"embeddable":true,"href":"https:\/\/hallaryd.se\/index.php?rest_route=\/wp\/v2\/users\/12"}],"replies":[{"embeddable":true,"href":"https:\/\/hallaryd.se\/index.php?rest_route=%2Fwp%2Fv2%2Fcomments&post=1896"}],"version-history":[{"count":1,"href":"https:\/\/hallaryd.se\/index.php?rest_route=\/wp\/v2\/pages\/1896\/revisions"}],"predecessor-version":[{"id":1897,"href":"https:\/\/hallaryd.se\/index.php?rest_route=\/wp\/v2\/pages\/1896\/revisions\/1897"}],"wp:attachment":[{"href":"https:\/\/hallaryd.se\/index.php?rest_route=%2Fwp%2Fv2%2Fmedia&parent=1896"}],"curies":[{"name":"wp","href":"https:\/\/api.w.org\/{rel}","templated":true}]}}