{"id":1888,"date":"2022-03-16T08:52:40","date_gmt":"2022-03-16T07:52:40","guid":{"rendered":"http:\/\/hallaryd.se\/?page_id=1888"},"modified":"2022-03-16T08:52:42","modified_gmt":"2022-03-16T07:52:42","slug":"lille-bengts-sannesholma","status":"publish","type":"page","link":"https:\/\/hallaryd.se\/?page_id=1888","title":{"rendered":"Lille-Bengts\/S\u00e4nnesholma"},"content":{"rendered":"\n<p>Under: S\u00e4nnesholma 1:10 (i\nnorra \u00e4ndan av Breda myr)<\/p>\n\n\n\n<p>Det \u00e4r os\u00e4kert vilka som verkligen bott\nh\u00e4r och mellan vilka \u00e5r.<\/p>\n\n\n\n<p>Men \u00e4nkl. Per Arvidsson f. 17\/6 1824 kan\nha bott h\u00e4r, och \u00e4ven hans son, <\/p>\n\n\n\n<p>Nils Persson f. 8\/9 1859&nbsp;&nbsp; som flyttade ut 1885<\/p>\n\n\n\n<p>Fr\u00e5n 1887 \u00e4gs stugan av Bengt Bengtsson i Ulvberga, f. 19\/10 1838, <\/p>\n\n\n\n<p>d. 7\/11 1927.&nbsp; Han bodde aldrig h\u00e4r.<\/p>\n\n\n\n<p>Men Wiktor Olofsson Ekdahl, f\u00f6dd 9\/7 1881\nska ha tillbringat sin barndom h\u00e4r<\/p>\n\n\n\n<p>enligt vad han ber\u00e4ttar om i Thore Brog\u00e5rds bok \u201dSm\u00e5l\u00e4nningar, G\u00f6ingar och Hall\u00e4nningar\u201d fr\u00e5n 1963.<\/p>\n\n\n\n<p>Familjen flyttade troligen hit 1887 fr\u00e5n\ntorpet M\u00f6lleberg och bestod d\u00e5 av:<\/p>\n\n\n\n<p>Olof Svensson f. 1\/12&nbsp; 1851<\/p>\n\n\n\n<p>h. Kristina Haraldsdotter f. 4\/3 1840<\/p>\n\n\n\n<p>s. Janne f. 1875<\/p>\n\n\n\n<p>d. Olivia f. 1878<\/p>\n\n\n\n<p>s. Viktor f. 1881 (senare Ekdahl)<\/p>\n\n\n\n<p>s. Valfrid f. 1882 (senare Hallqvist)<\/p>\n\n\n\n<p>Troligen bodde de h\u00e4r 1887 \u2013 1898 varefter\nfamiljen flyttade till Skogskojan<\/p>\n\n\n\n<p>ca 1 km s\u00f6derut vid M\u00f6lleberg&nbsp; (\u00c5rtalen \u00e4r os\u00e4kra)<\/p>\n\n\n\n<p>Idag g\u00e5r en skogsbilv\u00e4g\n\u00f6ver myren och slutar med en v\u00e4ndplats d\u00e4r stugan en g\u00e5ng l\u00e5g, strax v\u00e4ster d\u00e4rom.\nInga synliga rester finns kvar men platsen f\u00f6r torpet har bekr\u00e4ftats av\ntidigare mark\u00e4gare. <\/p>\n\n\n\n<p>GPS: N56.461354&nbsp; E13.830221<\/p>\n","protected":false},"excerpt":{"rendered":"<p>Under: S\u00e4nnesholma 1:10 (i norra \u00e4ndan av Breda myr) Det \u00e4r os\u00e4kert vilka som verkligen bott h\u00e4r och mellan vilka \u00e5r. Men \u00e4nkl. Per Arvidsson f. 17\/6 1824 kan ha bott h\u00e4r, och \u00e4ven hans son, Nils Persson f. 8\/9 &hellip; <a href=\"https:\/\/hallaryd.se\/?page_id=1888\">Continue reading <span class=\"meta-nav\">&rarr;<\/span><\/a><\/p>\n","protected":false},"author":12,"featured_media":0,"parent":0,"menu_order":0,"comment_status":"closed","ping_status":"closed","template":"","meta":{"footnotes":""},"class_list":["post-1888","page","type-page","status-publish","hentry"],"_links":{"self":[{"href":"https:\/\/hallaryd.se\/index.php?rest_route=\/wp\/v2\/pages\/1888","targetHints":{"allow":["GET"]}}],"collection":[{"href":"https:\/\/hallaryd.se\/index.php?rest_route=\/wp\/v2\/pages"}],"about":[{"href":"https:\/\/hallaryd.se\/index.php?rest_route=\/wp\/v2\/types\/page"}],"author":[{"embeddable":true,"href":"https:\/\/hallaryd.se\/index.php?rest_route=\/wp\/v2\/users\/12"}],"replies":[{"embeddable":true,"href":"https:\/\/hallaryd.se\/index.php?rest_route=%2Fwp%2Fv2%2Fcomments&post=1888"}],"version-history":[{"count":1,"href":"https:\/\/hallaryd.se\/index.php?rest_route=\/wp\/v2\/pages\/1888\/revisions"}],"predecessor-version":[{"id":1889,"href":"https:\/\/hallaryd.se\/index.php?rest_route=\/wp\/v2\/pages\/1888\/revisions\/1889"}],"wp:attachment":[{"href":"https:\/\/hallaryd.se\/index.php?rest_route=%2Fwp%2Fv2%2Fmedia&parent=1888"}],"curies":[{"name":"wp","href":"https:\/\/api.w.org\/{rel}","templated":true}]}}