{"id":1886,"date":"2022-03-16T08:49:05","date_gmt":"2022-03-16T07:49:05","guid":{"rendered":"http:\/\/hallaryd.se\/?page_id=1886"},"modified":"2022-03-16T08:49:07","modified_gmt":"2022-03-16T07:49:07","slug":"snyggarp-stenshult","status":"publish","type":"page","link":"https:\/\/hallaryd.se\/?page_id=1886","title":{"rendered":"Snyggarp\/Stenshult"},"content":{"rendered":"\n<p>Stenshult 1:25<\/p>\n\n\n\n<p>Torp 1813 \u2013 1883<\/p>\n\n\n\n<p>1813 \u2013 1814<\/p>\n\n\n\n<p>Pehr Pehrsson &nbsp;&nbsp;f. 12\/2 1778, fr\u00e5n Markaryd och \u00e5ter,<\/p>\n\n\n\n<p>h. Anna&nbsp;\nf.&nbsp; 1780<\/p>\n\n\n\n<p>s. Johannes f.1800, d. Stina f. 1803, d.\nSara f. 1806, s. Sven f. 1008<\/p>\n\n\n\n<p>s. Magnus f. 1811, s. Anders f. 1814<\/p>\n\n\n\n<p>1818 \u2013 1820<\/p>\n\n\n\n<p>Avskedade soldaten Lars Olofsson Smitt&nbsp; f. 19\/8&nbsp;\n1766<\/p>\n\n\n\n<p>Han hade varit soldat f\u00f6r Sk\u00e5paryd rote\n47, 1792 \u2013 1809 <\/p>\n\n\n\n<p>d. Bengta f. 25\/1&nbsp; 1797 och&nbsp;\nenkan Pernilla Andersdotter f. 20\/9 &nbsp;1760<\/p>\n\n\n\n<p>1827 \u2013 1833&nbsp;&nbsp;&nbsp;&nbsp;&nbsp;&nbsp;&nbsp;&nbsp;&nbsp; \u00e5terkommer 1842, se nedan<\/p>\n\n\n\n<p>Sven Svensson &nbsp;&nbsp;&nbsp;f. 14\/11&nbsp;\n1798<\/p>\n\n\n\n<p>h. Helena M\u00e5nsdotter&nbsp; f. 11\/11&nbsp;\n1798<\/p>\n\n\n\n<p>Inhyse avsked. soldaten Jon Nilsson Vik f.\n4\/12 1791<\/p>\n\n\n\n<p>soldat f\u00f6r V\u00e4gla rote 35. 1818 \u2013 1830&nbsp; <\/p>\n\n\n\n<p>h. Elin Nilsdotter f. 12\/3 1797, s. Nils\nf. 27\/5 1822, Elias f. 26\/3 1829<\/p>\n\n\n\n<p>1833 \u2013 1838 <\/p>\n\n\n\n<p>Johannes Persson, f. 26\/1&nbsp; 1797<\/p>\n\n\n\n<p>h. Sissa Svensdotter, f. 2\/2&nbsp; 1801<\/p>\n\n\n\n<p>d. Pernilla f. 23\/5&nbsp; 1821, s. Sven f. 20\/8&nbsp; 1827, d. Johanna f. 25\/10&nbsp; 1830<\/p>\n\n\n\n<p>d. Elin f. 12\/12&nbsp; 1833<\/p>\n\n\n\n<p>1839 \u2013 1841<\/p>\n\n\n\n<p>Johannes Petersson&nbsp; f. 20\/5&nbsp;\n1803<\/p>\n\n\n\n<p>h. Malena Trulsdotter&nbsp; f. 23\/7&nbsp;\n1802, barn:<\/p>\n\n\n\n<p>Anders f.1828, John f. 1829, Pernilla f.\n1831, Bengta f. 1834, Sven f.1841<\/p>\n\n\n\n<p>Anders Svensson nedan dr\u00e4ng 1840 &#8211; 1842<\/p>\n\n\n\n<p>\u00a01842 \u2013 1843<\/p>\n\n\n\n<p>Anders Svensson&nbsp; f. 24\/3&nbsp;\n1816, d. 31\/12&nbsp; 1869&nbsp; <\/p>\n\n\n\n<p>h. Christina&nbsp; Christensdotter&nbsp; f. 13\/5&nbsp;\n1822<\/p>\n\n\n\n<p>d. Stafva f. 20\/11&nbsp; 1842<\/p>\n\n\n\n<p>1843 \u2013 1845&nbsp; Mathias Svensson&nbsp; f. 23\/10&nbsp;\n1818<\/p>\n\n\n\n<p>1847 \u00e4r Anders och Christina ovan tillbaka\nmed dottern Stafva<\/p>\n\n\n\n<p>De f\u00e5r nu barnen, Nils f. 13\/5&nbsp; 1848, d\u00f6d 1870, Sven f. 20\/10&nbsp; 1854<\/p>\n\n\n\n<p>Carl f. 7\/6&nbsp; 1858, Pehr f. 3\/11&nbsp; 1861<\/p>\n\n\n\n<p>Inhyse fr\u00e5n 1842 \u00e4r ocks\u00e5 Sven Svensson\nmed hustru Helena och<\/p>\n\n\n\n<p>sonen Sven ovan.<\/p>\n\n\n\n<p>Sven Svensson var tydligen en d\u00e5lig\nperson. <\/p>\n\n\n\n<p>N\u00e5gra noteringar av pr\u00e4sten:<\/p>\n\n\n\n<p><em>Enligt Kongl. G\u00f6tha Hofr\u00e4tts utslag\nundgick Sven Svensson uppenbar kyrkoplikt d. 30 juli 1837 f\u00f6r det att han\nslagit och misshandlat sin moder sedan han f\u00f6rut underg\u00e5tt straff med 28 dagars\nf\u00e4ngelse vid vatten och br\u00f6d i V\u00e4xj\u00f6.<\/em><\/p>\n\n\n\n<p><em>\u00c5r 1838 har han i Sk\u00e5ne underg\u00e5tt uppenbar\nkyrkoplikt f\u00f6r st\u00f6ld ute p\u00e5 marken. H\u00e4r f\u00f6der en uppenbart ogudaktig lymmel,\nsl\u00e5s, super och sv\u00e4r, samt har flera g\u00e5nger slagit och misshandlat och ofredat sina\ngrannar osv.<\/em><\/p>\n\n\n\n<p>Hustrun fick nog, 1848 hade hon f\u00e5tt ut\nskilsm\u00e4ssa.<\/p>\n\n\n\n<p>Sven var kvar som inhyse till 1861<\/p>\n\n\n\n<p>Anders Svensson d\u00f6r 31\/12&nbsp; 1869<\/p>\n\n\n\n<p>1876 \u00e4r enkan Christina med sonen Carl,\nensamma kvar.<\/p>\n\n\n\n<p>1883 flyttar Christina till K\u00e4xborg, &nbsp;Carl flyttade till Malm\u00f6 1882<\/p>\n\n\n\n<p>Ett nytt fritidshus \u00e4r idag uppf\u00f6rt p\u00e5 det\ngamla torpets plats<\/p>\n\n\n\n<p>GPS: ca N56.44871 E13.73943<\/p>\n\n\n\n<p>K\u00e4lla: Kyrkoarkiv AI\/7 s.41, AI\/8 s.42,\nAI\/9 s.50, AI\/10 s.73, AI\/11 s.78<\/p>\n\n\n\n<p>AI\/12 s.75, AI\/13 s.94,95, AI\/14 s.89,\nAI\/15 s.95, AI\/16 s.101, AI\/17 s.101<\/p>\n\n\n\n<p>AI\/18 s.80, AI\/19 s.80, AI\/20 s.83<\/p>\n","protected":false},"excerpt":{"rendered":"<p>Stenshult 1:25 Torp 1813 \u2013 1883 1813 \u2013 1814 Pehr Pehrsson &nbsp;&nbsp;f. 12\/2 1778, fr\u00e5n Markaryd och \u00e5ter, h. Anna&nbsp; f.&nbsp; 1780 s. Johannes f.1800, d. Stina f. 1803, d. Sara f. 1806, s. Sven f. 1008 s. Magnus f. &hellip; <a href=\"https:\/\/hallaryd.se\/?page_id=1886\">Continue reading <span class=\"meta-nav\">&rarr;<\/span><\/a><\/p>\n","protected":false},"author":12,"featured_media":0,"parent":0,"menu_order":0,"comment_status":"closed","ping_status":"closed","template":"","meta":{"footnotes":""},"class_list":["post-1886","page","type-page","status-publish","hentry"],"_links":{"self":[{"href":"https:\/\/hallaryd.se\/index.php?rest_route=\/wp\/v2\/pages\/1886","targetHints":{"allow":["GET"]}}],"collection":[{"href":"https:\/\/hallaryd.se\/index.php?rest_route=\/wp\/v2\/pages"}],"about":[{"href":"https:\/\/hallaryd.se\/index.php?rest_route=\/wp\/v2\/types\/page"}],"author":[{"embeddable":true,"href":"https:\/\/hallaryd.se\/index.php?rest_route=\/wp\/v2\/users\/12"}],"replies":[{"embeddable":true,"href":"https:\/\/hallaryd.se\/index.php?rest_route=%2Fwp%2Fv2%2Fcomments&post=1886"}],"version-history":[{"count":1,"href":"https:\/\/hallaryd.se\/index.php?rest_route=\/wp\/v2\/pages\/1886\/revisions"}],"predecessor-version":[{"id":1887,"href":"https:\/\/hallaryd.se\/index.php?rest_route=\/wp\/v2\/pages\/1886\/revisions\/1887"}],"wp:attachment":[{"href":"https:\/\/hallaryd.se\/index.php?rest_route=%2Fwp%2Fv2%2Fmedia&parent=1886"}],"curies":[{"name":"wp","href":"https:\/\/api.w.org\/{rel}","templated":true}]}}