{"id":1878,"date":"2022-03-16T08:37:49","date_gmt":"2022-03-16T07:37:49","guid":{"rendered":"http:\/\/hallaryd.se\/?page_id=1878"},"modified":"2022-03-16T08:37:50","modified_gmt":"2022-03-16T07:37:50","slug":"skogsboda-skaparyd","status":"publish","type":"page","link":"https:\/\/hallaryd.se\/?page_id=1878","title":{"rendered":"Skogsboda\/Sk\u00e5paryd"},"content":{"rendered":"\n<p>Under Sk\u00e5paryd Sg, idag Sk\u00e5paryd 1:11<\/p>\n\n\n\n<p>Bebott:1886-1922<\/p>\n\n\n\n<p>1886-1896:<\/p>\n\n\n\n<p>Nils Peter J\u00f6nsson f.\n18\/12 1862 i Loshult, gift 1895, h. Ingrid Bj\u00f6rnsdotter f. 13\/8 1865 i G\u00f6teryd,\nBarn: Karl Wilhelm f. 8\/9 1895 i Hallaryd<\/p>\n\n\n\n<p>Fam flyttar 1896 till Anderstorp,\nSk\u00e5paryd Ng<\/p>\n\n\n\n<p>1896-1898:<\/p>\n\n\n\n<p>Johan Andreasson Strand\n(f.d. soldat) f. 25\/9 1870, h. Ingrid Andersdotter f. 20\/5 1856 i Visseltofta<\/p>\n\n\n\n<p>Barn: hennes Anna Matilda\nf. 1891, och Johan Svensson f. 1881, deras<\/p>\n\n\n\n<p>Emelie Wilhelmina f.\n1893, Carl Oskar Gottfrid f. 1896<\/p>\n\n\n\n<p>Fam kom 1896 fr\u00e5n Str\u00f6msborg,\nTorsholma Vg. Och flyttade 1898 till Kristinelund, \u00d6rnaholma.<\/p>\n\n\n\n<p>1898-1905: <\/p>\n\n\n\n<p>Anna Brosdotter f. 7\/9 1864 i Hallaryd, kom till Skogsboda 1898,<\/p>\n\n\n\n<p>Son Alfred Brorsson,\nJohannesson f. 6\/10 1896 i Hallaryd<\/p>\n\n\n\n<p>1906-1916:<\/p>\n\n\n\n<p>Anna Brosdotter &#8221;Brors-Anna&#8221; f. 1864 <\/p>\n\n\n\n<p>Son Alfred Brorsson,\nJohannesson f. 6\/10 1896 i Hallaryd, v\u00e4rnplikten 1916<\/p>\n\n\n\n<p>1917-1922:<\/p>\n\n\n\n<p>Anna Brosdotter f.  1864 i Hallaryd, d\u00f6d 27\/4 1922 i Skogsboda av vattensot.<\/p>\n\n\n\n<p>Alfred Brorsson,\nJohannesson f. 6\/10 1896, flyttar 1920 till Rydaholm, Sk\u00e5paryd<\/p>\n\n\n\n<p>GPS: N56.474314 E13.916853\n(utmed v\u00e4gen mellan Albertinas torp och Valdemars jaktstuga)<\/p>\n\n\n\n<p>K\u00e4lla: AI\/21, s 253; AII\/1, s 269, s 270; AII\/2, s 282; AII\/3, s 293;<\/p>\n","protected":false},"excerpt":{"rendered":"<p>Under Sk\u00e5paryd Sg, idag Sk\u00e5paryd 1:11 Bebott:1886-1922 1886-1896: Nils Peter J\u00f6nsson f. 18\/12 1862 i Loshult, gift 1895, h. Ingrid Bj\u00f6rnsdotter f. 13\/8 1865 i G\u00f6teryd, Barn: Karl Wilhelm f. 8\/9 1895 i Hallaryd Fam flyttar 1896 till Anderstorp, Sk\u00e5paryd &hellip; <a href=\"https:\/\/hallaryd.se\/?page_id=1878\">Continue reading <span class=\"meta-nav\">&rarr;<\/span><\/a><\/p>\n","protected":false},"author":12,"featured_media":0,"parent":0,"menu_order":0,"comment_status":"closed","ping_status":"closed","template":"","meta":{"footnotes":""},"class_list":["post-1878","page","type-page","status-publish","hentry"],"_links":{"self":[{"href":"https:\/\/hallaryd.se\/index.php?rest_route=\/wp\/v2\/pages\/1878","targetHints":{"allow":["GET"]}}],"collection":[{"href":"https:\/\/hallaryd.se\/index.php?rest_route=\/wp\/v2\/pages"}],"about":[{"href":"https:\/\/hallaryd.se\/index.php?rest_route=\/wp\/v2\/types\/page"}],"author":[{"embeddable":true,"href":"https:\/\/hallaryd.se\/index.php?rest_route=\/wp\/v2\/users\/12"}],"replies":[{"embeddable":true,"href":"https:\/\/hallaryd.se\/index.php?rest_route=%2Fwp%2Fv2%2Fcomments&post=1878"}],"version-history":[{"count":1,"href":"https:\/\/hallaryd.se\/index.php?rest_route=\/wp\/v2\/pages\/1878\/revisions"}],"predecessor-version":[{"id":1879,"href":"https:\/\/hallaryd.se\/index.php?rest_route=\/wp\/v2\/pages\/1878\/revisions\/1879"}],"wp:attachment":[{"href":"https:\/\/hallaryd.se\/index.php?rest_route=%2Fwp%2Fv2%2Fmedia&parent=1878"}],"curies":[{"name":"wp","href":"https:\/\/api.w.org\/{rel}","templated":true}]}}