{"id":1876,"date":"2022-03-16T08:33:55","date_gmt":"2022-03-16T07:33:55","guid":{"rendered":"http:\/\/hallaryd.se\/?page_id=1876"},"modified":"2022-03-16T08:33:57","modified_gmt":"2022-03-16T07:33:57","slug":"hogaslatt-skaparyd-utj","status":"publish","type":"page","link":"https:\/\/hallaryd.se\/?page_id=1876","title":{"rendered":"H\u00f6gasl\u00e4tt\/Sk\u00e5paryd utj."},"content":{"rendered":"\n<p>Under Sk\u00e5paryd Norreg. Utjord, 2:18<\/p>\n\n\n\n<p>Torp 1856- 1935 (idag sommarhus), &#8221;Brittatorpet&#8221; eller &#8221;Lindahls&#8221;<\/p>\n\n\n\n<p>1856-1857:<\/p>\n\n\n\n<p>Dr\u00e4ngen Sven Jonsson f.\n26\/1 1817<\/p>\n\n\n\n<p>1858-1860:<\/p>\n\n\n\n<p>Sold. Anders Bengtsson\nLejon, f. 2\/3 1819 i L\u00f6nsboda (soldat f\u00f6r Ramn\u00e4s, G\u00f6teryd 1855-1869), h.\nCatharina Rydstr\u00f6m f. 27\/5 1813.<\/p>\n\n\n\n<p>Barn: Botilda f. 30\/5\n1848, Eva f. 14\/5 1859<\/p>\n\n\n\n<p>1860-1866:<\/p>\n\n\n\n<p>f.d. Art. Pehr Persson\nNordqvist f. 19\/1 1819 i Qviinge (L), <\/p>\n\n\n\n<p>h. Bengta Bengtsdotter f.\n12\/12 1815 i \u00d6rkened, kom 1860 fr\u00e5n Nosaby<\/p>\n\n\n\n<p>1861-1877: <\/p>\n\n\n\n<p>J\u00f6ns Svensson f. 11\/12\n1829 i Qviinge, bevis till S. Stambanan 1862 och till Tyskland 1870, 1874 o\n1875 <\/p>\n\n\n\n<p>h. Bengta Nilsdotter f.\n3\/11 1832 i \u00d6rkened.<\/p>\n\n\n\n<p>Barn: Sven f. 9\/6 1861,\nAnna 31\/8 1863, Nils f. 13\/7 1869<\/p>\n\n\n\n<p>1877-1895:<\/p>\n\n\n\n<p>Britta Stina\nJohannisdotter f 1844 i G\u00f6teryd, 4 d\u00f6ttrar, Johanna f. 1868, gifter sig med\nJohan Kjellgren 1888(AI\/21,s 132), Bl\u00e4nda f. 1870, Anna Mathilda f 1872, flyttar\ntill G\u00f6teryd 1888, Ida f. 1874<\/p>\n\n\n\n<p>1888-1901:<\/p>\n\n\n\n<p>Inflyttar f.d. soldat\nPeter Olsson K\u00f6hl, f. 28\/5 1840 i Wirestad, d\u00f6d 14\/2 1900 i Chicago USA, h.\nIngrid Jonsdotter f. 20\/9 1824 i G\u00f6teryd, (blind af starr), d\u00f6d 28\/5 1901,\nBritta Stina och dottern Bl\u00e4nda \u00e4r kvar p\u00e5 torpet<\/p>\n\n\n\n<p>1902-1916:<\/p>\n\n\n\n<p>Britta Stina\nJohannesdotter, torpar\u00e4nka f 6\/10 1844 i G\u00f6teryd, d\u00f6d 1914,<\/p>\n\n\n\n<p>Dotter Bl\u00e4nda Persdotter\nf. 13\/8 1870 i Hallaryd, Bl\u00e4ndas dotter Frida Axelina f. 17\/10 1898 i Hallaryd,\nIda Persdotter f. 5\/7 1874, Idas dotter Magnhilda f. 26\/1 1906, Frida flyttar\ntill Tofteryd (F) 1915<\/p>\n\n\n\n<p>Ida Persdotter f\u00e5r en\no.\u00e4. son Karl Allan f. 1912 och gifter sig sedan med Axel Lindahl 1916 som \u00e4r\nfar till sonen (se nedan).<\/p>\n\n\n\n<p>1917-1935:<\/p>\n\n\n\n<p>f. dragon Axel Lindahl f\n12\/12 1871 i Emitsl\u00f6f (L), h. Ida Lindahl f. Persdotter f. 5\/7 1874 i Hallaryd\n(torpinnehavare), gifta 1\/12 1916<\/p>\n\n\n\n<p>Barn: Karl Allan f 1912,\nflyttar till Loshult 1935 som smed, <\/p>\n\n\n\n<p>Per Erik f. 11\/7 1917, <\/p>\n\n\n\n<p>Inneboende Johan Svensson\nf. 1860 i Hallaryd, flyttar in 1935 fr\u00e5n Rosendal under Linnefalla Ng utjord (Johans\nT\u00e4ppe). Johan avlider 1936.<\/p>\n\n\n\n<p>1936-1948: fastigheten\n2:18<\/p>\n\n\n\n<p>Axel Lindahl avlider\n1944, Ida Lindahl bor kvar, Karl Allan flyttar 1941 till Karlskrona, Per Erik\nLindahl (byggnadsarbetare) blir \u00e4gare till H\u00f6gasl\u00e4tt.<\/p>\n\n\n\n<p>Torpet kallas ocks\u00e5 f\u00f6r\n\u201dBrittatorpet\u201d eller \u201dLindahls\u201d. \u00c4gare 2020 Elvy Carlsson, Loshult.<\/p>\n\n\n\n<p>GPS: N56.526592 E14.035895<\/p>\n\n\n\n<p>K\u00e4lla: AI\/16, s 330; AI\/17, s 321b; AI\/18, s 280; AI\/19,s 278; AI\/20, s\n276; AI\/21, s 262; AII\/1, s280; AII\/2, 1906-, s 292; AII\/3, s 303; AII\/4, s\n303; <\/p>\n","protected":false},"excerpt":{"rendered":"<p>Under Sk\u00e5paryd Norreg. Utjord, 2:18 Torp 1856- 1935 (idag sommarhus), &#8221;Brittatorpet&#8221; eller &#8221;Lindahls&#8221; 1856-1857: Dr\u00e4ngen Sven Jonsson f. 26\/1 1817 1858-1860: Sold. Anders Bengtsson Lejon, f. 2\/3 1819 i L\u00f6nsboda (soldat f\u00f6r Ramn\u00e4s, G\u00f6teryd 1855-1869), h. Catharina Rydstr\u00f6m f. 27\/5 &hellip; <a href=\"https:\/\/hallaryd.se\/?page_id=1876\">Continue reading <span class=\"meta-nav\">&rarr;<\/span><\/a><\/p>\n","protected":false},"author":12,"featured_media":0,"parent":0,"menu_order":0,"comment_status":"closed","ping_status":"closed","template":"","meta":{"footnotes":""},"class_list":["post-1876","page","type-page","status-publish","hentry"],"_links":{"self":[{"href":"https:\/\/hallaryd.se\/index.php?rest_route=\/wp\/v2\/pages\/1876","targetHints":{"allow":["GET"]}}],"collection":[{"href":"https:\/\/hallaryd.se\/index.php?rest_route=\/wp\/v2\/pages"}],"about":[{"href":"https:\/\/hallaryd.se\/index.php?rest_route=\/wp\/v2\/types\/page"}],"author":[{"embeddable":true,"href":"https:\/\/hallaryd.se\/index.php?rest_route=\/wp\/v2\/users\/12"}],"replies":[{"embeddable":true,"href":"https:\/\/hallaryd.se\/index.php?rest_route=%2Fwp%2Fv2%2Fcomments&post=1876"}],"version-history":[{"count":1,"href":"https:\/\/hallaryd.se\/index.php?rest_route=\/wp\/v2\/pages\/1876\/revisions"}],"predecessor-version":[{"id":1877,"href":"https:\/\/hallaryd.se\/index.php?rest_route=\/wp\/v2\/pages\/1876\/revisions\/1877"}],"wp:attachment":[{"href":"https:\/\/hallaryd.se\/index.php?rest_route=%2Fwp%2Fv2%2Fmedia&parent=1876"}],"curies":[{"name":"wp","href":"https:\/\/api.w.org\/{rel}","templated":true}]}}