{"id":1874,"date":"2022-03-16T08:31:22","date_gmt":"2022-03-16T07:31:22","guid":{"rendered":"http:\/\/hallaryd.se\/?page_id=1874"},"modified":"2022-03-16T08:31:24","modified_gmt":"2022-03-16T07:31:24","slug":"soldattorp-rote-47-skaparyd","status":"publish","type":"page","link":"https:\/\/hallaryd.se\/?page_id=1874","title":{"rendered":"Soldattorp rote 47\/Sk\u00e5paryd"},"content":{"rendered":"\n<p>Under Sk\u00e5paryd Norreg Utjord, Djupadal 1:1 <\/p>\n\n\n\n<p>Tj\u00e4nste\u00e5r \u00a0\u00a0\u00a0\u00a0\u00a0\u00a0      \u00a0\u00a0\u00a0\u00a0\u00a0 Soldatens namn<\/p>\n\n\n\n<p>1688 \u2013 1697&nbsp;&nbsp;&nbsp;&nbsp;&nbsp;&nbsp;&nbsp;&nbsp;&nbsp;&nbsp;&nbsp;&nbsp;&nbsp;&nbsp;&nbsp;&nbsp; Per M\u00e5nsson<\/p>\n\n\n\n<p>1710 \u2013 &nbsp;&nbsp;&nbsp;&nbsp;&nbsp;&nbsp;&nbsp;&nbsp;&nbsp;&nbsp;&nbsp;&nbsp;&nbsp;&nbsp;&nbsp;&nbsp;&nbsp;&nbsp;&nbsp;&nbsp;&nbsp;&nbsp;&nbsp;&nbsp; Nils Jonsson (J\u00f6nsson)<\/p>\n\n\n\n<p>1713 \u2013 1716 &nbsp;&nbsp;&nbsp;&nbsp;&nbsp;&nbsp;&nbsp;&nbsp;&nbsp;&nbsp;&nbsp;&nbsp;&nbsp;&nbsp;&nbsp; Oluf R\u00f6nnberg<\/p>\n\n\n\n<p>1716 \u2013 1736 &nbsp;&nbsp;&nbsp;&nbsp;&nbsp;&nbsp;&nbsp;&nbsp;&nbsp;&nbsp;&nbsp;&nbsp;&nbsp;&nbsp;&nbsp; Anders Jonsson Gr\u00f6nberg&nbsp;&nbsp;&nbsp;&nbsp;&nbsp;&nbsp;&nbsp;&nbsp;&nbsp;&nbsp;&nbsp;&nbsp;&nbsp; f. 1697<\/p>\n\n\n\n<p>1740 \u2013 1747&nbsp;&nbsp;&nbsp;&nbsp;&nbsp;&nbsp;&nbsp;&nbsp;&nbsp;&nbsp;&nbsp;&nbsp;&nbsp;&nbsp;&nbsp;&nbsp; Sven M\u00e5nsson Halling&nbsp;&nbsp;&nbsp;&nbsp;&nbsp;&nbsp;&nbsp;&nbsp;&nbsp;&nbsp;&nbsp;&nbsp;&nbsp;&nbsp;&nbsp;&nbsp;&nbsp;&nbsp; f. 1712<\/p>\n\n\n\n<p>1748 \u2013 1759 &nbsp;&nbsp;&nbsp;&nbsp;&nbsp;&nbsp;&nbsp;&nbsp;&nbsp;&nbsp;&nbsp;&nbsp;&nbsp;&nbsp;&nbsp; M\u00e5ns Nilsson Rybom&nbsp;&nbsp;&nbsp;&nbsp;&nbsp;&nbsp;&nbsp;&nbsp;&nbsp;&nbsp;&nbsp;&nbsp;&nbsp;&nbsp;&nbsp;&nbsp;&nbsp;&nbsp;&nbsp; f. 1721<\/p>\n\n\n\n<p>&nbsp;&nbsp;&nbsp;&nbsp;&nbsp;&nbsp;&nbsp;&nbsp;&nbsp;&nbsp;&nbsp;&nbsp;&nbsp;&nbsp;&nbsp;&nbsp;&nbsp;&nbsp;&nbsp;&nbsp;&nbsp;&nbsp;&nbsp;&nbsp;&nbsp;&nbsp;&nbsp;&nbsp;&nbsp;&nbsp;&nbsp;&nbsp;&nbsp;&nbsp;&nbsp; <em>D\u00f6d i Pommern 1759<\/em><\/p>\n\n\n\n<p>1760 \u2013 1783&nbsp;&nbsp;&nbsp;&nbsp;&nbsp;&nbsp;&nbsp;&nbsp;&nbsp;&nbsp;&nbsp;&nbsp;&nbsp;&nbsp;&nbsp;&nbsp; Per Jonsson Ryberg&nbsp;&nbsp;&nbsp;&nbsp;&nbsp;&nbsp;&nbsp;&nbsp;&nbsp;&nbsp;&nbsp;&nbsp;&nbsp;&nbsp;&nbsp;&nbsp;&nbsp;&nbsp;&nbsp;&nbsp;&nbsp;&nbsp; f. 1739<\/p>\n\n\n\n<p>1788 \u2013 1790 &nbsp;&nbsp;&nbsp;&nbsp;&nbsp;&nbsp;&nbsp;&nbsp;&nbsp;&nbsp;&nbsp;&nbsp;&nbsp;&nbsp;&nbsp; Bernard Schele&nbsp;&nbsp;&nbsp;&nbsp;&nbsp;&nbsp;&nbsp;&nbsp;&nbsp;&nbsp;&nbsp;&nbsp;&nbsp;&nbsp;&nbsp;&nbsp;&nbsp;&nbsp;&nbsp;&nbsp;&nbsp;&nbsp;&nbsp;&nbsp;&nbsp;&nbsp;&nbsp;&nbsp;&nbsp;&nbsp; f. 1756<\/p>\n\n\n\n<p>1792 \u2013 1809 &nbsp;&nbsp;&nbsp;&nbsp;&nbsp;&nbsp;&nbsp;&nbsp;&nbsp;&nbsp;&nbsp;&nbsp;&nbsp;&nbsp;&nbsp; Lars Olofsson Smitt&nbsp;&nbsp;&nbsp;&nbsp;&nbsp;&nbsp;&nbsp;&nbsp;&nbsp;&nbsp;&nbsp;&nbsp;&nbsp;&nbsp;&nbsp;&nbsp;&nbsp;&nbsp;&nbsp;&nbsp;&nbsp;&nbsp; f. 1766<\/p>\n\n\n\n<p>1811 \u2013 1812 &nbsp;&nbsp;&nbsp;&nbsp;&nbsp;&nbsp;&nbsp;&nbsp;&nbsp;&nbsp;&nbsp;&nbsp;&nbsp;&nbsp;&nbsp; Jonas Persson Skytt&nbsp;&nbsp;&nbsp;&nbsp;&nbsp;&nbsp;&nbsp;&nbsp;&nbsp;&nbsp;&nbsp;&nbsp;&nbsp;&nbsp;&nbsp;&nbsp;&nbsp;&nbsp;&nbsp;&nbsp;&nbsp;&nbsp;&nbsp; f. 1780<\/p>\n\n\n\n<p>1815 \u2013 1821 &nbsp;&nbsp;&nbsp;&nbsp;&nbsp;&nbsp;&nbsp;&nbsp;&nbsp;&nbsp;&nbsp;&nbsp;&nbsp;&nbsp;&nbsp; Pehr Torstensson Skytt&nbsp;&nbsp;&nbsp;&nbsp;&nbsp;&nbsp;&nbsp;&nbsp;&nbsp;&nbsp;&nbsp;&nbsp;&nbsp;&nbsp;&nbsp;&nbsp;&nbsp; f. 1792<\/p>\n\n\n\n<p>1823 \u2013 1842&nbsp;&nbsp;&nbsp;&nbsp;&nbsp;&nbsp;&nbsp;&nbsp;&nbsp;&nbsp;&nbsp;&nbsp;&nbsp;&nbsp;&nbsp;&nbsp; Johannes Simonsson Skytt&nbsp;&nbsp;&nbsp;&nbsp;&nbsp;&nbsp;&nbsp;&nbsp;&nbsp;&nbsp;&nbsp;&nbsp; f. 1795<\/p>\n\n\n\n<p>1843 \u2013 1844 &nbsp;&nbsp;&nbsp;&nbsp;&nbsp;&nbsp;&nbsp;&nbsp;&nbsp;&nbsp;&nbsp;&nbsp;&nbsp;&nbsp;&nbsp; Elias Jacobsson Skytt&nbsp;&nbsp;&nbsp;&nbsp;&nbsp;&nbsp;&nbsp;&nbsp;&nbsp;&nbsp;&nbsp;&nbsp;&nbsp;&nbsp;&nbsp;&nbsp;&nbsp;&nbsp;&nbsp;&nbsp; f.1816<\/p>\n\n\n\n<p>1845 \u2013 1852 &nbsp;&nbsp;&nbsp;&nbsp;&nbsp;&nbsp;&nbsp;&nbsp;&nbsp;&nbsp;&nbsp;&nbsp;&nbsp;&nbsp;&nbsp; Nicklas Hermansson Skytt&nbsp;&nbsp;&nbsp;&nbsp;&nbsp;&nbsp;&nbsp;&nbsp;&nbsp;&nbsp;&nbsp;&nbsp; f. 1821<\/p>\n\n\n\n<p>1852 \u2013 1855&nbsp;&nbsp;&nbsp;&nbsp;&nbsp;&nbsp;&nbsp;&nbsp;&nbsp;&nbsp;&nbsp;&nbsp;&nbsp;&nbsp;&nbsp;&nbsp; Jonas\nMagnusson Skarp&nbsp;&nbsp;&nbsp;&nbsp;&nbsp;&nbsp;&nbsp;&nbsp;&nbsp;&nbsp;&nbsp;&nbsp;&nbsp;&nbsp;&nbsp;&nbsp; f. 1832<\/p>\n\n\n\n<p>Soldattorpet flyttas vid Laga skifte omkr.1855 till utjorden\n<\/p>\n\n\n\n<p>Djupadal vid Lind\u00e5s<\/p>\n\n\n\n<p>1850 \u2013 1876&nbsp;&nbsp;&nbsp;&nbsp;&nbsp;&nbsp;&nbsp;&nbsp;&nbsp;&nbsp;&nbsp;&nbsp;&nbsp;&nbsp;&nbsp;&nbsp; Sven\nJohan Olofsson Sax&nbsp;&nbsp;&nbsp;&nbsp;&nbsp;&nbsp;&nbsp;&nbsp;&nbsp;&nbsp;&nbsp;&nbsp;&nbsp;&nbsp; f. 1830<\/p>\n\n\n\n<p>1877 \u2013 1886 &nbsp;&nbsp;&nbsp;&nbsp;&nbsp;&nbsp;&nbsp;&nbsp;&nbsp;&nbsp;&nbsp;&nbsp;&nbsp;&nbsp;&nbsp; Per\nAndersson Lindgren&nbsp;&nbsp;&nbsp;&nbsp;&nbsp;&nbsp;&nbsp;&nbsp;&nbsp;&nbsp;&nbsp;&nbsp;&nbsp;&nbsp;&nbsp; f. 1857<\/p>\n\n\n\n<p>1887 \u2013 1893 &nbsp;&nbsp;&nbsp;&nbsp;&nbsp;&nbsp;&nbsp;&nbsp;&nbsp;&nbsp;&nbsp;&nbsp;&nbsp;&nbsp;&nbsp; Olof\nSvensson Lindgren&nbsp;&nbsp;&nbsp;&nbsp;&nbsp;&nbsp;&nbsp;&nbsp;&nbsp;&nbsp;&nbsp;&nbsp;&nbsp;&nbsp;&nbsp; f. 1869<\/p>\n\n\n\n<p>1861-1876:<\/p>\n\n\n\n<p>Avsk. Sold. Sven Johan\nSax f. 30\/7 1830 i G\u00f6theryd, arbetade ett tag vid<\/p>\n\n\n\n<p>S\u00f6dra Stambanan, d\u00f6d\n1876, <\/p>\n\n\n\n<p>h. Cajsa Nilsdotter f.\n18\/8 1825 i G\u00f6theryd, d\u00f6d 1864<\/p>\n\n\n\n<p>h. Catharina Petersdotter\n(2:a hustru) f. 22\/6 1845 i Agunnaryd,<\/p>\n\n\n\n<p>1878-1880:<\/p>\n\n\n\n<p>Per Andersson Lindgren f.\n1857, soldat 1877, flyttar till N. Amerika 1886.<\/p>\n\n\n\n<p>1881-1885:<\/p>\n\n\n\n<p>Enk. Catharina\nPettersdotter f 1845 i Agunnaryd, \u00e4nka 1876,<\/p>\n\n\n\n<p>Barn: Maria Charlotta f.\n21\/6 1865,flyttar till Loshult 1884,<\/p>\n\n\n\n<p>Mathilda f. 28\/12 1866,\nflyttar till Ousby 1884,<\/p>\n\n\n\n<p>Olof Svensson Lindgren,\nf. 25\/1 1869, flyttar till Lind\u00e5s 1884, sedan till Loshult 1885och reser sedan\ntill Amerika 1893<\/p>\n\n\n\n<p>Sophia f. 19\/9 1871,\nIngrid f. 24\/4 1875, o.\u00e4. dottern Ida f. 6\/4 1881<\/p>\n\n\n\n<p>Inhys. Enkl. Anders\nPettersson f. 23\/7 1823 i G\u00f6teryd,<\/p>\n\n\n\n<p>dr\u00e4ng, Nils Andersson f.\n28\/10 1860 i Hallaryd, flyttar till N. Amerika 1886.<\/p>\n\n\n\n<p>1886-1894:<\/p>\n\n\n\n<p>Catharina Pettersdotter f\n1845 i Agunnaryd, \u00e4nka 1876, d\u00f6d 1891, d\u00f6ttrar Sophia Svensdotter f. 19\/9 1871\ni Hallaryd, flyttar till Osby 1888, Ingrid Svensdotter f 24\/4 1875, flyttar\ntill N. Amerika 1894, o.\u00e4. Ida Johansdotter f. 6\/4 1881, flyttar\/l\u00e4mnas\n(sl\u00e4kting) till Agunnaryd 1894<\/p>\n\n\n\n<p>1902-1905: Utjorden\nSoldat-torp, avs\u00f6ndrad l\u00e4genhet.<\/p>\n\n\n\n<p>Janne Svensson f. 9\/9\n1871 i Hallaryd, inflyttad fr\u00e5n N. Amerika 1902<\/p>\n\n\n\n<p>(saknar intyg om frejd\noch \u00e4ktenskapsledighet f\u00f6r tiden 1891-1902)<\/p>\n\n\n\n<p>1906-1916: avs\u00f6ndrad\nl\u00e4genhet fr\u00e5n hela Sk\u00e5paryd (ev\u00e4rdligen).<\/p>\n\n\n\n<p>Janne Svensson f. 9\/9\n1871 i Hallaryd<\/p>\n\n\n\n<p>1897 k\u00f6ptes torpet av Janne Svensson f. 9\/9&nbsp; 871, son till Sven J\u00f6nsson i Linnefalla\nN.g\u00e5rd. Han flyttade till Nordamerika 27\/2 1891 och kom tillbaka 30\/8&nbsp; 1902. Han fick torpet avs\u00f6ndrat fr\u00e5n Sk\u00e5paryd\n1908 och lagfart 1914 med namnet <strong>Djupadal.<\/strong><\/p>\n\n\n\n<p>1917-1935:<\/p>\n\n\n\n<p>\u00c4gare (efter 1934) Johan\nPersson Lind\u00e5s,<\/p>\n\n\n\n<p>Janne Svensson f. 1871,\nd\u00f6d 1934<\/p>\n\n\n\n<p>Inneboende Anders Johan\n(Olausson) Fors f. 27\/6 1867 i L\u00f6sen (K)<\/p>\n\n\n\n<p>Hanna Karlsson f.\nSvensson, f. 12\/7 1874 i G\u00f6teryd (de tv\u00e5 sistn\u00e4mnda blir \u00e4nkeman o \u00e4nka mellan\n1928 o 1929, flyttade sedan samtidigt 1934 till Djupadal fr\u00e5n Loshult.) Anders\nJohan flyttar till Loshult 1935<\/p>\n\n\n\n<p>1936-1948: Djupadal 1:1<\/p>\n\n\n\n<p>Flera \u00e4gare, sist Albin\nPersson \u00c4lmhult<\/p>\n\n\n\n<p>Huset revs 1940, endast en skorstensruin finns kvar.<\/p>\n\n\n\n<p>2019: \u00e4gare Tolfte\nKarlsson<\/p>\n\n\n\n<p>GPS: N56.525249,\nE14.036377<\/p>\n\n\n\n<p>K\u00e4lla: AI\/14, s 267; AI\/16,s 330; AI\/17, s 321; AI\/18, s279; AI\/19, s\n277;AI\/20, s 275; AII\/1, s 280; AII\/2, 1906-, s 292; AII\/3, s 303; AII\/4, s303<\/p>\n\n\n\n<p>Lantm\u00e4teriet 07-HAL-D111\nV\u00e4gdelning 1923, s120-121<\/p>\n","protected":false},"excerpt":{"rendered":"<p>Under Sk\u00e5paryd Norreg Utjord, Djupadal 1:1 Tj\u00e4nste\u00e5r \u00a0\u00a0\u00a0\u00a0\u00a0\u00a0 \u00a0\u00a0\u00a0\u00a0\u00a0 Soldatens namn 1688 \u2013 1697&nbsp;&nbsp;&nbsp;&nbsp;&nbsp;&nbsp;&nbsp;&nbsp;&nbsp;&nbsp;&nbsp;&nbsp;&nbsp;&nbsp;&nbsp;&nbsp; Per M\u00e5nsson 1710 \u2013 &nbsp;&nbsp;&nbsp;&nbsp;&nbsp;&nbsp;&nbsp;&nbsp;&nbsp;&nbsp;&nbsp;&nbsp;&nbsp;&nbsp;&nbsp;&nbsp;&nbsp;&nbsp;&nbsp;&nbsp;&nbsp;&nbsp;&nbsp;&nbsp; Nils Jonsson (J\u00f6nsson) 1713 \u2013 1716 &nbsp;&nbsp;&nbsp;&nbsp;&nbsp;&nbsp;&nbsp;&nbsp;&nbsp;&nbsp;&nbsp;&nbsp;&nbsp;&nbsp;&nbsp; Oluf R\u00f6nnberg 1716 \u2013 1736 &nbsp;&nbsp;&nbsp;&nbsp;&nbsp;&nbsp;&nbsp;&nbsp;&nbsp;&nbsp;&nbsp;&nbsp;&nbsp;&nbsp;&nbsp; Anders Jonsson Gr\u00f6nberg&nbsp;&nbsp;&nbsp;&nbsp;&nbsp;&nbsp;&nbsp;&nbsp;&nbsp;&nbsp;&nbsp;&nbsp;&nbsp; f. 1697 1740 \u2013 1747&nbsp;&nbsp;&nbsp;&nbsp;&nbsp;&nbsp;&nbsp;&nbsp;&nbsp;&nbsp;&nbsp;&nbsp;&nbsp;&nbsp;&nbsp;&nbsp; &hellip; <a href=\"https:\/\/hallaryd.se\/?page_id=1874\">Continue reading <span class=\"meta-nav\">&rarr;<\/span><\/a><\/p>\n","protected":false},"author":12,"featured_media":0,"parent":0,"menu_order":0,"comment_status":"closed","ping_status":"closed","template":"","meta":{"footnotes":""},"class_list":["post-1874","page","type-page","status-publish","hentry"],"_links":{"self":[{"href":"https:\/\/hallaryd.se\/index.php?rest_route=\/wp\/v2\/pages\/1874","targetHints":{"allow":["GET"]}}],"collection":[{"href":"https:\/\/hallaryd.se\/index.php?rest_route=\/wp\/v2\/pages"}],"about":[{"href":"https:\/\/hallaryd.se\/index.php?rest_route=\/wp\/v2\/types\/page"}],"author":[{"embeddable":true,"href":"https:\/\/hallaryd.se\/index.php?rest_route=\/wp\/v2\/users\/12"}],"replies":[{"embeddable":true,"href":"https:\/\/hallaryd.se\/index.php?rest_route=%2Fwp%2Fv2%2Fcomments&post=1874"}],"version-history":[{"count":1,"href":"https:\/\/hallaryd.se\/index.php?rest_route=\/wp\/v2\/pages\/1874\/revisions"}],"predecessor-version":[{"id":1875,"href":"https:\/\/hallaryd.se\/index.php?rest_route=\/wp\/v2\/pages\/1874\/revisions\/1875"}],"wp:attachment":[{"href":"https:\/\/hallaryd.se\/index.php?rest_route=%2Fwp%2Fv2%2Fmedia&parent=1874"}],"curies":[{"name":"wp","href":"https:\/\/api.w.org\/{rel}","templated":true}]}}