{"id":1872,"date":"2022-03-16T08:28:14","date_gmt":"2022-03-16T07:28:14","guid":{"rendered":"http:\/\/hallaryd.se\/?page_id=1872"},"modified":"2022-03-16T08:28:16","modified_gmt":"2022-03-16T07:28:16","slug":"soldattorp-rote-34-sjuhult","status":"publish","type":"page","link":"https:\/\/hallaryd.se\/?page_id=1872","title":{"rendered":"Soldattorp rote 34\/Sjuhult"},"content":{"rendered":"\n<p>Sjuhult 1:25 och 1:12<\/p>\n\n\n\n<p>Namnuppgifter och \u00e5rtal p\u00e5 soldaterna\nskiljer sig en del mellan Husf\u00f6rh\u00f6rs-l\u00e4ngder och Soldatregistret, framf\u00f6r allt\nfram till mitten av 1750 \u2013 talet.<\/p>\n\n\n\n<p>Tj\u00e4nste\u00e5r&nbsp;&nbsp;&nbsp;&nbsp;&nbsp;&nbsp;&nbsp;&nbsp;&nbsp;&nbsp;&nbsp;&nbsp;&nbsp;&nbsp;&nbsp;&nbsp;&nbsp;&nbsp;&nbsp;&nbsp;&nbsp;&nbsp;&nbsp;&nbsp;&nbsp;&nbsp;&nbsp;&nbsp;&nbsp; Soldatens\nnamn<\/p>\n\n\n\n<p>1688 \u2013 1697 &nbsp;&nbsp;&nbsp;&nbsp;&nbsp;&nbsp;&nbsp;&nbsp;&nbsp;&nbsp;&nbsp;&nbsp;&nbsp; M\u00e5ns Ingelsson&nbsp;&nbsp;&nbsp;&nbsp;&nbsp;&nbsp;&nbsp;&nbsp;&nbsp;&nbsp;&nbsp; <em>Musqueterare<\/em><\/p>\n\n\n\n<p>1709 \u2013 1713&nbsp;&nbsp;&nbsp;&nbsp;&nbsp;&nbsp;&nbsp;&nbsp;&nbsp;&nbsp;&nbsp;&nbsp;&nbsp;&nbsp; Ingmar Eriksson&nbsp;&nbsp;&nbsp;&nbsp;&nbsp;&nbsp;&nbsp;&nbsp;&nbsp;&nbsp; &nbsp;&nbsp;&nbsp;&nbsp;&nbsp;&nbsp;&nbsp;&nbsp;&nbsp;&nbsp;&nbsp;&nbsp;&nbsp;&nbsp;&nbsp;&nbsp;&nbsp; f.1691<\/p>\n\n\n\n<p>1715 \u2013 1716 &nbsp;&nbsp;&nbsp;&nbsp;&nbsp;&nbsp;&nbsp;&nbsp;&nbsp;&nbsp;&nbsp;&nbsp;&nbsp; Abraham Olsson<\/p>\n\n\n\n<p>1716 \u2013 1717&nbsp;&nbsp;&nbsp;&nbsp;&nbsp;&nbsp;&nbsp;&nbsp;&nbsp;&nbsp;&nbsp;&nbsp;&nbsp;&nbsp; Tufvid Persson Stam<\/p>\n\n\n\n<p>1718 \u2013 (7\/2 \u2013\n1\/8)&nbsp;&nbsp;&nbsp;&nbsp;&nbsp; Nils Nilsson Stam&nbsp;&nbsp;&nbsp;&nbsp;&nbsp;&nbsp;&nbsp;&nbsp;&nbsp;&nbsp;&nbsp;&nbsp;&nbsp;&nbsp;&nbsp;&nbsp;&nbsp;&nbsp;&nbsp;&nbsp;&nbsp;&nbsp;&nbsp;&nbsp;&nbsp; f. 1697<\/p>\n\n\n\n<p>1718 \u2013 1719 &nbsp;&nbsp;&nbsp;&nbsp;&nbsp;&nbsp;&nbsp;&nbsp;&nbsp;&nbsp;&nbsp;&nbsp;&nbsp; H\u00e5kan Carlsson&nbsp;&nbsp;&nbsp;&nbsp;&nbsp;&nbsp;&nbsp;&nbsp;&nbsp;&nbsp;&nbsp;&nbsp;&nbsp;&nbsp;&nbsp;&nbsp;&nbsp;&nbsp;&nbsp;&nbsp;&nbsp;&nbsp;&nbsp;&nbsp;&nbsp;&nbsp;&nbsp;&nbsp;&nbsp; f. 1683<\/p>\n\n\n\n<p>1719 \u2013 1740&nbsp;&nbsp;&nbsp;&nbsp;&nbsp;&nbsp;&nbsp;&nbsp;&nbsp;&nbsp;&nbsp;&nbsp;&nbsp;&nbsp; S\u00f6ren Andersson Tull&nbsp;&nbsp;&nbsp;&nbsp;&nbsp;&nbsp;&nbsp;&nbsp;&nbsp;&nbsp;&nbsp;&nbsp;&nbsp;&nbsp;&nbsp;&nbsp;&nbsp;&nbsp;&nbsp; f.\n1699<\/p>\n\n\n\n<p>1740 \u2013 1741&nbsp;&nbsp;&nbsp;&nbsp;&nbsp;&nbsp;&nbsp;&nbsp;&nbsp;&nbsp;&nbsp;&nbsp;&nbsp;&nbsp; Sven Eriksson Hall&nbsp;&nbsp;&nbsp;&nbsp;&nbsp;&nbsp;&nbsp;&nbsp;&nbsp;&nbsp;&nbsp;&nbsp;&nbsp;&nbsp;&nbsp;&nbsp;&nbsp;&nbsp;&nbsp;&nbsp;&nbsp;&nbsp;&nbsp;&nbsp; f.\n1689<\/p>\n\n\n\n<p>1742 \u2013 1749&nbsp;&nbsp;&nbsp;&nbsp;&nbsp;&nbsp;&nbsp;&nbsp;&nbsp;&nbsp;&nbsp;&nbsp;&nbsp;&nbsp; Jonas Svensson K\u00e5lberg&nbsp;&nbsp;&nbsp;&nbsp;&nbsp;&nbsp;&nbsp;&nbsp;&nbsp;&nbsp;&nbsp;&nbsp;&nbsp;&nbsp;&nbsp;&nbsp; f.\n1721<\/p>\n\n\n\n<p>1751 \u2013 1755&nbsp;&nbsp;&nbsp;&nbsp;&nbsp;&nbsp;&nbsp;&nbsp;&nbsp;&nbsp;&nbsp;&nbsp;&nbsp;&nbsp; Jacob Bengtsson<\/p>\n\n\n\n<p>1758 \u2013 1783&nbsp;&nbsp;&nbsp;&nbsp;&nbsp;&nbsp;&nbsp;&nbsp;&nbsp;&nbsp;&nbsp;&nbsp;&nbsp;&nbsp; Jon Jacobsson Sjulander&nbsp;&nbsp;&nbsp;&nbsp;&nbsp;&nbsp;&nbsp;&nbsp;&nbsp;&nbsp;&nbsp;&nbsp;&nbsp;&nbsp;&nbsp; f. 1737<\/p>\n\n\n\n<p>1784 \u2013 1790&nbsp;&nbsp;&nbsp;&nbsp;&nbsp;&nbsp;&nbsp;&nbsp;&nbsp;&nbsp;&nbsp;&nbsp;&nbsp;&nbsp; Per Andersson Trogen &nbsp;&nbsp;&nbsp;&nbsp;&nbsp;&nbsp;&nbsp;&nbsp;&nbsp;&nbsp;&nbsp;&nbsp;&nbsp;&nbsp;&nbsp;&nbsp;&nbsp; f.\n1763<\/p>\n\n\n\n<p>1791 \u2013 1815&nbsp;&nbsp;&nbsp;&nbsp;&nbsp;&nbsp;&nbsp;&nbsp;&nbsp;&nbsp;&nbsp;&nbsp;&nbsp;&nbsp; Anders J\u00f6nsson Hurtig&nbsp;&nbsp;&nbsp;&nbsp;&nbsp;&nbsp;&nbsp;&nbsp;&nbsp;&nbsp;&nbsp;&nbsp;&nbsp;&nbsp;&nbsp;&nbsp;&nbsp;&nbsp; f.\n1766<\/p>\n\n\n\n<p>1816 \u2013 1842&nbsp;&nbsp;&nbsp;&nbsp;&nbsp;&nbsp;&nbsp;&nbsp;&nbsp;&nbsp;&nbsp;&nbsp;&nbsp;&nbsp; Olof Bengtsson Slug&nbsp;&nbsp;&nbsp;&nbsp;&nbsp;&nbsp;&nbsp;&nbsp;&nbsp;&nbsp;&nbsp;&nbsp;&nbsp;&nbsp;&nbsp;&nbsp;&nbsp;&nbsp;&nbsp;&nbsp;&nbsp; f.\n1791<\/p>\n\n\n\n<p>1843 \u2013 1877&nbsp;&nbsp;&nbsp;&nbsp;&nbsp;&nbsp;&nbsp;&nbsp;&nbsp;&nbsp;&nbsp;&nbsp;&nbsp;&nbsp; Olof Persson Stark&nbsp;&nbsp;&nbsp;&nbsp;&nbsp;&nbsp;&nbsp;&nbsp;&nbsp;&nbsp;&nbsp;&nbsp;&nbsp;&nbsp;&nbsp;&nbsp;&nbsp;&nbsp;&nbsp;&nbsp;&nbsp;&nbsp;&nbsp;&nbsp; f.\n1818<\/p>\n\n\n\n<p>Noterat om Olof: <em>Anm\u00e4ld vid husf\u00f6rh\u00f6r\n1870 af hustrun f\u00f6r okristlig lefnad. <\/em><\/p>\n\n\n\n<p><em>&nbsp;&nbsp;&nbsp;&nbsp;&nbsp;&nbsp;&nbsp;&nbsp;&nbsp;&nbsp;&nbsp;&nbsp;&nbsp;&nbsp;&nbsp;&nbsp;&nbsp;&nbsp;&nbsp;&nbsp;&nbsp;&nbsp;&nbsp;&nbsp;&nbsp;&nbsp;&nbsp;&nbsp;&nbsp;&nbsp;&nbsp;&nbsp;&nbsp; Varnad\ninf\u00f6r kyrkor\u00e5det 1870<\/em><\/p>\n\n\n\n<p>Soldattorpet l\u00e5g f\u00f6re Laga skifte 1862\nmitt i byn, (f.d. Brog\u00e5rds, 1:25)<\/p>\n\n\n\n<p>Nya soldattorpet \u00e4r nu bel\u00e4get vid Liljedal,\nSjuhult 1:12<\/p>\n\n\n\n<p>1878 \u2013 1884 \u00e4r Jon\nSvensson, f. 26\/2 1819 arrendator av torpet.<\/p>\n\n\n\n<p>1878 \u2013 1908&nbsp;&nbsp;&nbsp;&nbsp;&nbsp;&nbsp;&nbsp;&nbsp;&nbsp;&nbsp;&nbsp;&nbsp;&nbsp;&nbsp; Per Jonsson Sandell<\/p>\n\n\n\n<p>Per Jonsson Sandell, f. 26\/10 1860 blev den siste indelte soldaten.<\/p>\n\n\n\n<p>Antagen som soldat 1878. Avsked 1908 och\nd\u00f6d 12\/3 1940<\/p>\n\n\n\n<p>&nbsp;h.\nKarolina Karlsdotter (Lina) f. 17\/1 1864, d. 23\/5 1956<\/p>\n\n\n\n<p>Per var antagen soldat redan 1878 men\nflyttade till Sjuhult f\u00f6rst 1884,<\/p>\n\n\n\n<p>nygift med Karolina<\/p>\n\n\n\n<p>Barn: Carl Ivar, f. 13\/7 1890, Elvira, f.\n20\/12 1902<\/p>\n\n\n\n<p>I Thore Brog\u00e5rds bok, <strong><em>Folkminnen i\nurval<\/em>, 1981<\/strong>, ber\u00e4ttar Karolina n\u00e4r hon 1884 som nygift soldathustru\nflyttade in p\u00e5 torpet. Tidigare arrendatorn hade haft gris och n\u00f6tkreatur inne\ni huset som var en \u201dsvinstia\u201d n\u00e4r de anl\u00e4nde.<\/p>\n\n\n\n<p>1919 flyttade Car Ivar till Stensholm, (Engmans,\n1:13), <\/p>\n\n\n\n<p>1923 bytte han bostad med fadern Per\nSandell<\/p>\n\n\n\n<p>Efter 1901 och indelningsverkets\navskaffande, frik\u00f6ptes torpet och fick namnet Liljedal<\/p>\n\n\n\n<p>Stensholm vid Sjuhuts skola, f\u00f6rmodligen\nombyggt, kom senare att bli bostad f\u00f6r Elvira och hennes man Frans Engman<\/p>\n\n\n\n<p>Carl Ivars son, Folke Sandell, 1927\u20132017,\nblev den siste fast boende p\u00e5 Liljedal <\/p>\n\n\n\n<p>GPS: GPS: N56.45492 E13.78483<\/p>\n\n\n\n<p>2020: \u00c4gare Erling Andersson<\/p>\n\n\n\n<p>K\u00e4lla: Thore Brog\u00e5rd: <em>Folkminnen i urval<\/em>, 1981,<\/p>\n\n\n\n<p>AI\/13, s80; AI\/14,\n1844-, s 76; <\/p>\n","protected":false},"excerpt":{"rendered":"<p>Sjuhult 1:25 och 1:12 Namnuppgifter och \u00e5rtal p\u00e5 soldaterna skiljer sig en del mellan Husf\u00f6rh\u00f6rs-l\u00e4ngder och Soldatregistret, framf\u00f6r allt fram till mitten av 1750 \u2013 talet. Tj\u00e4nste\u00e5r&nbsp;&nbsp;&nbsp;&nbsp;&nbsp;&nbsp;&nbsp;&nbsp;&nbsp;&nbsp;&nbsp;&nbsp;&nbsp;&nbsp;&nbsp;&nbsp;&nbsp;&nbsp;&nbsp;&nbsp;&nbsp;&nbsp;&nbsp;&nbsp;&nbsp;&nbsp;&nbsp;&nbsp;&nbsp; Soldatens namn 1688 \u2013 1697 &nbsp;&nbsp;&nbsp;&nbsp;&nbsp;&nbsp;&nbsp;&nbsp;&nbsp;&nbsp;&nbsp;&nbsp;&nbsp; M\u00e5ns Ingelsson&nbsp;&nbsp;&nbsp;&nbsp;&nbsp;&nbsp;&nbsp;&nbsp;&nbsp;&nbsp;&nbsp; Musqueterare 1709 \u2013 1713&nbsp;&nbsp;&nbsp;&nbsp;&nbsp;&nbsp;&nbsp;&nbsp;&nbsp;&nbsp;&nbsp;&nbsp;&nbsp;&nbsp; Ingmar &hellip; <a href=\"https:\/\/hallaryd.se\/?page_id=1872\">Continue reading <span class=\"meta-nav\">&rarr;<\/span><\/a><\/p>\n","protected":false},"author":12,"featured_media":0,"parent":0,"menu_order":0,"comment_status":"closed","ping_status":"closed","template":"","meta":{"footnotes":""},"class_list":["post-1872","page","type-page","status-publish","hentry"],"_links":{"self":[{"href":"https:\/\/hallaryd.se\/index.php?rest_route=\/wp\/v2\/pages\/1872","targetHints":{"allow":["GET"]}}],"collection":[{"href":"https:\/\/hallaryd.se\/index.php?rest_route=\/wp\/v2\/pages"}],"about":[{"href":"https:\/\/hallaryd.se\/index.php?rest_route=\/wp\/v2\/types\/page"}],"author":[{"embeddable":true,"href":"https:\/\/hallaryd.se\/index.php?rest_route=\/wp\/v2\/users\/12"}],"replies":[{"embeddable":true,"href":"https:\/\/hallaryd.se\/index.php?rest_route=%2Fwp%2Fv2%2Fcomments&post=1872"}],"version-history":[{"count":1,"href":"https:\/\/hallaryd.se\/index.php?rest_route=\/wp\/v2\/pages\/1872\/revisions"}],"predecessor-version":[{"id":1873,"href":"https:\/\/hallaryd.se\/index.php?rest_route=\/wp\/v2\/pages\/1872\/revisions\/1873"}],"wp:attachment":[{"href":"https:\/\/hallaryd.se\/index.php?rest_route=%2Fwp%2Fv2%2Fmedia&parent=1872"}],"curies":[{"name":"wp","href":"https:\/\/api.w.org\/{rel}","templated":true}]}}