{"id":1870,"date":"2022-03-16T08:25:28","date_gmt":"2022-03-16T07:25:28","guid":{"rendered":"http:\/\/hallaryd.se\/?page_id=1870"},"modified":"2022-03-16T08:25:29","modified_gmt":"2022-03-16T07:25:29","slug":"lilla-hem-sjuhult","status":"publish","type":"page","link":"https:\/\/hallaryd.se\/?page_id=1870","title":{"rendered":"Lilla Hem\/Sjuhult"},"content":{"rendered":"\n<p>Under Sjuhult 1:21 &#8211; 2<\/p>\n\n\n\n<p>Bebott omkring 1885 \u2013 1910&nbsp; <\/p>\n\n\n\n<p>Nilla Jonsdotter f\u00f6dd 21\/12&nbsp; 1832&nbsp; <\/p>\n\n\n\n<p>hade varit gift med Mathia<strong>s<\/strong> Svensson f\u00f6dd\n2\/4&nbsp; 1821<\/p>\n\n\n\n<p>De bodde fr\u00e5n 1861 som inhyse p\u00e5 torpet \u00c5kestorp i\nSjuhult.<\/p>\n\n\n\n<p>Mathias dog 6\/7&nbsp;\n1879<\/p>\n\n\n\n<p>Enkan Nilla flyttade n\u00e5gon g\u00e5ng efter 1885 till backstugan\n\u201dLilla hem\u201d<\/p>\n\n\n\n<p>Nilla dog 19\/2&nbsp;\n1910<\/p>\n\n\n\n<p>Ur Thore Brog\u00e5rdhs bok, <em>De gamle ber\u00e4ttar,<\/em>\nsidan 30:<\/p>\n\n\n\n<p>Ivar Sandell, Sjuhult ber\u00e4ttar om tj\u00e4rbr\u00e4nning och om \u201dMatsa-Nillan\u201d<\/p>\n\n\n\n<p>som bodde strax v\u00e4ster om br\u00e4nnan.<\/p>\n\n\n\n<p>Tj\u00e4rbr\u00e4nnan eller tj\u00e4rdalen \u00e4r v\u00e4l bevarad och ligger\np\u00e5 den mark som<\/p>\n\n\n\n<p>Brog\u00e5rdh d\u00e5 \u00e4gde. \u00c4gs idag (2019) av familjen\nHesselstedt.<\/p>\n\n\n\n<p>P\u00e5 grannmarken strax intill, en liten stenh\u00f6g d\u00e4r\nbackstugan en g\u00e5ng l\u00e5g.<\/p>\n\n\n\n<p>GPS: N56.63020&nbsp;\nE13.793788<\/p>\n\n\n\n<p>K\u00e4lla: Kyrkoarkiv&nbsp;\nAI\/21 s.77, AII\/1 s.306, AII\/2&nbsp;\ns.269<\/p>\n","protected":false},"excerpt":{"rendered":"<p>Under Sjuhult 1:21 &#8211; 2 Bebott omkring 1885 \u2013 1910&nbsp; Nilla Jonsdotter f\u00f6dd 21\/12&nbsp; 1832&nbsp; hade varit gift med Mathias Svensson f\u00f6dd 2\/4&nbsp; 1821 De bodde fr\u00e5n 1861 som inhyse p\u00e5 torpet \u00c5kestorp i Sjuhult. Mathias dog 6\/7&nbsp; 1879 Enkan &hellip; <a href=\"https:\/\/hallaryd.se\/?page_id=1870\">Continue reading <span class=\"meta-nav\">&rarr;<\/span><\/a><\/p>\n","protected":false},"author":12,"featured_media":0,"parent":0,"menu_order":0,"comment_status":"closed","ping_status":"closed","template":"","meta":{"footnotes":""},"class_list":["post-1870","page","type-page","status-publish","hentry"],"_links":{"self":[{"href":"https:\/\/hallaryd.se\/index.php?rest_route=\/wp\/v2\/pages\/1870","targetHints":{"allow":["GET"]}}],"collection":[{"href":"https:\/\/hallaryd.se\/index.php?rest_route=\/wp\/v2\/pages"}],"about":[{"href":"https:\/\/hallaryd.se\/index.php?rest_route=\/wp\/v2\/types\/page"}],"author":[{"embeddable":true,"href":"https:\/\/hallaryd.se\/index.php?rest_route=\/wp\/v2\/users\/12"}],"replies":[{"embeddable":true,"href":"https:\/\/hallaryd.se\/index.php?rest_route=%2Fwp%2Fv2%2Fcomments&post=1870"}],"version-history":[{"count":1,"href":"https:\/\/hallaryd.se\/index.php?rest_route=\/wp\/v2\/pages\/1870\/revisions"}],"predecessor-version":[{"id":1871,"href":"https:\/\/hallaryd.se\/index.php?rest_route=\/wp\/v2\/pages\/1870\/revisions\/1871"}],"wp:attachment":[{"href":"https:\/\/hallaryd.se\/index.php?rest_route=%2Fwp%2Fv2%2Fmedia&parent=1870"}],"curies":[{"name":"wp","href":"https:\/\/api.w.org\/{rel}","templated":true}]}}