{"id":1868,"date":"2022-03-16T08:24:08","date_gmt":"2022-03-16T07:24:08","guid":{"rendered":"http:\/\/hallaryd.se\/?page_id=1868"},"modified":"2022-03-16T08:24:10","modified_gmt":"2022-03-16T07:24:10","slug":"jonstorp-sjuhult","status":"publish","type":"page","link":"https:\/\/hallaryd.se\/?page_id=1868","title":{"rendered":"Jonstorp\/Sjuhult"},"content":{"rendered":"\n<p>Under: Sjuhult 1:19<\/p>\n\n\n\n<p>Bebott:1870\u20131930<\/p>\n\n\n\n<p>1870\u20131879<\/p>\n\n\n\n<p>Sven Andersson, f. 15\/12 1842, h. Bengta\nOlofsdotter, f. 24\/7 1841, flera barn<\/p>\n\n\n\n<p>1879\u20131894 <\/p>\n\n\n\n<p>Jon Andersson, f. 19\/5 1847, h. Johanna\nAndersdotter, f. 20\/7 1848,<\/p>\n\n\n\n<p>6 barn och flera inhyse <\/p>\n\n\n\n<p>1896\u20131907 <\/p>\n\n\n\n<p>Martin Bengtsson, f. 11\/1 1861, h. Sissa\nSvensdotter, f. 3\/2 1866, flera barn<\/p>\n\n\n\n<p>1909\u20131911<\/p>\n\n\n\n<p>Edvard Johansson, f. 14\/1 1877, h. Anna\nOlsson, f. 27\/10 1876<\/p>\n\n\n\n<p>s. Karl Edvin, f. 4\/3 1909<\/p>\n\n\n\n<p>1914-1918<\/p>\n\n\n\n<p>Nils Tufvedsson f.19\/10 1847, d. 23\/5 1918,<\/p>\n\n\n\n<p>h. Kristina Johansdotter f. 5\/11 1854, dottern\nElsa nedan <\/p>\n\n\n\n<p>1919\u20131930<\/p>\n\n\n\n<p>Svante Ferdinand Nilsson, f. 4\/4 1886 i\nG\u00f6teryd<\/p>\n\n\n\n<p>h. Elsa Kristina Tufvedsdotter, f. 24\/9 1895,\nd. 23\/1 1927,<\/p>\n\n\n\n<p>Barn: Siri Teresia, f. 7\/9 1919, d.\n9\/4 2010 i Hallaryd, Inga Kristina, f. 25\/11 1920, Knut Folke, f. 29\/11 1923\nd\u00f6d 1926<\/p>\n\n\n\n<p>Siri flyttade 1930 till Hallaryd och blev fosterdotter till Karl och Matilda Vide. Hon gifte sig sedan med Viking Svensson och drev caf\u00e9r\u00f6relse i Hallaryd\u00a0 <\/p>\n\n\n\n<p>Ett nytt fritidshus \u00e4r idag uppf\u00f6rt p\u00e5\nplatsen d\u00e4r det gamla torpet en g\u00e5ng stod.<\/p>\n\n\n\n<p>GPS: ca\nN56.47083 E13.78699<\/p>\n\n\n\n<p>K\u00e4lla: AI\/19,\ns 74; AII\/2, s270; AII\/3, s 281; <\/p>\n","protected":false},"excerpt":{"rendered":"<p>Under: Sjuhult 1:19 Bebott:1870\u20131930 1870\u20131879 Sven Andersson, f. 15\/12 1842, h. Bengta Olofsdotter, f. 24\/7 1841, flera barn 1879\u20131894 Jon Andersson, f. 19\/5 1847, h. Johanna Andersdotter, f. 20\/7 1848, 6 barn och flera inhyse 1896\u20131907 Martin Bengtsson, f. 11\/1 &hellip; <a href=\"https:\/\/hallaryd.se\/?page_id=1868\">Continue reading <span class=\"meta-nav\">&rarr;<\/span><\/a><\/p>\n","protected":false},"author":12,"featured_media":0,"parent":0,"menu_order":0,"comment_status":"closed","ping_status":"closed","template":"","meta":{"footnotes":""},"class_list":["post-1868","page","type-page","status-publish","hentry"],"_links":{"self":[{"href":"https:\/\/hallaryd.se\/index.php?rest_route=\/wp\/v2\/pages\/1868","targetHints":{"allow":["GET"]}}],"collection":[{"href":"https:\/\/hallaryd.se\/index.php?rest_route=\/wp\/v2\/pages"}],"about":[{"href":"https:\/\/hallaryd.se\/index.php?rest_route=\/wp\/v2\/types\/page"}],"author":[{"embeddable":true,"href":"https:\/\/hallaryd.se\/index.php?rest_route=\/wp\/v2\/users\/12"}],"replies":[{"embeddable":true,"href":"https:\/\/hallaryd.se\/index.php?rest_route=%2Fwp%2Fv2%2Fcomments&post=1868"}],"version-history":[{"count":1,"href":"https:\/\/hallaryd.se\/index.php?rest_route=\/wp\/v2\/pages\/1868\/revisions"}],"predecessor-version":[{"id":1869,"href":"https:\/\/hallaryd.se\/index.php?rest_route=\/wp\/v2\/pages\/1868\/revisions\/1869"}],"wp:attachment":[{"href":"https:\/\/hallaryd.se\/index.php?rest_route=%2Fwp%2Fv2%2Fmedia&parent=1868"}],"curies":[{"name":"wp","href":"https:\/\/api.w.org\/{rel}","templated":true}]}}