{"id":1864,"date":"2022-03-16T08:20:04","date_gmt":"2022-03-16T07:20:04","guid":{"rendered":"http:\/\/hallaryd.se\/?page_id=1864"},"modified":"2022-03-16T08:20:05","modified_gmt":"2022-03-16T07:20:05","slug":"flyholmen-sjuhult","status":"publish","type":"page","link":"https:\/\/hallaryd.se\/?page_id=1864","title":{"rendered":"Flyholmen\/Sjuhult"},"content":{"rendered":"\n<p>under Sjuhult 1:18<\/p>\n\n\n\n<p>1863 &#8211; 1947<\/p>\n\n\n\n<p>P\u00e5 torpet Flyholmen bodde\n1877 \u2013 1901 g\u00e5rdfarihandlaren Jon Andersson,<\/p>\n\n\n\n<p>f. 1833, d. 1901 och hustrun\nAnna Lisa Johannisdotter, f. 1837, inflyttade fr\u00e5n<\/p>\n\n\n\n<p>\u00c5holmen i Hallseryd. 1902\nflyttade hon till Amerika. Inga synliga rester finns kvar<\/p>\n\n\n\n<p>av detta torp. Deras tv\u00e5\ns\u00f6ner hade 1892 flyttat till N. Amerika<\/p>\n\n\n\n<p>I n\u00e4rheten l\u00e5g den\nbos\u00e4ttning som senare kom att kallas f\u00f6r Flyholmen och som <\/p>\n\n\n\n<p>bebotts av nedanst\u00e5ende:<\/p>\n\n\n\n<p>1863 flyttade Sven\nM\u00e5nsson hit fr\u00e5n H\u00e4stveda. Han fick bl.a. sonen Olof f\u00f6dd 1867.<\/p>\n\n\n\n<p>Efter Svens d\u00f6d 1898\n\u00f6vertog Olof som nu tagit namnet Sjulin, g\u00e5rden. N\u00e5gon g\u00e5ng mellan 1898 och\n1902 s\u00e5ldes g\u00e5rden och Olof flyttade till \u201dSjuhultsborg\u201d mitt i byn.<\/p>\n\n\n\n<p>1902 inflyttade:Per Eriksson f. 18\/6 1861&nbsp; med hustrun Kristina M\u00e5nsdotter <\/p>\n\n\n\n<p>f. 23\/9 1862 i Virestad, med\nbarnen:<\/p>\n\n\n\n<p>Johan Edvin f. 1890 i\nMarkaryd<\/p>\n\n\n\n<p>Erik Olaus f. 1892\n(d\u00f6vstum)<\/p>\n\n\n\n<p>Nils Gottfrid f. 1894 i\nMarkaryd<\/p>\n\n\n\n<p><strong>Hanna<\/strong>\nViktoria f. 1897 i Hallab\u00f6ke Sg utj. , d. 1980 i Hallaryd<\/p>\n\n\n\n<p>Hjalmar Severin f. 1899<\/p>\n\n\n\n<p>Alexander f. 1901<\/p>\n\n\n\n<p>1920 flyttar Per och\nKristina med barnen till G\u00f6shult, Markaryd. <\/p>\n\n\n\n<p>Dottern Hanna gifte sig\n1918 med Carl Bladh och flyttade till Hallaryd<\/p>\n\n\n\n<p>1920 st\u00e5r August Persson\nf. 29\/1 1868 som \u00e4gare. Han hade varit i Amerika.<\/p>\n\n\n\n<p>Han var son till Per\nSvensson p\u00e5 Gammelstorp. August dog 1940.<\/p>\n\n\n\n<p>Efter hans d\u00f6d s\u00e5ldes\ng\u00e5rden till Olof Persson Lundb\u00e4ck<\/p>\n\n\n\n<p>Olof Persson Lundb\u00e4ck,\nf\u00f6dd 1877 p\u00e5 \u201dLundb\u00e4cka-Pelles\u201d Hallaryd N.g\u00e5rd Utj.<\/p>\n\n\n\n<p>kom 1905 till huvudg\u00e5rden\nSjuhult 1:8 som han k\u00f6pt av August Andersson f. 1872.<\/p>\n\n\n\n<p>August flyttade till\ntorpet Sk\u00f6nadal<\/p>\n\n\n\n<p>Fr\u00e5n 1941 till sin d\u00f6d\n1947 bodde Olof P. Lundb\u00e4ck sedan p\u00e5 undantaget Flyholmen <\/p>\n\n\n\n<p>ovan. Han hade dessf\u00f6rinnan l\u00e4mnat \u00f6ver huvudg\u00e5rden till sonen Gustav som blev far till Hans Lundb\u00e4ck. <\/p>\n\n\n\n<p>Flyholmen var ca 7 x 11 m\nmed k\u00e4llare under tredjedelen. Enligt Hans flyttades torpet till en plats bakom\nPaul Strands i Hallaryd?<\/p>\n\n\n\n<p>K\u00e4lla: Hallaryds\nkyrk. \/A I\/21 (1886-, sid 75; AII\/2, s265;AII\/3, s 277; <\/p>\n","protected":false},"excerpt":{"rendered":"<p>under Sjuhult 1:18 1863 &#8211; 1947 P\u00e5 torpet Flyholmen bodde 1877 \u2013 1901 g\u00e5rdfarihandlaren Jon Andersson, f. 1833, d. 1901 och hustrun Anna Lisa Johannisdotter, f. 1837, inflyttade fr\u00e5n \u00c5holmen i Hallseryd. 1902 flyttade hon till Amerika. Inga synliga rester &hellip; <a href=\"https:\/\/hallaryd.se\/?page_id=1864\">Continue reading <span class=\"meta-nav\">&rarr;<\/span><\/a><\/p>\n","protected":false},"author":12,"featured_media":0,"parent":0,"menu_order":0,"comment_status":"closed","ping_status":"closed","template":"","meta":{"footnotes":""},"class_list":["post-1864","page","type-page","status-publish","hentry"],"_links":{"self":[{"href":"https:\/\/hallaryd.se\/index.php?rest_route=\/wp\/v2\/pages\/1864","targetHints":{"allow":["GET"]}}],"collection":[{"href":"https:\/\/hallaryd.se\/index.php?rest_route=\/wp\/v2\/pages"}],"about":[{"href":"https:\/\/hallaryd.se\/index.php?rest_route=\/wp\/v2\/types\/page"}],"author":[{"embeddable":true,"href":"https:\/\/hallaryd.se\/index.php?rest_route=\/wp\/v2\/users\/12"}],"replies":[{"embeddable":true,"href":"https:\/\/hallaryd.se\/index.php?rest_route=%2Fwp%2Fv2%2Fcomments&post=1864"}],"version-history":[{"count":1,"href":"https:\/\/hallaryd.se\/index.php?rest_route=\/wp\/v2\/pages\/1864\/revisions"}],"predecessor-version":[{"id":1865,"href":"https:\/\/hallaryd.se\/index.php?rest_route=\/wp\/v2\/pages\/1864\/revisions\/1865"}],"wp:attachment":[{"href":"https:\/\/hallaryd.se\/index.php?rest_route=%2Fwp%2Fv2%2Fmedia&parent=1864"}],"curies":[{"name":"wp","href":"https:\/\/api.w.org\/{rel}","templated":true}]}}