{"id":1862,"date":"2022-03-16T08:17:58","date_gmt":"2022-03-16T07:17:58","guid":{"rendered":"http:\/\/hallaryd.se\/?page_id=1862"},"modified":"2022-03-16T08:18:00","modified_gmt":"2022-03-16T07:18:00","slug":"bjorkelund-sjuhult","status":"publish","type":"page","link":"https:\/\/hallaryd.se\/?page_id=1862","title":{"rendered":"Bj\u00f6rkelund\/Sjuhult"},"content":{"rendered":"\n<p>Sjuhult 1:23<\/p>\n\n\n\n<p>1883 \u2013 1958 <\/p>\n\n\n\n<p>1883 \u2013 1886 <\/p>\n\n\n\n<p>Nils Jonsson&nbsp; f. 6\/1&nbsp;\n1856<\/p>\n\n\n\n<p>Johanna Johansdotter&nbsp; f. 26\/12&nbsp;\n1856<\/p>\n\n\n\n<p>1886 \u2013 1927 <\/p>\n\n\n\n<p>Sven Kristensson&nbsp; f. 10\/6&nbsp;\n1834,&nbsp;&nbsp;&nbsp;&nbsp;&nbsp;&nbsp;&nbsp;&nbsp;&nbsp;&nbsp;&nbsp;&nbsp;&nbsp;&nbsp; d. 26\/2&nbsp; 1905<\/p>\n\n\n\n<p>Johanna Johannesdotter&nbsp; f. 25\/10&nbsp;\n1834,&nbsp;&nbsp; d. 30\/1&nbsp; 1907<\/p>\n\n\n\n<p>Inhyse Ingrid Svensson&nbsp; f. 3\/4&nbsp;\n1852<\/p>\n\n\n\n<p>med o.\u00e4.s Ernst Sigfrid Augustsson&nbsp; f. 24\/1&nbsp;\n1888,&nbsp; utflyttad 1906<\/p>\n\n\n\n<p>Ingrid flyttar ut 1927<\/p>\n\n\n\n<p>1940 \u2013 1958 &nbsp;<\/p>\n\n\n\n<p>Per Svensson&nbsp; \u201dFuelta \u2013 Pellen\u201d&nbsp; f. 27\/3&nbsp;\n1845,&nbsp;&nbsp; d. 31\/12&nbsp; 1922<\/p>\n\n\n\n<p>h. Bengta f\u00f6dd Jonsdotter 12\/7&nbsp; 1849&nbsp; i\nHallab\u00f6ke. Kallad \u201dPurka-Bengtan\u201d <\/p>\n\n\n\n<p>son: Svante Persson&nbsp; f. 24\/11&nbsp;\n1872&nbsp;&nbsp;&nbsp; d. 13\/9&nbsp; 1958 <\/p>\n\n\n\n<p>De hade tidigare bott p\u00e5 Nytorp &nbsp;p\u00e5 Lundb\u00e4cks mark, Sjuhult 1:8<\/p>\n\n\n\n<p>Bengta dog 9\/2 1943. <\/p>\n\n\n\n<p>Hennes son Svante kom ocks\u00e5 att bo h\u00e4r\ntill sin d\u00f6d 1958<\/p>\n\n\n\n<p>Huset \u00e4r idag ett fritidshus<\/p>\n\n\n\n<p>GPS: N56.46610 E13.80055 (n\u00e4ra Lundb\u00e4cks\ninfart)<\/p>\n\n\n\n<p>K\u00e4lla: Kyrkoarkiv AI\/20 s.72, AI\/21 s.73,\nAII\/1 s.306, AII\/2 s.269<\/p>\n\n\n\n<p>AII\/3 s.281, AII\/4 s.282<\/p>\n","protected":false},"excerpt":{"rendered":"<p>Sjuhult 1:23 1883 \u2013 1958 1883 \u2013 1886 Nils Jonsson&nbsp; f. 6\/1&nbsp; 1856 Johanna Johansdotter&nbsp; f. 26\/12&nbsp; 1856 1886 \u2013 1927 Sven Kristensson&nbsp; f. 10\/6&nbsp; 1834,&nbsp;&nbsp;&nbsp;&nbsp;&nbsp;&nbsp;&nbsp;&nbsp;&nbsp;&nbsp;&nbsp;&nbsp;&nbsp;&nbsp; d. 26\/2&nbsp; 1905 Johanna Johannesdotter&nbsp; f. 25\/10&nbsp; 1834,&nbsp;&nbsp; d. 30\/1&nbsp; 1907 Inhyse Ingrid Svensson&nbsp; &hellip; <a href=\"https:\/\/hallaryd.se\/?page_id=1862\">Continue reading <span class=\"meta-nav\">&rarr;<\/span><\/a><\/p>\n","protected":false},"author":12,"featured_media":0,"parent":0,"menu_order":0,"comment_status":"closed","ping_status":"closed","template":"","meta":{"footnotes":""},"class_list":["post-1862","page","type-page","status-publish","hentry"],"_links":{"self":[{"href":"https:\/\/hallaryd.se\/index.php?rest_route=\/wp\/v2\/pages\/1862","targetHints":{"allow":["GET"]}}],"collection":[{"href":"https:\/\/hallaryd.se\/index.php?rest_route=\/wp\/v2\/pages"}],"about":[{"href":"https:\/\/hallaryd.se\/index.php?rest_route=\/wp\/v2\/types\/page"}],"author":[{"embeddable":true,"href":"https:\/\/hallaryd.se\/index.php?rest_route=\/wp\/v2\/users\/12"}],"replies":[{"embeddable":true,"href":"https:\/\/hallaryd.se\/index.php?rest_route=%2Fwp%2Fv2%2Fcomments&post=1862"}],"version-history":[{"count":1,"href":"https:\/\/hallaryd.se\/index.php?rest_route=\/wp\/v2\/pages\/1862\/revisions"}],"predecessor-version":[{"id":1863,"href":"https:\/\/hallaryd.se\/index.php?rest_route=\/wp\/v2\/pages\/1862\/revisions\/1863"}],"wp:attachment":[{"href":"https:\/\/hallaryd.se\/index.php?rest_route=%2Fwp%2Fv2%2Fmedia&parent=1862"}],"curies":[{"name":"wp","href":"https:\/\/api.w.org\/{rel}","templated":true}]}}