{"id":1857,"date":"2022-02-26T12:44:10","date_gmt":"2022-02-26T11:44:10","guid":{"rendered":"http:\/\/hallaryd.se\/?page_id=1857"},"modified":"2022-02-26T12:44:11","modified_gmt":"2022-02-26T11:44:11","slug":"gasaboda","status":"publish","type":"page","link":"https:\/\/hallaryd.se\/?page_id=1857","title":{"rendered":"G\u00e5saboda"},"content":{"rendered":"\n<p>\u00e4ven kallat G\u00e5saholm<\/p>\n\n\n\n<p>Under Linnefalla Ng. Utj. 2:5<\/p>\n\n\n\n<p>Bebott:1823 \u2013 1854 <\/p>\n\n\n\n<p>1823 \u2013 1837 &nbsp;<\/p>\n\n\n\n<p><a>Soldaten Magnus Pehrsson\nRuter, f. 11\/2 1791 (se nedan)<\/a><\/p>\n\n\n\n<p>Soldat\nf\u00f6r Linnefalla rote nr. 40, 1809 \u2013 1845 <\/p>\n\n\n\n<p>h.\nSissa Johansdotter, f. 30\/12&nbsp; 1783<\/p>\n\n\n\n<p>1837\n\u2013 1838 <\/p>\n\n\n\n<p>Dr.\nJon Jonsson, f. 23\/11&nbsp; 1813<\/p>\n\n\n\n<p>1850 \u2013 1854 <\/p>\n\n\n\n<p>Lars Pehrsson, f. 28\/1 1787<\/p>\n\n\n\n<p>h. Ingjerd Tufvidsdotter, f.26\/9 1826<\/p>\n\n\n\n<p>1849 \u2013 1853 <\/p>\n\n\n\n<p>Inhyse soldaten Magnus Pehrsson Ruter, f.\n11\/2 1791<\/p>\n\n\n\n<p>h. Sissa Johansdotter, f. 30\/12 1783<\/p>\n\n\n\n<p>1865 \u00e4gdes marken av Anders Jonsson<\/p>\n\n\n\n<p>1865 \u2013 1871 bodde Andreas W\u00e4rja och hans\nfamilj i en backstuga p\u00e5<\/p>\n\n\n\n<p>Anders Jonssons mark i Linnefalla Ng. Utj.<\/p>\n\n\n\n<p>Det \u00e4r troligt att det \u00e4r G\u00e5saboda backstuga\neftersom inga andra <\/p>\n\n\n\n<p>backstugor omn\u00e4mns<\/p>\n\n\n\n<p>N\u00e5gra synliga rester av stugan finns inte\nkvar. G\u00e5saboda \u00e4r utsatt p\u00e5 fastighetskartan, bel\u00e4get p\u00e5 en mindre h\u00f6jd n\u00e4ra\ngr\u00e4nsen mot K\u00f6lshult<\/p>\n\n\n\n<p>GPS: ca N56.52779 E14.02259<\/p>\n\n\n\n<p>K\u00e4lla: Kyrkoarkiv, AI\/9 s.91, AI\/10 s.136,\nAI\/11 s.148, AI\/12 s.132<\/p>\n\n\n\n<p>AI\/15 s.182, AI\/16 s.204; F\/I s 177; <\/p>\n\n\n\n<p>G\u00e5saboda forts.<\/p>\n\n\n\n<p>Anm: Magnus Ruter avlider 19\/6 1854\nJ\u00f6nsholmens torp, Thorsholma<\/p>\n\n\n\n<p>D\u00f6dsorsak: Qvafhosta och l\u00e4nge \u00f6fvad dryckenskap.<\/p>\n\n\n\n<p>F\u00f6dd i Romarhylte, G\u00f6theryd\u2026 vid 17 \u00e5rs\n\u00e5lder krigstj\u00e4nst vid Kronobergs Regemente f\u00f6r Linnefalla och Lind\u00e5s. Bevistat\nflera Commenderingar och f\u00e4ltt\u00e5g 1808 till1814, samt d\u00e4refter m\u00f6ten och\nGeneralm\u00f6nstringar p\u00e5 Kronobergshed och arbetskommendering vid G\u00f6ta Kanal. Blev\nbefordrad till v. Corporal 1826 och Schaktm\u00e4stare -25. Gifte sig 1817 med pigan\nSissa Jonsdotter fr\u00e5n G\u00e5rdstak\u00f6p. 3 barn, 1 son o 2 d\u00f6ttrar som d\u00f6df\u00f6dde kommo\ntill verlden, afsked med pension 1845, frisk\u2014blef sjuk af qvafhosta f\u00f6r 2 \u00e5r\nsedan och dog d\u00e4raf d. 19 juni 1854, 63 \u00e5r, 4m o 8 dagar gammal. En stor\ndrinkare, men som det typiska p\u00e5\u2026 \u00e5ngerfull.<\/p>\n","protected":false},"excerpt":{"rendered":"<p>\u00e4ven kallat G\u00e5saholm Under Linnefalla Ng. Utj. 2:5 Bebott:1823 \u2013 1854 1823 \u2013 1837 &nbsp; Soldaten Magnus Pehrsson Ruter, f. 11\/2 1791 (se nedan) Soldat f\u00f6r Linnefalla rote nr. 40, 1809 \u2013 1845 h. Sissa Johansdotter, f. 30\/12&nbsp; 1783 1837 &hellip; <a href=\"https:\/\/hallaryd.se\/?page_id=1857\">Continue reading <span class=\"meta-nav\">&rarr;<\/span><\/a><\/p>\n","protected":false},"author":12,"featured_media":0,"parent":0,"menu_order":0,"comment_status":"closed","ping_status":"closed","template":"","meta":{"footnotes":""},"class_list":["post-1857","page","type-page","status-publish","hentry"],"_links":{"self":[{"href":"https:\/\/hallaryd.se\/index.php?rest_route=\/wp\/v2\/pages\/1857","targetHints":{"allow":["GET"]}}],"collection":[{"href":"https:\/\/hallaryd.se\/index.php?rest_route=\/wp\/v2\/pages"}],"about":[{"href":"https:\/\/hallaryd.se\/index.php?rest_route=\/wp\/v2\/types\/page"}],"author":[{"embeddable":true,"href":"https:\/\/hallaryd.se\/index.php?rest_route=\/wp\/v2\/users\/12"}],"replies":[{"embeddable":true,"href":"https:\/\/hallaryd.se\/index.php?rest_route=%2Fwp%2Fv2%2Fcomments&post=1857"}],"version-history":[{"count":1,"href":"https:\/\/hallaryd.se\/index.php?rest_route=\/wp\/v2\/pages\/1857\/revisions"}],"predecessor-version":[{"id":1858,"href":"https:\/\/hallaryd.se\/index.php?rest_route=\/wp\/v2\/pages\/1857\/revisions\/1858"}],"wp:attachment":[{"href":"https:\/\/hallaryd.se\/index.php?rest_route=%2Fwp%2Fv2%2Fmedia&parent=1857"}],"curies":[{"name":"wp","href":"https:\/\/api.w.org\/{rel}","templated":true}]}}