{"id":1847,"date":"2022-02-26T12:37:51","date_gmt":"2022-02-26T11:37:51","guid":{"rendered":"http:\/\/hallaryd.se\/?page_id=1847"},"modified":"2022-02-26T12:37:52","modified_gmt":"2022-02-26T11:37:52","slug":"torshalla","status":"publish","type":"page","link":"https:\/\/hallaryd.se\/?page_id=1847","title":{"rendered":"Torsh\u00e4lla"},"content":{"rendered":"\n<p>Under Lind\u00e5s 1:22<\/p>\n\n\n\n<p>Bebott: 1894-1936, 2020 sommarhus<\/p>\n\n\n\n<p>1894-1900: kallat Lindsholm<\/p>\n\n\n\n<p>Gratialisten Gudmund Persson Thor f. 30\/8\n1816, d\u00f6d 16\/11 1895<\/p>\n\n\n\n<p>Har varit soldat f\u00f6r Torsholma rote 43,\n\u00e5ren 1839-1870<\/p>\n\n\n\n<p>h. Svenborg Simonsdotter f. 21\/4 1828, d\u00f6d\n20\/1 1900<\/p>\n\n\n\n<p>1897-1905: kallat Lindshall<\/p>\n\n\n\n<p>Smed, torpare, Johan Bengtsson Rundqvist,\nf. 10\/7 1863<\/p>\n\n\n\n<p>h. Ida Karolina Rundqvist, f. S\u00e4llblad 6\/8\n1864 i Stenbrohult<\/p>\n\n\n\n<p>Barn: Selma Sara Elisabet, f 14\/19\n1899 i Hallaryd, gift 1934<\/p>\n\n\n\n<p>1906-1935: Huset \u00e4ger Selma Sara E Olin f.\nRundqvist i Sk\u00f6ldsbygd<\/p>\n\n\n\n<p>Smed, torp. Johan Bengtsson Rundqvist, f.\n1863, gift 1898, d\u00f6d 1934,<\/p>\n\n\n\n<p>h. Ida Karolina Rundqvist, f. S\u00e4llblad 6\/8\n1864 i Stenbrohult, d\u00f6d 1934<\/p>\n\n\n\n<p>Barn: Selma Sara Elisabet, f 14\/10\n1899 i Hallaryd, gift 1934, flyttar till G\u00f6teryd 1934.<\/p>\n\n\n\n<p>1936-1948: <\/p>\n\n\n\n<p>Huset \u00e4gs av Selma Sara E Olin f.\nRundqvist i Sk\u00f6ldsbygd<\/p>\n\n\n\n<p>Ingen skriven p\u00e5 torpet.<\/p>\n\n\n\n<p>1964-: som \u00e4nka flyttar Selma Olin\ntillbaka till Torsh\u00e4lla.<\/p>\n\n\n\n<p>Lindshall 1:22 (=Torsh\u00e4lla) <\/p>\n\n\n\n<p>GPS: N56.51193 E14.05199<\/p>\n\n\n\n<p>sista huset utmed v\u00e4gen innan Sk\u00e5negr\u00e4nsen\n<\/p>\n\n\n\n<p>K\u00e4lla: AI\/21,\ns 188; AII\/1, s 242, s 245; AII\/2, s 242; AII\/3, s 254; AII\/4, s 255; <\/p>\n","protected":false},"excerpt":{"rendered":"<p>Under Lind\u00e5s 1:22 Bebott: 1894-1936, 2020 sommarhus 1894-1900: kallat Lindsholm Gratialisten Gudmund Persson Thor f. 30\/8 1816, d\u00f6d 16\/11 1895 Har varit soldat f\u00f6r Torsholma rote 43, \u00e5ren 1839-1870 h. Svenborg Simonsdotter f. 21\/4 1828, d\u00f6d 20\/1 1900 1897-1905: kallat &hellip; <a href=\"https:\/\/hallaryd.se\/?page_id=1847\">Continue reading <span class=\"meta-nav\">&rarr;<\/span><\/a><\/p>\n","protected":false},"author":12,"featured_media":0,"parent":0,"menu_order":0,"comment_status":"closed","ping_status":"closed","template":"","meta":{"footnotes":""},"class_list":["post-1847","page","type-page","status-publish","hentry"],"_links":{"self":[{"href":"https:\/\/hallaryd.se\/index.php?rest_route=\/wp\/v2\/pages\/1847","targetHints":{"allow":["GET"]}}],"collection":[{"href":"https:\/\/hallaryd.se\/index.php?rest_route=\/wp\/v2\/pages"}],"about":[{"href":"https:\/\/hallaryd.se\/index.php?rest_route=\/wp\/v2\/types\/page"}],"author":[{"embeddable":true,"href":"https:\/\/hallaryd.se\/index.php?rest_route=\/wp\/v2\/users\/12"}],"replies":[{"embeddable":true,"href":"https:\/\/hallaryd.se\/index.php?rest_route=%2Fwp%2Fv2%2Fcomments&post=1847"}],"version-history":[{"count":1,"href":"https:\/\/hallaryd.se\/index.php?rest_route=\/wp\/v2\/pages\/1847\/revisions"}],"predecessor-version":[{"id":1849,"href":"https:\/\/hallaryd.se\/index.php?rest_route=\/wp\/v2\/pages\/1847\/revisions\/1849"}],"wp:attachment":[{"href":"https:\/\/hallaryd.se\/index.php?rest_route=%2Fwp%2Fv2%2Fmedia&parent=1847"}],"curies":[{"name":"wp","href":"https:\/\/api.w.org\/{rel}","templated":true}]}}