{"id":1836,"date":"2022-02-26T12:33:27","date_gmt":"2022-02-26T11:33:27","guid":{"rendered":"http:\/\/hallaryd.se\/?page_id=1836"},"modified":"2022-02-26T12:33:28","modified_gmt":"2022-02-26T11:33:28","slug":"gronadal-2","status":"publish","type":"page","link":"https:\/\/hallaryd.se\/?page_id=1836","title":{"rendered":"Gr\u00f6nadal"},"content":{"rendered":"\n<p>Idag: Lind\u00e5s 1:25<\/p>\n\n\n\n<p>Torp fr\u00e5n 1866-<\/p>\n\n\n\n<p>1866-1894: (fam kom fr\u00e5n Linnefalla Sg &nbsp;utjord)<\/p>\n\n\n\n<p>Lars Persson d.y. f. 2\/5 1820 i G\u00f6teryd,\nd\u00f6d 1891<\/p>\n\n\n\n<p>h. Sara Jonsdotter f. 15\/2 1822 i\nHallaryd, d\u00f6d 1888<\/p>\n\n\n\n<p>Barn: Pehr, f. 19\/4 1851, flyttat till\nLoshult 1870, Bengta f. 1854, Jon f. 1856, Anders f. 1858, Jon f. 1856, Olof\nLarsson f. 1860, Sven f. 1863<\/p>\n\n\n\n<p>(Anders, Jon och Sven utvandrar i N.\nAmerika 82-85<\/p>\n\n\n\n<p>1878-1880:<\/p>\n\n\n\n<p>Inhyse Smeden John \u00c5kesson f. 1852 i\nLoshult<\/p>\n\n\n\n<p>h.nr 1 Johanna Andersdotter f. 1851 i\nHallaryd, d\u00f6d 1878<\/p>\n\n\n\n<p>Johns 2:a hustru Ingrid Andersdotter f.\n1854 i Witseltofta (kom -79)<\/p>\n\n\n\n<p>Son August Theodor f. 9\/11 1879, familjen\nflyttar 1880 till Starsholma<\/p>\n\n\n\n<p>Inh. August Petersson Brolin f. 1859 i\nG\u00f6theryd<\/p>\n\n\n\n<p>1894-1938: torp Gr\u00f6nadal<\/p>\n\n\n\n<p>Olof Larsson, f. 20\/10 1860 i Hallaryd,\ntorpare, l\u00e5ghalt, gift 1894<\/p>\n\n\n\n<p>h. Pernilla Johansdotter f. 1\/9 1870 i\nOusby<\/p>\n\n\n\n<p>Barn: Johan Hjalmar f. 15\/10 1894, d\u00f6d 27\/2\n1924 i hj\u00e4rtfel, <\/p>\n\n\n\n<p>Anna Matilda f. 14\/3 1898, Edvin f. 15\/5 1904<\/p>\n\n\n\n<p>Annas trolovningsbarn Erik Torsten f.\n1934, fader Josef Johannesson<\/p>\n\n\n\n<p>Anna och barnet flyttar till Kr\u00e5keryd Ng\nutjord. De gifter sig 1935.<\/p>\n\n\n\n<p>1939-1948:<\/p>\n\n\n\n<p>Olof Larsson, f. 1860, h. Pernilla\nJohansdotter f. 1870<\/p>\n\n\n\n<p>Edvin Larsson f. 1904, gift 1939 med<\/p>\n\n\n\n<p>h. Herta Elenora Hildegard f. Karlsson\n25\/1 1905 i G\u00f6teryd<\/p>\n\n\n\n<p>Gr\u00f6nadal forts.<\/p>\n\n\n\n<p>2020: Sommarbostad, Lind\u00e5s1:25, avstyckat\nfr\u00e5n Lind\u00e5s1:4, Ingrid o Thord Johansson, \u00c4lmhult<\/p>\n\n\n\n<p>GPS: N56.518998\nE14.055683<\/p>\n\n\n\n<p>K\u00e4lla: AI\/16,\ns 169; AI\/17, s 243; AI\/18, s 189; AI\/19, s 194; <\/p>\n\n\n\n<p>AI\/20, s 192;\nAI\/21, s 189; AII\/1, s 240; AII\/2, s 238; AII\/3, s 251; AII\/4, s 253;\nH\u00e4radsskrivaren I Sunnerbo 1941, bild 7500<\/p>\n","protected":false},"excerpt":{"rendered":"<p>Idag: Lind\u00e5s 1:25 Torp fr\u00e5n 1866- 1866-1894: (fam kom fr\u00e5n Linnefalla Sg &nbsp;utjord) Lars Persson d.y. f. 2\/5 1820 i G\u00f6teryd, d\u00f6d 1891 h. Sara Jonsdotter f. 15\/2 1822 i Hallaryd, d\u00f6d 1888 Barn: Pehr, f. 19\/4 1851, flyttat till &hellip; <a href=\"https:\/\/hallaryd.se\/?page_id=1836\">Continue reading <span class=\"meta-nav\">&rarr;<\/span><\/a><\/p>\n","protected":false},"author":12,"featured_media":0,"parent":0,"menu_order":0,"comment_status":"closed","ping_status":"closed","template":"","meta":{"footnotes":""},"class_list":["post-1836","page","type-page","status-publish","hentry"],"_links":{"self":[{"href":"https:\/\/hallaryd.se\/index.php?rest_route=\/wp\/v2\/pages\/1836","targetHints":{"allow":["GET"]}}],"collection":[{"href":"https:\/\/hallaryd.se\/index.php?rest_route=\/wp\/v2\/pages"}],"about":[{"href":"https:\/\/hallaryd.se\/index.php?rest_route=\/wp\/v2\/types\/page"}],"author":[{"embeddable":true,"href":"https:\/\/hallaryd.se\/index.php?rest_route=\/wp\/v2\/users\/12"}],"replies":[{"embeddable":true,"href":"https:\/\/hallaryd.se\/index.php?rest_route=%2Fwp%2Fv2%2Fcomments&post=1836"}],"version-history":[{"count":1,"href":"https:\/\/hallaryd.se\/index.php?rest_route=\/wp\/v2\/pages\/1836\/revisions"}],"predecessor-version":[{"id":1837,"href":"https:\/\/hallaryd.se\/index.php?rest_route=\/wp\/v2\/pages\/1836\/revisions\/1837"}],"wp:attachment":[{"href":"https:\/\/hallaryd.se\/index.php?rest_route=%2Fwp%2Fv2%2Fmedia&parent=1836"}],"curies":[{"name":"wp","href":"https:\/\/api.w.org\/{rel}","templated":true}]}}