{"id":1830,"date":"2022-02-26T12:30:14","date_gmt":"2022-02-26T11:30:14","guid":{"rendered":"http:\/\/hallaryd.se\/?page_id=1830"},"modified":"2022-02-26T12:30:16","modified_gmt":"2022-02-26T11:30:16","slug":"sodratorp-2","status":"publish","type":"page","link":"https:\/\/hallaryd.se\/?page_id=1830","title":{"rendered":"S\u00f6dratorp"},"content":{"rendered":"\n<p>Under Kr\u00e5keryd Sg<\/p>\n\n\n\n<p>Bebott: 1780-1835<\/p>\n\n\n\n<p>1780-1785:<\/p>\n\n\n\n<p>Jon Persson f. 15\/10\n1756, h. Svenborg Gummesdr. i G\u00f6theryd, f. 9\/7 1747,<\/p>\n\n\n\n<p>1785-1802:<\/p>\n\n\n\n<p>Jon Persson f. 1756, h.\nSvenborg Gummesdr, f 1747, <\/p>\n\n\n\n<p>d. Karin Jonsdotter f.\n1787, Kirstin Jonsdotter f. 1791<\/p>\n\n\n\n<p>Inh. Eric Larsson f. 1738, 1797-1799: dr. Jonas Holm f 1772<\/p>\n\n\n\n<p>1800-1805:<\/p>\n\n\n\n<p>Jon Persson f. 1756, h.\nSvenborg Gummesdr f. 1747, d. Karin Jonsdotter f. 1787, Kirstin Jonsdotter f.\n1791<\/p>\n\n\n\n<p>1806-1810:<\/p>\n\n\n\n<p>Jon Persson f. 1756, h.\nSvenborg Gummesdr f. 1747,<\/p>\n\n\n\n<p>1811-1815: <\/p>\n\n\n\n<p>Jon Persson f. 1756, Svenborg\navlider 2\/5 1812, Karin flyttar till Witseltofta 1812 och Kerstin flyttar till\nOusby 1814.<\/p>\n\n\n\n<p>1816-1819:<\/p>\n\n\n\n<p>Enk. Jon Persson, dottern\nKerstin Jonsdotter gifter sig med Per M\u00e5nsson f. 1793 och f\u00e5r dottern Sissa\nPersdotter f 10\/12 1819<\/p>\n\n\n\n<p>1820-1828:<\/p>\n\n\n\n<p>Per M\u00e5nsson f. 25\/2 1793,\nh. Kjerstin Jonsdotter f. 1791, d. Sissa f.1819, Svenborg f. 18\/3 1823, inh.\nJon Persson<\/p>\n\n\n\n<p>S\u00f6dratorp\nforts.<\/p>\n\n\n\n<p>1828-1834:<\/p>\n\n\n\n<p>Jon avlider 1831. Karin\navlider 1833. Per avlider 1834 och Kjerstin avlider 1835, dottern Sissa o\nSvenborg kvar, en son Per f\u00f6ds 28\/4 1830 och en dotter Ingjerd f. 14\/9 1832,\navlider 1835. Sissa o Svenborg \u201df\u00f6rmanade till ett b\u00e4ttre leverne\u201d.<\/p>\n\n\n\n<p>1834: Pehr f. 1830 vistas\nhos sl\u00e4ktingar i Sandby.<\/p>\n\n\n\n<p>GPS: ca N56.48281\nE13.9035<\/p>\n\n\n\n<p>b\u00f6r ligga vid\n\u00c5rbohultsv\u00e4gen ca 150 m fr\u00e5n \u201dNisses hus\u201d.<\/p>\n\n\n\n<p>K\u00e4lla: AI\/,1758, sid 532;\nAI\/4, 1785-, sid 64,204, 384; AI\/5, 1800-, sid 98; AI\/6,1806-, sid 140; AI\/7,\n1811-, sid 68; AI\/8, 1816-, sid 70; AI\/9, 1820-,sid 84;<\/p>\n\n\n\n<p>AI10,1825-, sid 125;\nAI\/11,1828-, sid 136; AI\/12, 1834-, sid 122; <\/p>\n","protected":false},"excerpt":{"rendered":"<p>Under Kr\u00e5keryd Sg Bebott: 1780-1835 1780-1785: Jon Persson f. 15\/10 1756, h. Svenborg Gummesdr. i G\u00f6theryd, f. 9\/7 1747, 1785-1802: Jon Persson f. 1756, h. Svenborg Gummesdr, f 1747, d. Karin Jonsdotter f. 1787, Kirstin Jonsdotter f. 1791 Inh. Eric &hellip; <a href=\"https:\/\/hallaryd.se\/?page_id=1830\">Continue reading <span class=\"meta-nav\">&rarr;<\/span><\/a><\/p>\n","protected":false},"author":12,"featured_media":0,"parent":0,"menu_order":0,"comment_status":"closed","ping_status":"closed","template":"","meta":{"footnotes":""},"class_list":["post-1830","page","type-page","status-publish","hentry"],"_links":{"self":[{"href":"https:\/\/hallaryd.se\/index.php?rest_route=\/wp\/v2\/pages\/1830","targetHints":{"allow":["GET"]}}],"collection":[{"href":"https:\/\/hallaryd.se\/index.php?rest_route=\/wp\/v2\/pages"}],"about":[{"href":"https:\/\/hallaryd.se\/index.php?rest_route=\/wp\/v2\/types\/page"}],"author":[{"embeddable":true,"href":"https:\/\/hallaryd.se\/index.php?rest_route=\/wp\/v2\/users\/12"}],"replies":[{"embeddable":true,"href":"https:\/\/hallaryd.se\/index.php?rest_route=%2Fwp%2Fv2%2Fcomments&post=1830"}],"version-history":[{"count":1,"href":"https:\/\/hallaryd.se\/index.php?rest_route=\/wp\/v2\/pages\/1830\/revisions"}],"predecessor-version":[{"id":1831,"href":"https:\/\/hallaryd.se\/index.php?rest_route=\/wp\/v2\/pages\/1830\/revisions\/1831"}],"wp:attachment":[{"href":"https:\/\/hallaryd.se\/index.php?rest_route=%2Fwp%2Fv2%2Fmedia&parent=1830"}],"curies":[{"name":"wp","href":"https:\/\/api.w.org\/{rel}","templated":true}]}}