{"id":1817,"date":"2022-02-26T12:25:55","date_gmt":"2022-02-26T11:25:55","guid":{"rendered":"http:\/\/hallaryd.se\/?page_id=1817"},"modified":"2022-02-26T12:25:58","modified_gmt":"2022-02-26T11:25:58","slug":"nyboda","status":"publish","type":"page","link":"https:\/\/hallaryd.se\/?page_id=1817","title":{"rendered":"Nyboda"},"content":{"rendered":"\n<p>Under Kr\u00e5keryd Utj. 1:10 (f.d. 5\/96 mtl)<\/p>\n\n\n\n<p>Bebott: 1839-1851 (efter 1851 eget mantal)<\/p>\n\n\n\n<p>P\u00e5 laga skifteskartor 07-HAL-73 sid 67 o\n76, finns No 63 Svenstorp och No 68 Nyboda. De verkar ligga andra sidan v\u00e4gen,\nmitt emot Sune Lunds utfart.<\/p>\n\n\n\n<p>1839-1844: Nyboda, Kr\u00e5keryd Ng<\/p>\n\n\n\n<p>Pig. Anna Svensdotter f. 1813, flyttar\n1840 till Br\u00e5nahult, Kalvshult Vg<\/p>\n\n\n\n<p>dr. Eric Svensson f. 1811, flyttar 1841, dr.\nNils Svensson f. 1825<\/p>\n\n\n\n<p>Undantag. Anders Andersson f. 1771, h.\nEsther Svensdotter f. 1764<\/p>\n\n\n\n<p>1844-1849: Nyboda, Kr\u00e5keryd Ng<\/p>\n\n\n\n<p>dr\u00e4ng Nils Svensson f. 24\/2 1825, flyttar\ntill Hinneryd 1846, &nbsp;<\/p>\n\n\n\n<p>inh. Sven Eriksson f 1780 i H\u00e4rlunda, h.\nAnna Nilsdotter f. 1785, d\u00f6d 1848, dotter Ingeborg f.1814, \u201dd\u00f6fstum,\nfattighjon\u201d, d\u00f6d 1844<\/p>\n\n\n\n<p>1849-1851: Kr\u00e5keryd Ng<\/p>\n\n\n\n<p>Nyboda: Inhyses enkoman Sven Eriksson f.\n7\/9 1780 i H\u00e4rlunda, anm. \u201df\u00e5tt till\u00e5telse att bruka fastighet marken i\nSvaneryd den 4\/10 1851?\u201d<\/p>\n\n\n\n<p>1851-1853: <\/p>\n\n\n\n<p>Flyttas Nyboda och Svenstorp till Kr\u00e5keryd\nNorreg. Utj vid gr\u00e4nsen Lind\u00e5s och K\u00f6lshult. Det avstyckas 5\/96 mtl till b\u00e5de\nhusen.<\/p>\n\n\n\n<p>1853-1861: 5\/96 mtl (Kr\u00e5keryd utj. 1:10)<\/p>\n\n\n\n<p>Erik Eriksson f. 24\/4 1820, varit gift\ntidigare. h.2: a giftet Britta Stina G\u00f6ransdotter f 26\/8 1825 (som har varit\ngift med soldat Jon M\u00e5nsson Blomma f. 1828, d\u00f6d 11\/11 1852 under en\ngarnisonsbevakning i Malm\u00f6. Han hade varit soldat f\u00f6r Kruseb\u00f6ke rot 42,\n1847-1852).<\/p>\n\n\n\n<p>Britta Stina och Jon har barnen Bengta f.\n1840, Elin f. 1845, Hanna f. 1847och Mathias f. 1852, d\u00f6d 1853. <\/p>\n\n\n\n<p>Tillsammans med Erik f\u00e5r hon Olof f. 1854\noch Elsa f. 1860. &nbsp;<\/p>\n\n\n\n<p>Familjen flyttar till Stenbrohult 1861<\/p>\n\n\n\n<p>Nyboda forts.<\/p>\n\n\n\n<p>1861-1916: 5\/96 mtl<\/p>\n\n\n\n<p>Nils Svensson f. 11\/8 1830 i Hallaryd,&nbsp; d\u00f6d 15\/4 1916<\/p>\n\n\n\n<p>h. Svenborg J\u00f6nsdotter f. 14\/10 1818 i\nLoshult, &nbsp;d\u00f6d 19\/4 1898<\/p>\n\n\n\n<p>Barn: Bengta f. 2\/12 1863 i Hallaryd<\/p>\n\n\n\n<p>Bengta Nilsdotter gifter sig 1889 med\nsoldat Olof Svensson Kjellberg f. 1865. Hon blir \u00e4nka 1894.&nbsp; Barn: Borgardt Severin f. 1890 och Ivar\nGottfrid f. 1893<\/p>\n\n\n\n<p>Bengta gifter om sig 1900 med Bengt\nNilsson och flyttar till Loshult 1900<\/p>\n\n\n\n<p>Nils Svensson f. 1830, d\u00f6d 1916<\/p>\n\n\n\n<p>1916-1937: <\/p>\n\n\n\n<p>\u00c4gare Sven Trulsson f. 6\/8 1865 i Loshult,\nd\u00f6d 18\/4 1937<\/p>\n\n\n\n<p>1925-&nbsp;\n: hush\u00e5llerska Alma Bengtsson f. 1883<\/p>\n\n\n\n<p>1937-&nbsp;\n: <\/p>\n\n\n\n<p>Alma Bengtsson f. 16\/5 1883 i Loshult, st\u00e5r\nsom \u00e4gare till <strong>1:10<\/strong><\/p>\n\n\n\n<p>&nbsp;&nbsp;&nbsp;&nbsp;&nbsp;&nbsp;&nbsp;&nbsp;&nbsp;&nbsp;&nbsp; Bor\nkvar som ny \u00e4gare.<\/p>\n\n\n\n<p>GPS:<\/p>\n\n\n\n<p>K\u00e4lla:&nbsp; AI\/10, s 122, s 153; AI\/13, s 157, 162;\nAI\/14, s 151; AI\/15, s 163; AI\/16, s 173; AI\/17, 1861-, s 169b; AI\/18,\n1870-,s134; AI\/19, 1876-, s 136; AI\/20, s 134; AI\/21, s 131; AII\/1, s 211;\nAII\/2, s 209;&nbsp; AII\/3, s 226; <\/p>\n\n\n\n<p>AII\/4, 1936- s 228<\/p>\n\n\n\n<p>Thore Brog\u00e5rdh: Bland g\u00f6ingar och\nsm\u00e5l\u00e4nningar sid 74 (Alma B)<\/p>\n","protected":false},"excerpt":{"rendered":"<p>Under Kr\u00e5keryd Utj. 1:10 (f.d. 5\/96 mtl) Bebott: 1839-1851 (efter 1851 eget mantal) P\u00e5 laga skifteskartor 07-HAL-73 sid 67 o 76, finns No 63 Svenstorp och No 68 Nyboda. De verkar ligga andra sidan v\u00e4gen, mitt emot Sune Lunds utfart. &hellip; <a href=\"https:\/\/hallaryd.se\/?page_id=1817\">Continue reading <span class=\"meta-nav\">&rarr;<\/span><\/a><\/p>\n","protected":false},"author":12,"featured_media":0,"parent":0,"menu_order":0,"comment_status":"closed","ping_status":"closed","template":"","meta":{"footnotes":""},"class_list":["post-1817","page","type-page","status-publish","hentry"],"_links":{"self":[{"href":"https:\/\/hallaryd.se\/index.php?rest_route=\/wp\/v2\/pages\/1817","targetHints":{"allow":["GET"]}}],"collection":[{"href":"https:\/\/hallaryd.se\/index.php?rest_route=\/wp\/v2\/pages"}],"about":[{"href":"https:\/\/hallaryd.se\/index.php?rest_route=\/wp\/v2\/types\/page"}],"author":[{"embeddable":true,"href":"https:\/\/hallaryd.se\/index.php?rest_route=\/wp\/v2\/users\/12"}],"replies":[{"embeddable":true,"href":"https:\/\/hallaryd.se\/index.php?rest_route=%2Fwp%2Fv2%2Fcomments&post=1817"}],"version-history":[{"count":1,"href":"https:\/\/hallaryd.se\/index.php?rest_route=\/wp\/v2\/pages\/1817\/revisions"}],"predecessor-version":[{"id":1819,"href":"https:\/\/hallaryd.se\/index.php?rest_route=\/wp\/v2\/pages\/1817\/revisions\/1819"}],"wp:attachment":[{"href":"https:\/\/hallaryd.se\/index.php?rest_route=%2Fwp%2Fv2%2Fmedia&parent=1817"}],"curies":[{"name":"wp","href":"https:\/\/api.w.org\/{rel}","templated":true}]}}