{"id":1747,"date":"2022-02-26T11:39:45","date_gmt":"2022-02-26T10:39:45","guid":{"rendered":"http:\/\/hallaryd.se\/?page_id=1747"},"modified":"2022-02-26T11:39:46","modified_gmt":"2022-02-26T10:39:46","slug":"mansatorp-aplehult","status":"publish","type":"page","link":"https:\/\/hallaryd.se\/?page_id=1747","title":{"rendered":"M\u00e5nsatorp\/Aplehult"},"content":{"rendered":"\n<p>Under H\u00e5rhult 1:3<\/p>\n\n\n\n<p>Bebott: 1795-1852 som torp, d\u00e4refter eget mantal<\/p>\n\n\n\n<p>1795-1834:<\/p>\n\n\n\n<p>M\u00e5ns Persson f. 7\/1 1766,\nh. Pernilla J\u00f6nsdotter f 1764 i Witseltofta, d\u00f6d 1832?<\/p>\n\n\n\n<p>Pig o dotter Malena\nM\u00e5nsdotter f 1796, son Per M\u00e5nsson f 1799, Ingjerd f. 1803, d\u00f6d 1804.<\/p>\n\n\n\n<p>1834-1844:<\/p>\n\n\n\n<p>Enkl. M\u00e5ns Persson f.\n1766, d\u00f6d 11\/1 1839<\/p>\n\n\n\n<p>Pig. Anna J\u00f6nsdotter f.\n1777 i Hamneda (sjuklig), flyttar 1840 till Hallaryd<\/p>\n\n\n\n<p>1844-1849: Endast rubrik\nM\u00e5nsatorp, Anm. \u201d1847 Nybygget\u201d<\/p>\n\n\n\n<p>1849-1860: blir nu eget\nmantal, 1\/16 mtl<\/p>\n\n\n\n<p>Abraham Appel d\u00f6pte om\nM\u00e5nsatorp till Aplehult<\/p>\n\n\n\n<p>Afsk. sold. Abraham Appel\nf. 29\/8 1809 i Hylte, G\u00f6theryd<\/p>\n\n\n\n<p>h. Sissa Pehrsdotter f.\n9\/5 1811 i Hallaryd, (b\u00f6r vara 19 maj 1811)<\/p>\n\n\n\n<p>1861-1880: 1\/16 mtl<\/p>\n\n\n\n<p>Afsk. sold. Abraham Appel f. 29\/8 1809 <\/p>\n\n\n\n<p>h. Sissa Pehrsdotter f.\n9\/5 1811,<\/p>\n\n\n\n<p>fosterbarnet Johan\nJ\u00f6nsson f 1864 bodde h\u00e4r ocks\u00e5 under n\u00e5gra \u00e5r.<\/p>\n\n\n\n<p>dr\u00e4ngen Anders Persson f.\n4\/9 1855 k\u00f6per torpet mellan 1876-1882<\/p>\n\n\n\n<p>1882-1905: 1\/16 mtl<\/p>\n\n\n\n<p>Anders Bengtsson, f. 9\/12\n1834 i Loshult, smed, (kom fr\u00e5n Krokslund 1882)<\/p>\n\n\n\n<p>h. Hanna Persdotter f.\n25\/6 1841 i Hallaryd<\/p>\n\n\n\n<p>Barn: Ingrid f. 1869, d\u00f6d\n1898, Johan, f 1875, d\u00f6d 1896, Albert f. 1881,<\/p>\n\n\n\n<p>Emil f. 1884,\nfosterdotter Evelina Bengtsdotter f. 1881 <\/p>\n\n\n\n<p>Undantag: Abraham Appell\nf. 1809, d\u00f6d 5\/4 1896<\/p>\n\n\n\n<p>h. Sissa Pehrsdotter f. 1811,\nd\u00f6d 1891<\/p>\n\n\n\n<p>M\u00e5nsatorp forts.<\/p>\n\n\n\n<p>GPS: N56.46741 E13.92844<\/p>\n\n\n\n<p>K\u00e4lla: AI\/4, s 444, s 572; AI\/5, s 174; AI\/6, 1806-, s 236; AI\/7, s 117,\ns 189; AI\/8, 1816-, s 102; AI\/9, 1820-, s138, 1825 del II, s 96; AI\/10, 1825-,\ns 187; AI\/11, 1828-, s 217; AI\/12, 1834-, s188a; AI\/13, 1839- , s 263; AI\/14,\n1844-, s 255; AI\/15, 1849-, s 270; AI\/16, 1852-, s 312, s 315; AI\/17, s 304;\nAI\/18, s 250; AI\/19, s 251; AI\/20, s 251; AI\/21, s 241; AII\/1, s 111; <\/p>\n","protected":false},"excerpt":{"rendered":"<p>Under H\u00e5rhult 1:3 Bebott: 1795-1852 som torp, d\u00e4refter eget mantal 1795-1834: M\u00e5ns Persson f. 7\/1 1766, h. Pernilla J\u00f6nsdotter f 1764 i Witseltofta, d\u00f6d 1832? Pig o dotter Malena M\u00e5nsdotter f 1796, son Per M\u00e5nsson f 1799, Ingjerd f. 1803, &hellip; <a href=\"https:\/\/hallaryd.se\/?page_id=1747\">Continue reading <span class=\"meta-nav\">&rarr;<\/span><\/a><\/p>\n","protected":false},"author":12,"featured_media":0,"parent":0,"menu_order":0,"comment_status":"closed","ping_status":"closed","template":"","meta":{"footnotes":""},"class_list":["post-1747","page","type-page","status-publish","hentry"],"_links":{"self":[{"href":"https:\/\/hallaryd.se\/index.php?rest_route=\/wp\/v2\/pages\/1747","targetHints":{"allow":["GET"]}}],"collection":[{"href":"https:\/\/hallaryd.se\/index.php?rest_route=\/wp\/v2\/pages"}],"about":[{"href":"https:\/\/hallaryd.se\/index.php?rest_route=\/wp\/v2\/types\/page"}],"author":[{"embeddable":true,"href":"https:\/\/hallaryd.se\/index.php?rest_route=\/wp\/v2\/users\/12"}],"replies":[{"embeddable":true,"href":"https:\/\/hallaryd.se\/index.php?rest_route=%2Fwp%2Fv2%2Fcomments&post=1747"}],"version-history":[{"count":1,"href":"https:\/\/hallaryd.se\/index.php?rest_route=\/wp\/v2\/pages\/1747\/revisions"}],"predecessor-version":[{"id":1748,"href":"https:\/\/hallaryd.se\/index.php?rest_route=\/wp\/v2\/pages\/1747\/revisions\/1748"}],"wp:attachment":[{"href":"https:\/\/hallaryd.se\/index.php?rest_route=%2Fwp%2Fv2%2Fmedia&parent=1747"}],"curies":[{"name":"wp","href":"https:\/\/api.w.org\/{rel}","templated":true}]}}