{"id":1741,"date":"2022-02-26T11:33:39","date_gmt":"2022-02-26T10:33:39","guid":{"rendered":"http:\/\/hallaryd.se\/?page_id=1741"},"modified":"2022-02-26T11:33:41","modified_gmt":"2022-02-26T10:33:41","slug":"nyang","status":"publish","type":"page","link":"https:\/\/hallaryd.se\/?page_id=1741","title":{"rendered":"Ny\u00e4ng"},"content":{"rendered":"\n<p>Under: Hallseryd&nbsp; 1:24<\/p>\n\n\n\n<p>1829 \u2013 1868<\/p>\n\n\n\n<p>1829 \u2013 1832<\/p>\n\n\n\n<p>Enkl. P\u00e5l Eskilsson&nbsp; f. 5\/12&nbsp;\n1765<\/p>\n\n\n\n<p>Pigan Elsa Svensdotter&nbsp; f. 7\/8&nbsp;\n1806,&nbsp; flyttar ut 1832<\/p>\n\n\n\n<p>1832 \u2013 1839 <\/p>\n\n\n\n<p>sonen Johannes P\u00e5lsson&nbsp; f. 9\/8&nbsp;\n1799,&nbsp;&nbsp; d. 2\/5&nbsp; 1838<\/p>\n\n\n\n<p>Pigan Johanna Bengtsdotter&nbsp; f. 14\/2&nbsp;\n1819, flyttar till Osby 1839<\/p>\n\n\n\n<p>1842 \u2013 1843 <\/p>\n\n\n\n<p>Pigan Pernilla Bengtsdotter, f. 4\/1&nbsp; 1816,&nbsp;\nframf\u00f6der den 8 mars 1842 ett <\/p>\n\n\n\n<p>o.\u00e4. flickebarn som dog 30 aug. samma \u00e5r. Pernilla\nflyttar till H\u00e4stveda 1843 <\/p>\n\n\n\n<p> Enkl.\nP\u00e5l Eskilsson ovan, \u00e4r kvar p\u00e5 torpet, d\u00f6d 9\/6 1848<\/p>\n\n\n\n<p>1846 \u2013 1849<\/p>\n\n\n\n<p>G\u00f6ran Nilsson&nbsp; f. 1\/12&nbsp;\n1804, arbetar p\u00e5 Klippans pappersbruk fr\u00e5n 1847<\/p>\n\n\n\n<p>h.h Pernilla Jonasdotter&nbsp; f. 28\/3&nbsp;\n1818<\/p>\n\n\n\n<p>d. Nilla f. 1837, Johanna f. 1839, Ingjerd\nf. 1844, Anna-Lena f. 1848<\/p>\n\n\n\n<p>Familjen till Gyllenlund i Br\u00f6tan 1849<\/p>\n\n\n\n<p>1850 \u2013 1868<\/p>\n\n\n\n<p>Enk. Ingeborg Bengtsdotter&nbsp; f.&nbsp;\n27\/12&nbsp; 1796<\/p>\n\n\n\n<p>s. Carl Eriksson&nbsp; f. 28\/9&nbsp;\n1828&nbsp;&nbsp;&nbsp;&nbsp;&nbsp;&nbsp;&nbsp; flyttar ut 1855<\/p>\n\n\n\n<p>Pigan Bertha Bengtsdotter&nbsp; f. 25\/11&nbsp;\n1800,&nbsp;&nbsp; d. 1865<\/p>\n\n\n\n<p>M\u00e5ns Nilsson&nbsp; f. 19\/4&nbsp;\n1825&nbsp;&nbsp; fr\u00e5n Visseltofta flyttar in\n1860<\/p>\n\n\n\n<p>h.h Sissa Eriksdotter&nbsp; f. 21\/5&nbsp;\n1834,&nbsp; dotter till Ingeborg ovan<\/p>\n\n\n\n<p>De f\u00e5r dottern Elsa 30\/8 1860 och flyttar tillbaka\ntill Visseltofta 1861<\/p>\n\n\n\n<p>Enk. Ingeborg Bengtsdotter d\u00f6d 30\/10 1868<\/p>\n\n\n\n<p>Inga rester kvar av torpet<\/p>\n\n\n\n<p>GPS: N56.480813&nbsp; E13.837478<\/p>\n\n\n\n<p>K\u00e4lla: Kyrkoarkiv AI\/11 s.108, AI\/12 s.\n99, AI\/13 s. 132,<\/p>\n\n\n\n<p>AI\/14 s. 122, AI\/15 s. 130, AI\/16 s. 140,\nAI\/17 s. 139<\/p>\n","protected":false},"excerpt":{"rendered":"<p>Under: Hallseryd&nbsp; 1:24 1829 \u2013 1868 1829 \u2013 1832 Enkl. P\u00e5l Eskilsson&nbsp; f. 5\/12&nbsp; 1765 Pigan Elsa Svensdotter&nbsp; f. 7\/8&nbsp; 1806,&nbsp; flyttar ut 1832 1832 \u2013 1839 sonen Johannes P\u00e5lsson&nbsp; f. 9\/8&nbsp; 1799,&nbsp;&nbsp; d. 2\/5&nbsp; 1838 Pigan Johanna Bengtsdotter&nbsp; f. &hellip; <a href=\"https:\/\/hallaryd.se\/?page_id=1741\">Continue reading <span class=\"meta-nav\">&rarr;<\/span><\/a><\/p>\n","protected":false},"author":12,"featured_media":0,"parent":0,"menu_order":0,"comment_status":"closed","ping_status":"closed","template":"","meta":{"footnotes":""},"class_list":["post-1741","page","type-page","status-publish","hentry"],"_links":{"self":[{"href":"https:\/\/hallaryd.se\/index.php?rest_route=\/wp\/v2\/pages\/1741","targetHints":{"allow":["GET"]}}],"collection":[{"href":"https:\/\/hallaryd.se\/index.php?rest_route=\/wp\/v2\/pages"}],"about":[{"href":"https:\/\/hallaryd.se\/index.php?rest_route=\/wp\/v2\/types\/page"}],"author":[{"embeddable":true,"href":"https:\/\/hallaryd.se\/index.php?rest_route=\/wp\/v2\/users\/12"}],"replies":[{"embeddable":true,"href":"https:\/\/hallaryd.se\/index.php?rest_route=%2Fwp%2Fv2%2Fcomments&post=1741"}],"version-history":[{"count":1,"href":"https:\/\/hallaryd.se\/index.php?rest_route=\/wp\/v2\/pages\/1741\/revisions"}],"predecessor-version":[{"id":1742,"href":"https:\/\/hallaryd.se\/index.php?rest_route=\/wp\/v2\/pages\/1741\/revisions\/1742"}],"wp:attachment":[{"href":"https:\/\/hallaryd.se\/index.php?rest_route=%2Fwp%2Fv2%2Fmedia&parent=1741"}],"curies":[{"name":"wp","href":"https:\/\/api.w.org\/{rel}","templated":true}]}}