{"id":1736,"date":"2022-02-26T11:32:20","date_gmt":"2022-02-26T10:32:20","guid":{"rendered":"http:\/\/hallaryd.se\/?page_id=1736"},"modified":"2022-02-26T11:32:21","modified_gmt":"2022-02-26T10:32:21","slug":"amaden","status":"publish","type":"page","link":"https:\/\/hallaryd.se\/?page_id=1736","title":{"rendered":"\u00c5maden"},"content":{"rendered":"\n<p>Under Hallseryd 1:17<\/p>\n\n\n\n<p>Bebott: 1855-1880<\/p>\n\n\n\n<p>1855-1860:<\/p>\n\n\n\n<p>Trued Nilsson, f. 2\/4\n1826 i Hallaryd, h. Hanna Jonasdotter f. 18\/11 1829 i Hallaryd.<\/p>\n\n\n\n<p>Trued straffad f\u00f6r\nl\u00e4germ\u00e5l med pigan Thea Johnsdotter i Elleb\u00f6ke d. 8\/4 1860.<\/p>\n\n\n\n<p>Fick bevis till Farstorp\nd. 23\/10 1860, fick bevis till Sk\u00e5ne 1855, -56 o -58<\/p>\n\n\n\n<p>Hanna kom fr\u00e5n\nGr\u00e4sholmen, Hallseryd. Anm: \u201d<em>F\u00f6r ett\nd\u00f6f\u00f6tt flickebarn under .. med Trued Nilsson p\u00e5 \u00c5maden under Hallseryd\u201d. Omst.\nObj f\u00f6r l\u00e4ttsinnighet og \u00e4lskog?<\/em>\u201d. Hanna kommer till \u00c5maden 1860<\/p>\n\n\n\n<p>Trued varnad 2:a g\u00e5ngen\nf\u00f6r f\u00f6rbrytelse emot 4:e budordet??<\/p>\n\n\n\n<p>1861- 1869:<\/p>\n\n\n\n<p>Trued Nilsson, h. Hanna\nJonasdotter, barn Anna f. 10\/5 1861,d\u00f6d 1865, Bengta f. 12\/11 1863<\/p>\n\n\n\n<p>Trued: <em>Skrift f\u00f6r 1:a resan Lagors m\u00e5l. Bevis till\nSk\u00e5ne 1866, D 3\/1 1868 Obj. Sista&nbsp; \u2026 i\napptilement?.<\/em><\/p>\n\n\n\n<p>1870-1875: \u00c5maden struket\noch skrivs 1\/16 mtl<\/p>\n\n\n\n<p>Trued, Hanna o Bengta bor\nh\u00e4r d\u00e5.<\/p>\n\n\n\n<p>1876-1880:<\/p>\n\n\n\n<p>Trued d\u00f6ms f\u00f6r\nmordbr\u00e4nning, Hanna avlider 1877, Bengta flyttar 1878 till \u00d6rsn\u00e4s som piga.<\/p>\n\n\n\n<p>Trued: <em>\u201dF\u00f6r\nmordbrand, Den 7 juli 1879 vid Sunnerbo H\u00e4radsr\u00e4tt d\u00f6md till straffarbete i 8\n\u00e5r och f\u00f6rlust av medborgerligt f\u00f6rtroende f\u00f6r all tid.<\/em> Uppgifter kan g\u00e4lla\nHalseryd&nbsp; pr\u00f6fning&nbsp; underst\u00e4llt No 821\u201d?<\/p>\n\n\n\n<p>\u201dF\u00e4stningsbevis de d\u00f6mde\n\u00e5ters\u00e4nd till kronofogden Granqvist\u201d<\/p>\n\n\n\n<p>GPS: N56484382 E13.828419<\/p>\n\n\n\n<p>K\u00e4lla: AI\/16, 1852, sid\n133; AI\/17, 1861- , sid 134; AI\/18, 1870- ,sid 109; AI\/19, 1876- sid 110;<\/p>\n\n\n\n<p><strong>\u201dR\u00e4va-Trued\u201d<\/strong><\/p>\n\n\n\n<p>Han arbetade som dr\u00e4ng i Kimmelsbygd och hittade en\nskatt i en h\u00e4llkista. Forngraven ligger bel\u00e4gen p\u00e5 f.d. Albert J\u00f6nssons \u00e4gor.\nN\u00e4r de fr\u00e5gade Trued om hur mycket han hittade svarade han: \u201dJo, jag hittade s\u00e5\nmycket att jag blev rik\u201d, men det var ingen sanning f\u00f6r han var alltid fattig.\nHan reste till Danmark och s\u00e5lde silvret, men en del knappar och sp\u00e4nnen beh\u00f6ll\nhan. Knapparna sydde han in i sin v\u00e4st. Hans dotter R\u00e4va-Bengtan gick till\nValfrid Jonsson efter Truls d\u00f6d och s\u00e5lde allt f\u00f6r 10 kronor. Det finns\ntroligen bara ett sp\u00e4nne kvar fr\u00e5n den silverskatten i Kimmelsbygd efter att\ndet s\u00e5lts vidare till Edvin Karlsson i Killeberg, Killebergshandlaren kallad.\n(utdrag ur tidigare g\u00e5rdsinventering).<\/p>\n","protected":false},"excerpt":{"rendered":"<p>Under Hallseryd 1:17 Bebott: 1855-1880 1855-1860: Trued Nilsson, f. 2\/4 1826 i Hallaryd, h. Hanna Jonasdotter f. 18\/11 1829 i Hallaryd. Trued straffad f\u00f6r l\u00e4germ\u00e5l med pigan Thea Johnsdotter i Elleb\u00f6ke d. 8\/4 1860. Fick bevis till Farstorp d. 23\/10 &hellip; <a href=\"https:\/\/hallaryd.se\/?page_id=1736\">Continue reading <span class=\"meta-nav\">&rarr;<\/span><\/a><\/p>\n","protected":false},"author":12,"featured_media":0,"parent":0,"menu_order":0,"comment_status":"closed","ping_status":"closed","template":"","meta":{"footnotes":""},"class_list":["post-1736","page","type-page","status-publish","hentry"],"_links":{"self":[{"href":"https:\/\/hallaryd.se\/index.php?rest_route=\/wp\/v2\/pages\/1736","targetHints":{"allow":["GET"]}}],"collection":[{"href":"https:\/\/hallaryd.se\/index.php?rest_route=\/wp\/v2\/pages"}],"about":[{"href":"https:\/\/hallaryd.se\/index.php?rest_route=\/wp\/v2\/types\/page"}],"author":[{"embeddable":true,"href":"https:\/\/hallaryd.se\/index.php?rest_route=\/wp\/v2\/users\/12"}],"replies":[{"embeddable":true,"href":"https:\/\/hallaryd.se\/index.php?rest_route=%2Fwp%2Fv2%2Fcomments&post=1736"}],"version-history":[{"count":1,"href":"https:\/\/hallaryd.se\/index.php?rest_route=\/wp\/v2\/pages\/1736\/revisions"}],"predecessor-version":[{"id":1738,"href":"https:\/\/hallaryd.se\/index.php?rest_route=\/wp\/v2\/pages\/1736\/revisions\/1738"}],"wp:attachment":[{"href":"https:\/\/hallaryd.se\/index.php?rest_route=%2Fwp%2Fv2%2Fmedia&parent=1736"}],"curies":[{"name":"wp","href":"https:\/\/api.w.org\/{rel}","templated":true}]}}