{"id":1731,"date":"2022-02-26T11:23:59","date_gmt":"2022-02-26T10:23:59","guid":{"rendered":"http:\/\/hallaryd.se\/?page_id=1731"},"modified":"2022-02-26T11:24:01","modified_gmt":"2022-02-26T10:24:01","slug":"norra-torp-f-d-sagmollestugan","status":"publish","type":"page","link":"https:\/\/hallaryd.se\/?page_id=1731","title":{"rendered":"Norra torp\/ f.d. S\u00e5gm\u00f6llestugan"},"content":{"rendered":"\n<p>Under Hallaryd 2:22 \u2013 2<\/p>\n\n\n\n<p>Bebott 1821 \u2013 1859<\/p>\n\n\n\n<p>1821 \u2013 1843: <strong>S\u00e5gm\u00f6llestugan<\/strong><\/p>\n\n\n\n<p>Pigan Gunild Olofsdotter,&nbsp; f. 20\/10&nbsp;\n1776,&nbsp; d\u00f6d 1843<\/p>\n\n\n\n<p>1846 \u2013 1847: <strong>Nu Norra\ntorp<\/strong><\/p>\n\n\n\n<p>Dr. Bengt Jonsson, f.\n7\/6&nbsp; 1806<\/p>\n\n\n\n<p>Pigan Anna Andersdotter,\nf. 14\/3&nbsp; 1813<\/p>\n\n\n\n<p>inhyse Jonas Bengtsson,\nf. 1776 <\/p>\n\n\n\n<p>1850 \u2013 1856 <\/p>\n\n\n\n<p>Pigan Elsa Andersdotter&nbsp; f. &nbsp;9\/2&nbsp;\n1830, flyttar ut 1852<\/p>\n\n\n\n<p>Inhyse avskedade soldaten\nAnders Svensson H\u00e5rd,&nbsp; f. 23\/8&nbsp; 1788<\/p>\n\n\n\n<p>Han hade varit soldat f\u00f6r\nH\u00e5rhult rote 46, \u00e5r 1815 \u2013 1833 <\/p>\n\n\n\n<p>h. Hanna Pehrsdotter&nbsp; f. 5\/1&nbsp;\n1791<\/p>\n\n\n\n<p>d. Hanna&nbsp; f. 15\/5&nbsp;\n1833&nbsp; flyttar ut 1851&nbsp; &nbsp;s.\nCarl&nbsp; f. 12\/10&nbsp; 1837<\/p>\n\n\n\n<p>dr. Jonas Johnsson, f. 5\/3&nbsp; 1815<\/p>\n\n\n\n<p>inhyse enkemannen Jonas\nBengtsson, f. 1776, d. 1852<\/p>\n\n\n\n<p>1857 \u2013 1859 <\/p>\n\n\n\n<p>Sven Petersson,&nbsp; f. 20\/1&nbsp;\n1829<\/p>\n\n\n\n<p>h. Petronella Jonasdotter,&nbsp; f. 26\/2 1836<\/p>\n\n\n\n<p>s. Sven, f. 9\/10 1858<\/p>\n\n\n\n<p>Enligt en karta fr\u00e5n 1849 l\u00e5g torpet strax\nv\u00e4ster om fastigheten <\/p>\n\n\n\n<p>H\u00e4radsv\u00e4gen 16 p\u00e5 motsatta sidan av\nv\u00e4gen.&nbsp; Den gamla H\u00e4radsv\u00e4gen gick <\/p>\n\n\n\n<p>d\u00e5 mellan dessa hus och gjorde sedan en\nsv\u00e4ng ner mot Lill\u00e5n d\u00e4r det d\u00e5 fanns en kvarn och ett s\u00e5g.<\/p>\n\n\n\n<p>Troligt att det \u00e4r samma torp som 1862\nkallades Carlsborg. <\/p>\n\n\n\n<p>(Se ocks\u00e5 under torpet Carlsborg)<\/p>\n\n\n\n<p>GPS:<\/p>\n\n\n\n<p>K\u00e4lla: Kyrkoarkiv&nbsp; AI\/9 s.5, AI\/10 s.6, AI\/11 s.6, AI\/12 s.7,\nAI\/13 s.12<\/p>\n\n\n\n<p>AI\/14 s.4, AI\/15 s.5,\nAI\/16 s.7<\/p>\n","protected":false},"excerpt":{"rendered":"<p>Under Hallaryd 2:22 \u2013 2 Bebott 1821 \u2013 1859 1821 \u2013 1843: S\u00e5gm\u00f6llestugan Pigan Gunild Olofsdotter,&nbsp; f. 20\/10&nbsp; 1776,&nbsp; d\u00f6d 1843 1846 \u2013 1847: Nu Norra torp Dr. Bengt Jonsson, f. 7\/6&nbsp; 1806 Pigan Anna Andersdotter, f. 14\/3&nbsp; 1813 inhyse &hellip; <a href=\"https:\/\/hallaryd.se\/?page_id=1731\">Continue reading <span class=\"meta-nav\">&rarr;<\/span><\/a><\/p>\n","protected":false},"author":12,"featured_media":0,"parent":0,"menu_order":0,"comment_status":"closed","ping_status":"closed","template":"","meta":{"footnotes":""},"class_list":["post-1731","page","type-page","status-publish","hentry"],"_links":{"self":[{"href":"https:\/\/hallaryd.se\/index.php?rest_route=\/wp\/v2\/pages\/1731","targetHints":{"allow":["GET"]}}],"collection":[{"href":"https:\/\/hallaryd.se\/index.php?rest_route=\/wp\/v2\/pages"}],"about":[{"href":"https:\/\/hallaryd.se\/index.php?rest_route=\/wp\/v2\/types\/page"}],"author":[{"embeddable":true,"href":"https:\/\/hallaryd.se\/index.php?rest_route=\/wp\/v2\/users\/12"}],"replies":[{"embeddable":true,"href":"https:\/\/hallaryd.se\/index.php?rest_route=%2Fwp%2Fv2%2Fcomments&post=1731"}],"version-history":[{"count":1,"href":"https:\/\/hallaryd.se\/index.php?rest_route=\/wp\/v2\/pages\/1731\/revisions"}],"predecessor-version":[{"id":1732,"href":"https:\/\/hallaryd.se\/index.php?rest_route=\/wp\/v2\/pages\/1731\/revisions\/1732"}],"wp:attachment":[{"href":"https:\/\/hallaryd.se\/index.php?rest_route=%2Fwp%2Fv2%2Fmedia&parent=1731"}],"curies":[{"name":"wp","href":"https:\/\/api.w.org\/{rel}","templated":true}]}}