{"id":1699,"date":"2022-02-26T10:49:57","date_gmt":"2022-02-26T09:49:57","guid":{"rendered":"http:\/\/hallaryd.se\/?page_id=1699"},"modified":"2022-02-26T10:49:59","modified_gmt":"2022-02-26T09:49:59","slug":"backaholm-4","status":"publish","type":"page","link":"https:\/\/hallaryd.se\/?page_id=1699","title":{"rendered":"Backaholm"},"content":{"rendered":"\n<p>Fd. Br\u00f6ta backstuga, Torpet\noch Torpet Skansen<\/p>\n\n\n\n<p>Under Br\u00f6tan&nbsp;&nbsp; 1:20<\/p>\n\n\n\n<p>Bebott 1789 \u2013 1888 &nbsp;<\/p>\n\n\n\n<p>Torpet \u00e4r markerat p\u00e5 Storskifteskartan 1799 och d\u00e4r\nn\u00e4mnt som Ingejers t\u00e4ppe<\/p>\n\n\n\n<p>Enligt husf\u00f6rh\u00f6rsl\u00e4ngden fanns vid denna tid bara\nBr\u00f6ta backstuga med<\/p>\n\n\n\n<p>en Ingejer varf\u00f6r det b\u00f6r vara samma torp som sedan\nbytt namn.<\/p>\n\n\n\n<p>Att torpet en tid kallades f\u00f6r Skansen beror troligen\np\u00e5 att det ca 120 m Nv om<\/p>\n\n\n\n<p>torpet, p\u00e5 en h\u00f6jd, ska ha funnits en f\u00f6rsvarsskans\nd\u00e4r svenskarna hade sin <\/p>\n\n\n\n<p>bondevakt under snapphanekrigen p\u00e5 1600 \u2013 talet <\/p>\n\n\n\n<p>Fr\u00e5n 1789\nkallat Br\u00f6ta backstuga och bebott av:<\/p>\n\n\n\n<p>&nbsp; Pigan\nElin Svensdotter f. 2\/11&nbsp; 1744<\/p>\n\n\n\n<p>&nbsp; Pigan\n<strong>Ingejer<\/strong> Svensdotter f. 3\/1&nbsp; 1751<\/p>\n\n\n\n<p>&nbsp; 1795\nkallat Torpet<\/p>\n\n\n\n<p>&nbsp; 1800\nkallat Torpet Skansen<\/p>\n\n\n\n<p>&nbsp; Elin\nSvensdotter d\u00f6r 2\/5&nbsp; 1815<\/p>\n\n\n\n<p>&nbsp; Samma\n\u00e5r inflyttar dr\u00e4ngen Truls Nilsson f. 10\/11&nbsp;\n1793<\/p>\n\n\n\n<p>&nbsp; 1816\nf\u00e5r torpet namnet Backaholm<\/p>\n\n\n\n<p>&nbsp; Den\n22\/3 1830 d\u00f6r den gamla pigan Ingejer Svensdotter som bott p\u00e5 torpet<\/p>\n\n\n\n<p>&nbsp;\nsedan 1789.<\/p>\n\n\n\n<p>&nbsp; 1833\ninflyttar utfattiga pigan Ingejerd Nilsdotter f. 17\/10&nbsp; 1778,&nbsp; d\u00f6d\n3\/3&nbsp; 1852<\/p>\n\n\n\n<p>&nbsp; 1843\ninflyttar pigan Johanna Magnidotter f. 11\/7&nbsp;\n1823 fr\u00e5n Pj\u00e4tteryd<\/p>\n\n\n\n<p>&nbsp; Truls\nNilsson d\u00f6r 19\/6&nbsp; 1863&nbsp; (sista \u00e5ren och i d\u00f6dboken kallad Simonsson)<\/p>\n\n\n\n<p>&nbsp; Pigan\nJohanna ensam kvar och avlider 11\/12&nbsp;\n1888<\/p>\n\n\n\n<p>&nbsp;GPS:\nN 56.440662, E 13.868653<\/p>\n\n\n\n<p>&nbsp;K\u00e4lla:\nKyrkoarkiv: AI\/4 s.144, 306, 468, AI\/5&nbsp;\ns.26, AI\/6&nbsp; s.42, AI\/7&nbsp; s.20<\/p>\n\n\n\n<p>&nbsp;AI\/8\ns.22, AI\/9 s.28, AI\/10 s.34, AI\/11 s.37, AI\/12 s.37, AI\/13 s.48, AI\/14 s.44<\/p>\n\n\n\n<p>AI\/15 s.43, AI\/16 s.45, AI\/17 s.52, AI\/18\ns.43, AI\/19 s.43, AI\/20 s.47, AI\/21 s.46 &nbsp;<\/p>\n","protected":false},"excerpt":{"rendered":"<p>Fd. Br\u00f6ta backstuga, Torpet och Torpet Skansen Under Br\u00f6tan&nbsp;&nbsp; 1:20 Bebott 1789 \u2013 1888 &nbsp; Torpet \u00e4r markerat p\u00e5 Storskifteskartan 1799 och d\u00e4r n\u00e4mnt som Ingejers t\u00e4ppe Enligt husf\u00f6rh\u00f6rsl\u00e4ngden fanns vid denna tid bara Br\u00f6ta backstuga med en Ingejer varf\u00f6r &hellip; <a href=\"https:\/\/hallaryd.se\/?page_id=1699\">Continue reading <span class=\"meta-nav\">&rarr;<\/span><\/a><\/p>\n","protected":false},"author":12,"featured_media":0,"parent":0,"menu_order":0,"comment_status":"closed","ping_status":"closed","template":"","meta":{"footnotes":""},"class_list":["post-1699","page","type-page","status-publish","hentry"],"_links":{"self":[{"href":"https:\/\/hallaryd.se\/index.php?rest_route=\/wp\/v2\/pages\/1699","targetHints":{"allow":["GET"]}}],"collection":[{"href":"https:\/\/hallaryd.se\/index.php?rest_route=\/wp\/v2\/pages"}],"about":[{"href":"https:\/\/hallaryd.se\/index.php?rest_route=\/wp\/v2\/types\/page"}],"author":[{"embeddable":true,"href":"https:\/\/hallaryd.se\/index.php?rest_route=\/wp\/v2\/users\/12"}],"replies":[{"embeddable":true,"href":"https:\/\/hallaryd.se\/index.php?rest_route=%2Fwp%2Fv2%2Fcomments&post=1699"}],"version-history":[{"count":1,"href":"https:\/\/hallaryd.se\/index.php?rest_route=\/wp\/v2\/pages\/1699\/revisions"}],"predecessor-version":[{"id":1701,"href":"https:\/\/hallaryd.se\/index.php?rest_route=\/wp\/v2\/pages\/1699\/revisions\/1701"}],"wp:attachment":[{"href":"https:\/\/hallaryd.se\/index.php?rest_route=%2Fwp%2Fv2%2Fmedia&parent=1699"}],"curies":[{"name":"wp","href":"https:\/\/api.w.org\/{rel}","templated":true}]}}