{"id":1662,"date":"2021-12-07T17:21:16","date_gmt":"2021-12-07T16:21:16","guid":{"rendered":"http:\/\/hallaryd.se\/?page_id=1662"},"modified":"2021-12-07T17:21:18","modified_gmt":"2021-12-07T16:21:18","slug":"sjoboda","status":"publish","type":"page","link":"https:\/\/hallaryd.se\/?page_id=1662","title":{"rendered":"Sj\u00f6boda"},"content":{"rendered":"\n<p>Under Lind\u00e5s 1:8 (s\u00f6der om sj\u00f6n B\u00e5rsnen\/Norresj\u00f6)<\/p>\n\n\n\n<p>Bebott: 1849-1939<\/p>\n\n\n\n<p>1849-1851:<\/p>\n\n\n\n<p>Sven Johan Jonsson f.\n14\/6 1814 i Ryssby, gifter sig 1849 med pigan Johanna Kristina Abrahamsdotter\nf. 1814 i G\u00f6teryd, hennes dotter Gustafva f. 1840<\/p>\n\n\n\n<p>De kommer 1849 fr\u00e5n\nStarsholma. Gemensamt barn John f. 1\/10 1850<\/p>\n\n\n\n<p>1852-1875:<\/p>\n\n\n\n<p>Sven Johan Jonsson f.\n14\/6 1814 i Ryssby, h. Johanna Kristina Abrahamsdotter f. 1814 i G\u00f6teryd, (sjuklig,\nvanf\u00f6r i ena handen)<\/p>\n\n\n\n<p>Barn: Gustafva f. 18\/6\n1840, John f. 1850, d\u00f6d 1857, Anders f. 1853, d\u00f6d 1862, Bengta f. 17\/11 1855,\nskriven i Loshult 1870-1872, Jon f. 17\/6 1859<\/p>\n\n\n\n<p>1876-1880:<\/p>\n\n\n\n<p>Sven Johan Jonsson f.\n1814, h. Johanna Kristina Abrahamsdotter f. 1814 i, d\u00f6r 1876, Barn: Bengta f.\n17\/11 1855 i Hallaryd, Jon f. 17\/6 1859<\/p>\n\n\n\n<p>N\u00e4r hustrun d\u00f6r ordnas en\npiga snabbt, Hanna Nilsdotter f. 1831 i J\u00e4msh\u00f6g som han gifter sig med 1877.\nJon flyttar 1877 och Bengta flyttar 1879 till Starsholma <\/p>\n\n\n\n<p>1881-1885:<\/p>\n\n\n\n<p>Sven Johan Jonsson f.\n14\/6 1814 i Ryssby, h. Hanna Nilsdotter f. 30\/6 1831,<\/p>\n\n\n\n<p>1886-1895:<\/p>\n\n\n\n<p>Sven Johan Jonsson f.\n14\/6 1814 i Ryssby, d\u00f6d 1889, h. Hanna Nilsdotter f. 30\/6 1831 i J\u00e4msh\u00f6g, flyttar\ntill \u00d6rkened 1890, pig\/dotter Bengta Svensdotter f. 17\/11 1855 p\u00e5 Sj\u00f6boda i Hallaryd,\ngifter sig 27\/12 1891med Karl Gummesson nedan.<\/p>\n\n\n\n<p>1892-1905:<\/p>\n\n\n\n<p>Karl Gummesson f. 9\/7\n1848 i Pjetteryd, gift 1891, d\u00f6d 1902, <\/p>\n\n\n\n<p>h. Bengta Svensdotter f.\n17\/11 1855 i Hallaryd<\/p>\n\n\n\n<p>Barn: Klara f. 2\/11 1892,\nSven Gunnar f. 8\/5 1894, Annie f. 24\/11 1896<\/p>\n\n\n\n<p>1906-1916:<\/p>\n\n\n\n<p>Bengta Gummesson f.\nSvensdotter f 17\/11 1855, \u00e4nka 1\/1 1902<\/p>\n\n\n\n<p>Barn: Klara Carlsdotter\nf. 2\/11 1892, Sven Gunnar f. 8\/5 1894, Annie f. 24\/11 1896, Gunnar var i\nLoshult mellan 1908 till 1914<\/p>\n\n\n\n<p>1917-1935:<\/p>\n\n\n\n<p>Bengta Gummesson f.\nSvensdotter f. 1855, blind<\/p>\n\n\n\n<p>Barn: Klara f. 1892, d\u00f6d\n1922, Annie f. 1896, Gunnar gifter sig 1918 och flyttar till Pj\u00e4tteryd<\/p>\n\n\n\n<p>1936-1948:<\/p>\n\n\n\n<p>Bengta Gummesson avlider\n1937, Annie flyttar 1939 till Pr\u00e4stg\u00e5rden som hembitr\u00e4de,<\/p>\n\n\n\n<p>GPS: N56.524143 E14.058205<\/p>\n\n\n\n<p>K\u00e4lla: AI\/15, s 213; AI\/16, s 246; AI\/17, 1861-, s 239; AI\/18, s 185; AI\/19,\ns190; AI\/20, 1881-, s 189; AI\/21, s 187; AII\/1, 1896-, s 244; AII\/2, 1906-, s\n241; AII\/3, s 253; AII\/4, 1936-, s 254;<\/p>\n","protected":false},"excerpt":{"rendered":"<p>Under Lind\u00e5s 1:8 (s\u00f6der om sj\u00f6n B\u00e5rsnen\/Norresj\u00f6) Bebott: 1849-1939 1849-1851: Sven Johan Jonsson f. 14\/6 1814 i Ryssby, gifter sig 1849 med pigan Johanna Kristina Abrahamsdotter f. 1814 i G\u00f6teryd, hennes dotter Gustafva f. 1840 De kommer 1849 fr\u00e5n Starsholma. &hellip; <a href=\"https:\/\/hallaryd.se\/?page_id=1662\">Continue reading <span class=\"meta-nav\">&rarr;<\/span><\/a><\/p>\n","protected":false},"author":12,"featured_media":0,"parent":0,"menu_order":0,"comment_status":"closed","ping_status":"closed","template":"","meta":{"footnotes":""},"class_list":["post-1662","page","type-page","status-publish","hentry"],"_links":{"self":[{"href":"https:\/\/hallaryd.se\/index.php?rest_route=\/wp\/v2\/pages\/1662","targetHints":{"allow":["GET"]}}],"collection":[{"href":"https:\/\/hallaryd.se\/index.php?rest_route=\/wp\/v2\/pages"}],"about":[{"href":"https:\/\/hallaryd.se\/index.php?rest_route=\/wp\/v2\/types\/page"}],"author":[{"embeddable":true,"href":"https:\/\/hallaryd.se\/index.php?rest_route=\/wp\/v2\/users\/12"}],"replies":[{"embeddable":true,"href":"https:\/\/hallaryd.se\/index.php?rest_route=%2Fwp%2Fv2%2Fcomments&post=1662"}],"version-history":[{"count":1,"href":"https:\/\/hallaryd.se\/index.php?rest_route=\/wp\/v2\/pages\/1662\/revisions"}],"predecessor-version":[{"id":1663,"href":"https:\/\/hallaryd.se\/index.php?rest_route=\/wp\/v2\/pages\/1662\/revisions\/1663"}],"wp:attachment":[{"href":"https:\/\/hallaryd.se\/index.php?rest_route=%2Fwp%2Fv2%2Fmedia&parent=1662"}],"curies":[{"name":"wp","href":"https:\/\/api.w.org\/{rel}","templated":true}]}}