{"id":1660,"date":"2021-12-07T17:20:44","date_gmt":"2021-12-07T16:20:44","guid":{"rendered":"http:\/\/hallaryd.se\/?page_id=1660"},"modified":"2021-12-07T17:20:45","modified_gmt":"2021-12-07T16:20:45","slug":"soldattorpet-no-49-i-stenshult","status":"publish","type":"page","link":"https:\/\/hallaryd.se\/?page_id=1660","title":{"rendered":"Soldattorpet No 49 i Stenshult"},"content":{"rendered":"\n<p>Under Stenshult 1:29<\/p>\n\n\n\n<p>Bebott: 1730-1851<\/p>\n\n\n\n<p>Tj\u00e4nste\u00e5r&nbsp;&nbsp;&nbsp;&nbsp;&nbsp;&nbsp;&nbsp;&nbsp;&nbsp;&nbsp;&nbsp;&nbsp;&nbsp;&nbsp;&nbsp;&nbsp;&nbsp;&nbsp;&nbsp;&nbsp;&nbsp;&nbsp;&nbsp; Soldatens namn<\/p>\n\n\n\n<p>1686&nbsp;&nbsp;&nbsp;&nbsp;&nbsp;&nbsp;&nbsp;&nbsp;&nbsp;&nbsp;&nbsp;&nbsp;&nbsp;&nbsp;&nbsp;&nbsp;&nbsp;&nbsp;&nbsp;&nbsp; Mattes\nPersson&nbsp;&nbsp;&nbsp;&nbsp;&nbsp;&nbsp;&nbsp;&nbsp;&nbsp;&nbsp; <em>f\u00e5tt afsked<\/em><\/p>\n\n\n\n<p>1688 \u2013 1697 &nbsp;&nbsp;&nbsp;&nbsp;&nbsp;&nbsp;&nbsp;&nbsp; M\u00e5ns\nAndersson&nbsp; &nbsp;&nbsp;&nbsp;&nbsp;&nbsp;&nbsp; <em>Musqueterare<\/em><\/p>\n\n\n\n<p>1709 \u2013 1713 &nbsp;&nbsp;&nbsp;&nbsp;&nbsp;&nbsp;&nbsp;&nbsp; Gumme\nJacobsson Sten&nbsp;&nbsp;&nbsp;&nbsp;&nbsp;&nbsp;&nbsp;&nbsp;&nbsp;&nbsp;&nbsp;&nbsp;&nbsp;&nbsp;&nbsp; f. 1687<\/p>\n\n\n\n<p>1715 \u2013 1716 &nbsp;&nbsp;&nbsp;&nbsp;&nbsp;&nbsp;&nbsp;&nbsp; Per\nEriksson&nbsp;&nbsp;&nbsp;&nbsp;&nbsp;&nbsp;&nbsp;&nbsp;&nbsp;&nbsp;&nbsp;&nbsp;&nbsp;&nbsp; <em>Vistas i Str\u00e5lsund<\/em><\/p>\n\n\n\n<p>1717 \u2013 1720 &nbsp;&nbsp;&nbsp;&nbsp;&nbsp;&nbsp;&nbsp;&nbsp; Bengt\nBengtsson Stenberg&nbsp;&nbsp;&nbsp;&nbsp;&nbsp;&nbsp;&nbsp;&nbsp;&nbsp;&nbsp;&nbsp; f. 1698<\/p>\n\n\n\n<p>1720 \u2013 1722 &nbsp;&nbsp;&nbsp;&nbsp;&nbsp;&nbsp;&nbsp;&nbsp; Sven\nM\u00e5nsson Gryman<\/p>\n\n\n\n<p>1724 \u2013 1724 &nbsp;&nbsp;&nbsp;&nbsp;&nbsp;&nbsp;&nbsp;&nbsp; Anders\nS\u00f6rensson <\/p>\n\n\n\n<p>Vacant<\/p>\n\n\n\n<p>1740 \u2013 1744 &nbsp;&nbsp;&nbsp;&nbsp;&nbsp;&nbsp;&nbsp;&nbsp; Jonas\nHansson Wiman&nbsp;&nbsp;&nbsp;&nbsp;&nbsp;&nbsp;&nbsp;&nbsp;&nbsp;&nbsp;&nbsp;&nbsp;&nbsp;&nbsp;&nbsp;&nbsp;&nbsp; f. 1714<\/p>\n\n\n\n<p>1745 \u2013 1775&nbsp;&nbsp;&nbsp;&nbsp;&nbsp;&nbsp;&nbsp;&nbsp;&nbsp; M\u00e5ns\nJonsson H\u00f6rberg&nbsp;&nbsp;&nbsp;&nbsp;&nbsp;&nbsp;&nbsp;&nbsp;&nbsp;&nbsp;&nbsp;&nbsp;&nbsp;&nbsp;&nbsp;&nbsp; f. 1721<\/p>\n\n\n\n<p>1776 \u2013 1790 &nbsp;&nbsp;&nbsp;&nbsp;&nbsp;&nbsp;&nbsp;&nbsp; Anders\nAndersson H\u00f6rberg&nbsp;&nbsp;&nbsp;&nbsp;&nbsp;&nbsp;&nbsp;&nbsp;&nbsp;&nbsp; f. 1751<\/p>\n\n\n\n<p>1791 \u2013 1794&nbsp;&nbsp;&nbsp;&nbsp;&nbsp;&nbsp;&nbsp;&nbsp;&nbsp; M\u00e5ns\nTrumpen&nbsp;&nbsp;&nbsp;&nbsp;&nbsp;&nbsp;&nbsp;&nbsp;&nbsp;&nbsp;&nbsp;&nbsp;&nbsp;&nbsp;&nbsp;&nbsp;&nbsp;&nbsp;&nbsp;&nbsp;&nbsp;&nbsp;&nbsp;&nbsp;&nbsp;&nbsp;&nbsp;&nbsp; f.\n1758<\/p>\n\n\n\n<p>Vacant<\/p>\n\n\n\n<p>1801 \u2013 1815 &nbsp;&nbsp;&nbsp;&nbsp;&nbsp;&nbsp;&nbsp;&nbsp; Nils\nFredriksson Hjerter&nbsp;&nbsp;&nbsp;&nbsp;&nbsp;&nbsp;&nbsp;&nbsp;&nbsp;&nbsp;&nbsp;&nbsp;&nbsp;&nbsp; f. 1768<\/p>\n\n\n\n<p>1815 \u2013 1855 &nbsp;&nbsp;&nbsp;&nbsp;&nbsp;&nbsp;&nbsp;&nbsp; Nils\nGummesson Spjut&nbsp;&nbsp;&nbsp;&nbsp;&nbsp;&nbsp;&nbsp;&nbsp;&nbsp;&nbsp;&nbsp;&nbsp;&nbsp;&nbsp;&nbsp;&nbsp; f. 1790<\/p>\n\n\n\n<p>1855 \u2013 1856 &nbsp;&nbsp;&nbsp;&nbsp;&nbsp;&nbsp;&nbsp;&nbsp; Sven\nSvensson Sj\u00f6berg&nbsp;&nbsp;&nbsp;&nbsp;&nbsp;&nbsp;&nbsp;&nbsp;&nbsp;&nbsp;&nbsp;&nbsp;&nbsp;&nbsp;&nbsp;&nbsp; f. 1834<\/p>\n\n\n\n<p>1856 \u2013 1873 &nbsp;&nbsp;&nbsp;&nbsp;&nbsp;&nbsp;&nbsp;&nbsp; Jonas\nH\u00e5kansson Spjut&nbsp;&nbsp;&nbsp;&nbsp;&nbsp;&nbsp;&nbsp;&nbsp;&nbsp;&nbsp;&nbsp;&nbsp;&nbsp;&nbsp;&nbsp;&nbsp; f. 1835<\/p>\n\n\n\n<p>1873 \u2013 1885&nbsp;&nbsp;&nbsp;&nbsp;&nbsp;&nbsp;&nbsp;&nbsp;&nbsp; Per\nNilsson Spjut&nbsp;&nbsp;&nbsp;&nbsp;&nbsp;&nbsp;&nbsp;&nbsp;&nbsp;&nbsp;&nbsp;&nbsp;&nbsp;&nbsp;&nbsp;&nbsp;&nbsp;&nbsp;&nbsp;&nbsp;&nbsp;&nbsp;&nbsp;&nbsp; f.\n1853<\/p>\n\n\n\n<p>1885 \u2013 1913 &nbsp;&nbsp;&nbsp;&nbsp;&nbsp;&nbsp;&nbsp;&nbsp; Gustaf\nTroedsson Qvist&nbsp;&nbsp;&nbsp;&nbsp;&nbsp;&nbsp;&nbsp;&nbsp;&nbsp;&nbsp;&nbsp;&nbsp;&nbsp;&nbsp;&nbsp; f. 1865<\/p>\n\n\n\n<p>Soldattorpet l\u00e5g fr\u00e5n b\u00f6rjan i norra delen\nav byn, strax s\u00f6der om v\u00e4g 15 <\/p>\n\n\n\n<p>och v\u00e4ster om infarten till Stenshult,\nungef\u00e4r vid fritidshuset p\u00e5 1:13.<\/p>\n\n\n\n<p>Efter Laga skifte 1857 flyttades torpet\nner mot gr\u00e4nsen till H\u00f6gaholma<\/p>\n\n\n\n<p>N\u00e5gon av soldaterna Spjut, kanske b\u00e5da,\nbodde h\u00e4r.<\/p>\n\n\n\n<p>Den siste soldaten Qvist bodde aldrig h\u00e4r.<\/p>\n\n\n\n<p>1905 s\u00e5ldes torpet med tillh\u00f6rande mark om\n13 ha till Jon J\u00f6nsson i <\/p>\n\n\n\n<p>Hallaryd f\u00f6r 570 kronor<\/p>\n\n\n\n<p>1718-1757:<\/p>\n\n\n\n<p>Under Stenshult st\u00e5r B\u00f6rje J\u00f6nsson och hustru Bothel\nsamt 5 barn, den yngste J\u00f6ns B\u00f6rgarsson, samt Sold. Bengt Bengtsson, d\u00f6d 1718<\/p>\n\n\n\n<p>1724-1729: ingen skriven p\u00e5 Soldattorpet<\/p>\n\n\n\n<p>1730-1750:<\/p>\n\n\n\n<p>B\u00f6rje J\u00f6nsson, h. Bothel, s. J\u00f6ns<\/p>\n\n\n\n<p>1737-: B\u00f6rje J\u00f6nsson, h. Bothel, J\u00f6ns, Pernilla<\/p>\n\n\n\n<p>1744: s. J\u00f6ns Wieman, <\/p>\n\n\n\n<p>1745-1757:S.&nbsp;\nM\u00e5ns H\u00f6rberg, h. Bengta, (AI\/1,sid222)<\/p>\n\n\n\n<p>1757-1784:<\/p>\n\n\n\n<p>Soldattorpet, Corp. M\u00e5ns H\u00f6rberg f. 1723, hustru\nBengta Kirstensdotter? f. 1722, 1764- hustru 2 Anna M\u00e5nsdotter f. 1722<\/p>\n\n\n\n<p>1780- hustru 3 Hanna Swensdotter f. 1748<\/p>\n\n\n\n<p>1785-1800:<\/p>\n\n\n\n<p>Sold. Anders H\u00f6rberg f. 1749, h. Anna Swensdotter f.\n1748, d\u00f6d 1785<\/p>\n\n\n\n<p>1800-1805:<\/p>\n\n\n\n<p>1801- Soldaten Nils Hjerter f.\/6 1767 i Dahlby, h.\nIngrid Larsdotter f. 1767 i St. Harje, 5 barn f\u00f6dda i G\u00f6theryd,<\/p>\n\n\n\n<p>1806-1810:<\/p>\n\n\n\n<p>Soldaten Nils Hjerter f. 6\/1 1767, h. Ingrid\nLarsdotter f. 1767, 5 barn f\u00f6dda i G\u00f6theryd,<\/p>\n\n\n\n<p>Sid 86 anger Stenshults torp: avskedade soldaten M\u00e5ns\nPehrsson Trumpen? <\/p>\n\n\n\n<p>f. 1758, samt Hallab\u00f6ke Ng Torp, M\u00e5rtensholm, Avsk.\nSold M\u00e5rten Nyckter f. 1764 i Wankiva, kom fr\u00e5n H\u00e5rhults Soldattorp No46\n(Matsbo)<\/p>\n\n\n\n<p>1811-1815:<\/p>\n\n\n\n<p>Soldaten Nils Hjerter f.\/6 1767, h. Ingrid Larsdotter\nf. 1767, 3 d\u00f6ttrar och en son, f\u00f6dda i G\u00f6theryd, fam flyttar 1815 och Nils\nSpjut flyttar in<\/p>\n\n\n\n<p>1816-1828:<\/p>\n\n\n\n<p>Sold. Nils Spjut f 1790, h. Elna M\u00e5nsdotter f. 13\/9\n1781 i Broby, barn J\u00f6ns f 1812, Tufve f. 1815, Johannes f. 17\/9 1817, Anm. Nils\nSpjut har haft namnet Rejmer<\/p>\n\n\n\n<p>1828-1834:<\/p>\n\n\n\n<p>Sold. Nils Spjut f 1790, h. Elna M\u00e5nsdotter f. 13\/9\n1781 i Broby, son Johannes f. 17\/9 1817<\/p>\n\n\n\n<p>1834-1838:<\/p>\n\n\n\n<p>Sold. Nils Spjut f 1790, h. Elna M\u00e5nsdotter f. 13\/9\n1781 i Broby, (sjuklig), son Johannes f. 17\/9 1817<\/p>\n\n\n\n<p>1839-1844:<\/p>\n\n\n\n<p>Sold. Nils Spjut f 1790, h. Elna M\u00e5nsdotter f. 13\/9\n1781 i Broby, (sjuklig), son Johannes f. 17\/9 1817, pig Sara Christensdotter f.\n1820<\/p>\n\n\n\n<p>Inh. Johannes Nilsson. 1817, h. Bengta Trulsdotter f.\n1819, s. Gustaf, f.1842<\/p>\n\n\n\n<p>1844-1849:<\/p>\n\n\n\n<p>Sold. Nils Spjut f 1790 i H\u00e4stveda(=fel), h. Elna\nM\u00e5nsdotter f. 13\/9 1781 i Broby, d\u00f6d 11\/2 1848<\/p>\n\n\n\n<p>Inh. Johannes Nilsson. 1817, h. Bengta Trulsdotter f.\n1819,<\/p>\n\n\n\n<p>Barn: Gustaf, f.1842, Pernilla f. 1844, Sven f. 1847<\/p>\n\n\n\n<p>1849-1851:<\/p>\n\n\n\n<p>Soldat enkoman Nils Spjut f 24\/6 1790 i Harplinge (kom\nfr\u00e5n H\u00e4stveda)<\/p>\n\n\n\n<p>Enk. Stina Lisa Tresell f 10\/6 1790 i G\u00f6theryd, (kom\n1850 fr\u00e5n W\u00e4gla \u00d6g. Rosenlund), pig Christina Nilsdotter f. 8\/9 1825<\/p>\n\n\n\n<p>1852-1860: Nils Spjut avlider den 2\/2 1855, Stina Lisa\nflyttar 1855 till Hallseryd soldattorp,<\/p>\n\n\n\n<p>1856 flyttar en ny soldat in, Jonas Spjut f 27\/4 1835\ni Virestad<\/p>\n\n\n\n<p>1861-1869:<\/p>\n\n\n\n<p>Sold. Jonas Spjut, h. Brita Stina Petersdotter f 1833\ni Ljunga (G), s. Johan f. 30\/9 1862, d, Carolina f. 1\/8 1869<\/p>\n\n\n\n<p>1870-1875: Jonas Spjut avlider 26\/12 1872,<\/p>\n\n\n\n<p>En ny \u201dSpjut\u201d blir soldat 1974, Per Nilsson Spjut f\n3\/10 1853 i Witseltofta<\/p>\n\n\n\n<p>1876-1880:<\/p>\n\n\n\n<p>Sold. V. Korp. Per Nilsson Spjut, flera inhyse samt\nBrita Stina Persdr. Som gifter om sig 1876 med Nils Andersson Hallaryd Ng.<\/p>\n\n\n\n<p>1881-1885:<\/p>\n\n\n\n<p>Per Nilsson Spjut flyttar 1886 till Hinneryd. Torpet\narrenderas av Carl Jonsson f. 1841 i Hallaryd, h. Johanna Johannisdotter f.\n1852, 4 barn, alla flyttar till N. Amerika 1881<\/p>\n\n\n\n<p>1886-1895:<\/p>\n\n\n\n<p>4\/20 mtl eger sold. No49 Gustaf Troedsson Qvist f.1\/2\n1865 i Hallaryd, h. Sofia Jonasdotter f. 13\/1 1866, Barn: Karl Johan Teodor f.\n28\/6 1889, Anton Leander, Axel Robert, Augusta Linnea (Gustaf o Sofia gift sig\n31\/1 1889)<\/p>\n\n\n\n<p>1896-1905:<\/p>\n\n\n\n<p>1\/ 4mtl Soldat o Hemmansegare, Gustaf Qvist, h Sofia,\n8 barn, Ester Matilda, Sven Reinhold f. 22\/1 1901, Anna Ruth, Edith Walborg<\/p>\n\n\n\n<p>1906-1916:<\/p>\n\n\n\n<p>Gustaf st\u00e5r som korpral.<\/p>\n\n\n\n<p>Carl Johan Teodor blir stamanst\u00e4lld furir p\u00e5 Br\u00f6tan\nutjord och gifter sig 1915 med Botina Persdotter. De f\u00e5r en son Bo S\u00f6ren Teodor\nf. 26\/10 1915.<\/p>\n\n\n\n<p>Gustaf och Sofia f\u00e5r Hilma Martina f\u00f6dd 27\/1 1908<\/p>\n\n\n\n<p>1917-1935:<\/p>\n\n\n\n<p>Barnen flyttar ut, 3 avlider. &nbsp;Sven gifter sig med Hilma Berthilda f. Bengtsson\nf. 1904 i Yxenhult, Sk. Fagerhult. De f\u00e5r barnen Stig Rune f. 25\/2 1933\noch Brita Ingeg\u00e4rd f. 27\/3 1934<\/p>\n\n\n\n<p>GPS: N56.441399\nE13.718804<\/p>\n\n\n\n<p>K\u00e4lla: AI\/1, 1718-, sid\n17, 134, 222; AI\/2, 1730-, sid 34, 134, 230; AI\/3, 1758-, sid 46, 168, 292, 510;\nAI\/4, 1785-, sid 40; AI\/5, 1800-, sid 52; AI\/6, 1806-, sid 84; AI\/7, 1811-, sid\n40; AI\/8, 1816-, sid 42; AI\/9, 1820-, sid 50; AI\/11, 1828-, sid 77; AI\/12,\n1834-, sid 74; AI\/13, 1839-, sid 93; AI\/14, 1844-, sid 88; AI\/15,1849-, sid 93;\nAI\/16, 1852-, sid 99; AI\/17, 1861-, sid 100; AI\/18, 1870-, sid 80; AI\/19,\n1876-, sid 79; AI\/20, 1881-, sid 83; AI\/21, 1886-, sid 83; AII\/1, 1896-1905,\nsid 294; AII\/2, 1906-1916, sid 306; AII\/3, 1917-1935, sid 316;<\/p>\n","protected":false},"excerpt":{"rendered":"<p>Under Stenshult 1:29 Bebott: 1730-1851 Tj\u00e4nste\u00e5r&nbsp;&nbsp;&nbsp;&nbsp;&nbsp;&nbsp;&nbsp;&nbsp;&nbsp;&nbsp;&nbsp;&nbsp;&nbsp;&nbsp;&nbsp;&nbsp;&nbsp;&nbsp;&nbsp;&nbsp;&nbsp;&nbsp;&nbsp; Soldatens namn 1686&nbsp;&nbsp;&nbsp;&nbsp;&nbsp;&nbsp;&nbsp;&nbsp;&nbsp;&nbsp;&nbsp;&nbsp;&nbsp;&nbsp;&nbsp;&nbsp;&nbsp;&nbsp;&nbsp;&nbsp; Mattes Persson&nbsp;&nbsp;&nbsp;&nbsp;&nbsp;&nbsp;&nbsp;&nbsp;&nbsp;&nbsp; f\u00e5tt afsked 1688 \u2013 1697 &nbsp;&nbsp;&nbsp;&nbsp;&nbsp;&nbsp;&nbsp;&nbsp; M\u00e5ns Andersson&nbsp; &nbsp;&nbsp;&nbsp;&nbsp;&nbsp;&nbsp; Musqueterare 1709 \u2013 1713 &nbsp;&nbsp;&nbsp;&nbsp;&nbsp;&nbsp;&nbsp;&nbsp; Gumme Jacobsson Sten&nbsp;&nbsp;&nbsp;&nbsp;&nbsp;&nbsp;&nbsp;&nbsp;&nbsp;&nbsp;&nbsp;&nbsp;&nbsp;&nbsp;&nbsp; f. 1687 1715 \u2013 1716 &nbsp;&nbsp;&nbsp;&nbsp;&nbsp;&nbsp;&nbsp;&nbsp; Per Eriksson&nbsp;&nbsp;&nbsp;&nbsp;&nbsp;&nbsp;&nbsp;&nbsp;&nbsp;&nbsp;&nbsp;&nbsp;&nbsp;&nbsp; Vistas i Str\u00e5lsund 1717 &hellip; <a href=\"https:\/\/hallaryd.se\/?page_id=1660\">Continue reading <span class=\"meta-nav\">&rarr;<\/span><\/a><\/p>\n","protected":false},"author":12,"featured_media":0,"parent":0,"menu_order":0,"comment_status":"closed","ping_status":"closed","template":"","meta":{"footnotes":""},"class_list":["post-1660","page","type-page","status-publish","hentry"],"_links":{"self":[{"href":"https:\/\/hallaryd.se\/index.php?rest_route=\/wp\/v2\/pages\/1660","targetHints":{"allow":["GET"]}}],"collection":[{"href":"https:\/\/hallaryd.se\/index.php?rest_route=\/wp\/v2\/pages"}],"about":[{"href":"https:\/\/hallaryd.se\/index.php?rest_route=\/wp\/v2\/types\/page"}],"author":[{"embeddable":true,"href":"https:\/\/hallaryd.se\/index.php?rest_route=\/wp\/v2\/users\/12"}],"replies":[{"embeddable":true,"href":"https:\/\/hallaryd.se\/index.php?rest_route=%2Fwp%2Fv2%2Fcomments&post=1660"}],"version-history":[{"count":1,"href":"https:\/\/hallaryd.se\/index.php?rest_route=\/wp\/v2\/pages\/1660\/revisions"}],"predecessor-version":[{"id":1661,"href":"https:\/\/hallaryd.se\/index.php?rest_route=\/wp\/v2\/pages\/1660\/revisions\/1661"}],"wp:attachment":[{"href":"https:\/\/hallaryd.se\/index.php?rest_route=%2Fwp%2Fv2%2Fmedia&parent=1660"}],"curies":[{"name":"wp","href":"https:\/\/api.w.org\/{rel}","templated":true}]}}