{"id":1632,"date":"2020-09-13T17:11:31","date_gmt":"2020-09-13T15:11:31","guid":{"rendered":"http:\/\/hallaryd.se\/?page_id=1632"},"modified":"2020-09-13T17:11:33","modified_gmt":"2020-09-13T15:11:33","slug":"stenso","status":"publish","type":"page","link":"https:\/\/hallaryd.se\/?page_id=1632","title":{"rendered":"Stens\u00f6"},"content":{"rendered":"<h5><strong>Stens\u00f6<\/strong><\/h5>\n<h5>Under H\u00e4gdabygd (idag Bardshult 1:6)<\/h5>\n<h5>Bebott: 1789-1848<\/h5>\n<p>.<\/p>\n<h5>1789-1800 kallat Torpet<\/h5>\n<h5>Per Jonsson f.11\/12 1716, d\u00f6d 1800,<\/h5>\n<h5>h. Kerstin M\u00e5nsdotter f.22\/2 1724, d\u00f6d 1793, Barn: Bengta f. 9\/2 1758<\/h5>\n<p>.<\/p>\n<h5>1800-1840: 1816 kallat f\u00f6r Stens\u00f6<\/h5>\n<h5>Samuel Larsson, f. 1764 i Witseltofta, h. Bengta Persdotter f. 9\/2 1758<\/h5>\n<h5>(anm: utfattiga)(anm. 1828: sjukliga)<\/h5>\n<h5>Samuel avlider 1836. Bengta avlider 1840<\/h5>\n<p>.<\/p>\n<h5>1841-1848:<\/h5>\n<h5>Tuvid Botolsson f. 13\/7 1808, h. Elin Carlsdotter f. 16\/7 1813 i Werum,<\/h5>\n<h5>Barn: Bengta f. 30\/9 1840, John f. 16\/9 1842, fam kommer fr\u00e5n Kalfshult<\/h5>\n<h5>Inhys. Elsa Ericsdotter f. 1791, Erik Botolsson f. 1765, d\u00f6r 1842, h. Gunnild Swensdotter f. 1762, d\u00f6r 1844, fam flyttar 1848 till S\u00e5gm\u00f6lletorpet, Kruseb\u00f6ke.<\/h5>\n<p>.<\/p>\n<h5>GPS: N56.502824 E14.026981<\/h5>\n<h5>K\u00e4lla: AI\/4, s 238, s418, s546; AI\/5,s 138; AI\/6, s 196; AI\/7, s 95; AI\/8, s 95; AI\/9, s 113; AI\/10, s 164; AI\/11, s 180; AI\/12, s 157; AI\/13, s 212; AI\/14, s 201; AI\/15, s 216; AI\/16, s 252; AI\/17, s 245;<\/h5>\n","protected":false},"excerpt":{"rendered":"<p>Stens\u00f6 Under H\u00e4gdabygd (idag Bardshult 1:6) Bebott: 1789-1848 . 1789-1800 kallat Torpet Per Jonsson f.11\/12 1716, d\u00f6d 1800, h. Kerstin M\u00e5nsdotter f.22\/2 1724, d\u00f6d 1793, Barn: Bengta f. 9\/2 1758 . 1800-1840: 1816 kallat f\u00f6r Stens\u00f6 Samuel Larsson, f. 1764 &hellip; <a href=\"https:\/\/hallaryd.se\/?page_id=1632\">Continue reading <span class=\"meta-nav\">&rarr;<\/span><\/a><\/p>\n","protected":false},"author":12,"featured_media":0,"parent":0,"menu_order":0,"comment_status":"closed","ping_status":"closed","template":"","meta":{"footnotes":""},"class_list":["post-1632","page","type-page","status-publish","hentry"],"_links":{"self":[{"href":"https:\/\/hallaryd.se\/index.php?rest_route=\/wp\/v2\/pages\/1632","targetHints":{"allow":["GET"]}}],"collection":[{"href":"https:\/\/hallaryd.se\/index.php?rest_route=\/wp\/v2\/pages"}],"about":[{"href":"https:\/\/hallaryd.se\/index.php?rest_route=\/wp\/v2\/types\/page"}],"author":[{"embeddable":true,"href":"https:\/\/hallaryd.se\/index.php?rest_route=\/wp\/v2\/users\/12"}],"replies":[{"embeddable":true,"href":"https:\/\/hallaryd.se\/index.php?rest_route=%2Fwp%2Fv2%2Fcomments&post=1632"}],"version-history":[{"count":1,"href":"https:\/\/hallaryd.se\/index.php?rest_route=\/wp\/v2\/pages\/1632\/revisions"}],"predecessor-version":[{"id":1633,"href":"https:\/\/hallaryd.se\/index.php?rest_route=\/wp\/v2\/pages\/1632\/revisions\/1633"}],"wp:attachment":[{"href":"https:\/\/hallaryd.se\/index.php?rest_route=%2Fwp%2Fv2%2Fmedia&parent=1632"}],"curies":[{"name":"wp","href":"https:\/\/api.w.org\/{rel}","templated":true}]}}