{"id":1598,"date":"2020-09-13T16:05:15","date_gmt":"2020-09-13T14:05:15","guid":{"rendered":"http:\/\/hallaryd.se\/?page_id=1598"},"modified":"2020-09-13T16:05:17","modified_gmt":"2020-09-13T14:05:17","slug":"pyttetorpet-flyboda","status":"publish","type":"page","link":"https:\/\/hallaryd.se\/?page_id=1598","title":{"rendered":"Pyttetorpet\/Flyboda"},"content":{"rendered":"<h5><strong>Pyttetorpet\/Flyboda<\/strong><\/h5>\n<h5>Under Grysshult 1:6<\/h5>\n<p>.<\/p>\n<h5>Bebott: 1780 \u2013 1859<\/h5>\n<p>.<\/p>\n<h5>1780 \u2013 1785 kallat Torpet<\/h5>\n<h5>f.d. corpralen f\u00f6r Stenshult rote: M\u00e5ns H\u00f6rberg, f. 1729, d. 1784<\/h5>\n<h5>h. Anna M\u00e5nsdotter, f. 1721,<\/h5>\n<h5>enkan Ingjer Nilsdotter, f. 25\/12 1756, d\u00f6d 17\/7 1785<\/h5>\n<p>.<\/p>\n<h5>1785 \u2013 1790<\/h5>\n<h5>Per Nilsson, f. 1765, d. 1789 i Carlskrona, h. Brita Niclasdotter f. 1766<\/h5>\n<h5>s. Niclas f. 19\/10 1787<\/h5>\n<h5>I d\u00f6dboken f\u00f6r 1789 st\u00e5r det om Per Nilsson:<\/h5>\n<h5><em>November, afled i Carlscrona gifta mannen och torparen uti Grysshult<\/em><\/h5>\n<h5><em>Per Nilsson af R\u00f6dsot , antog \u2026\u2026- tj\u00e4nst wid Kongl. Sv\u00e4nska \u00f6rlogflottan<\/em><\/h5>\n<h5><em>i September m\u00e5nad detta \u00e5r, l\u00e4r vara begrafven i Carlscrona, men dagen<\/em><\/h5>\n<h5><em>d\u00e5 han dog och den dag han Begrofs war icke Kundgjordt<\/em><\/h5>\n<p>.<\/p>\n<h5>1791 \u2013 1821 Fr\u00e5n 1811 kallas torpet <strong>Flyboda<\/strong><\/h5>\n<h5>Nils Larsson, f. 27\/10 1759, h. Brita ovan, omgift 1791, d\u00f6d 1819<\/h5>\n<h5>styfson Niclas Persson, f. 19\/10 1787, rymd och efterlyst 1804<\/h5>\n<h5>d. Ingjerd f. 1791, s. Lars f. 21\/6 1794, blir husar, furir f\u00f6r Brog\u00e5rd i XX,<\/h5>\n<h5>d. Anna f. 4\/11 1797 (tr\u00e5nsjuk)<\/h5>\n<h5>1820- Nils Larsson gifter om sig med Lisa Jonasdotter f. 1791 fr\u00e5n Trulsabygget<\/h5>\n<p>.<\/p>\n<h5>1821 \u2013 1834<\/h5>\n<h5>Lisa Jonasdotter f. 25\/4 1791, s. Bengt Nilsson f. 22\/9 1822<\/h5>\n<h5>Jonas J\u00f6nsson f. 11\/11 1802, d. 1831, h. Nilla Persdotter f. 3\/12 1803<\/h5>\n<h5>d. Anna f. 12\/7 1826<\/h5>\n<h5>Nils Larsson ovan bor kvar till sin d\u00f6d 1830<\/h5>\n<p>.<\/p>\n<h5>1832 \u2013 1840<\/h5>\n<h5>Eric Andersson f. 28\/2 1802, h. Anna Jacobsdotter f. 27\/1 1811<\/h5>\n<h5>d. Anna Ericsdotter f. 7\/9 1833<\/h5>\n<p>.<\/p>\n<h5>1841 \u2013 1848<\/h5>\n<h5>Sven Svensson f. 27\/2 1817, h. Gunnil M\u00e5nsdotter f. 24\/1 1813<\/h5>\n<h5>d. Johanna 1840, s. Sven 1844, s. Anders 1847<\/h5>\n<p>.<\/p>\n<h5>1851 \u2013 1859<\/h5>\n<h5>Christina Jacobsdotter f. 15\/10 1819, o.\u00e4.s Jon f. 26\/4 1851<\/h5>\n<p>.<\/p>\n<h5>1853 inflyttar Pehr J\u00f6nsson f. 3\/11 1830, h. Maria Christensdotter, f. 18\/10 1827<\/h5>\n<h5>Barn: Sissa, f. 1853, Nils f. 1854<\/h5>\n<h5>Torpet \u00e4r obebott efter 1859<\/h5>\n<p>.<\/p>\n<h5>GPS: N56.457349, E13.748458<\/h5>\n<p>.<\/p>\n<h5>K\u00e4lla: Hallaryds kyrkoarkiv AI\/3, s 12; A\/4, s 44, s 176, s 348, s 492; AI\/5, s58; AI\/6, s92; AI\/7, s44; AI\/8, s45; AI\/9, s 54; AI\/10, s 78; AI\/11, s 83; AI\/12, s79; AI\/13,s 100; AI\/14, s94; AI\/15, s 101; AI\/16, s108; C\/3, s 350;<\/h5>\n<p>.<\/p>\n<h5>Anm.<\/h5>\n<h5>Pyttetorpet f\u00f6rekommer inte i husf\u00f6rh\u00f6rsl\u00e4ngderna.<\/h5>\n<h5>P\u00e5 kartan fr\u00e5n Laga skifte 1869 och 1881 n\u00e4mns bara Pyttetorpet och Trulsabygget\/Zackristorpet, inga andra torp n\u00e4mns. De \u00e4r ocks\u00e5 utsatta p\u00e5 kartan fr\u00e5n skiftena och senare. Hur namnet Pyttetorpet uppst\u00e5tt \u00e4r oklart.<\/h5>\n<h5>Kanske syftar det p\u00e5 ett litet torp (pyttelitet) eller anspelar det p\u00e5 tidigare boende p\u00e5 torpet.<\/h5>\n<h5>En m\u00f6jlig, kanske l\u00e5ngs\u00f6kt f\u00f6rklaring skulle kunna vara Brita Niclasdotter ovan, b\u00f6rdig fr\u00e5n Pj\u00e4tteryd, vilket kan ha blivit Pytte i folkmun.<\/h5>\n<h5>Hon bodde ju d\u00e4r i 34 \u00e5r, fr\u00e5n 1785 till 1819<\/h5>\n<h5>\u00d6knamn var vanligt f\u00f6rekommande f\u00f6rr i tiden.<\/h5>\n<h5>Motsvarande kan s\u00e4gas om n\u00e4rliggande torpet Bosaholm. I folkmun var det k\u00e4nt som Trulsatorpet och Zackristorpet efter tidigare inv\u00e5nare.<\/h5>\n","protected":false},"excerpt":{"rendered":"<p>Pyttetorpet\/Flyboda Under Grysshult 1:6 . Bebott: 1780 \u2013 1859 . 1780 \u2013 1785 kallat Torpet f.d. corpralen f\u00f6r Stenshult rote: M\u00e5ns H\u00f6rberg, f. 1729, d. 1784 h. Anna M\u00e5nsdotter, f. 1721, enkan Ingjer Nilsdotter, f. 25\/12 1756, d\u00f6d 17\/7 1785 &hellip; <a href=\"https:\/\/hallaryd.se\/?page_id=1598\">Continue reading <span class=\"meta-nav\">&rarr;<\/span><\/a><\/p>\n","protected":false},"author":12,"featured_media":0,"parent":0,"menu_order":0,"comment_status":"closed","ping_status":"closed","template":"","meta":{"footnotes":""},"class_list":["post-1598","page","type-page","status-publish","hentry"],"_links":{"self":[{"href":"https:\/\/hallaryd.se\/index.php?rest_route=\/wp\/v2\/pages\/1598","targetHints":{"allow":["GET"]}}],"collection":[{"href":"https:\/\/hallaryd.se\/index.php?rest_route=\/wp\/v2\/pages"}],"about":[{"href":"https:\/\/hallaryd.se\/index.php?rest_route=\/wp\/v2\/types\/page"}],"author":[{"embeddable":true,"href":"https:\/\/hallaryd.se\/index.php?rest_route=\/wp\/v2\/users\/12"}],"replies":[{"embeddable":true,"href":"https:\/\/hallaryd.se\/index.php?rest_route=%2Fwp%2Fv2%2Fcomments&post=1598"}],"version-history":[{"count":1,"href":"https:\/\/hallaryd.se\/index.php?rest_route=\/wp\/v2\/pages\/1598\/revisions"}],"predecessor-version":[{"id":1600,"href":"https:\/\/hallaryd.se\/index.php?rest_route=\/wp\/v2\/pages\/1598\/revisions\/1600"}],"wp:attachment":[{"href":"https:\/\/hallaryd.se\/index.php?rest_route=%2Fwp%2Fv2%2Fmedia&parent=1598"}],"curies":[{"name":"wp","href":"https:\/\/api.w.org\/{rel}","templated":true}]}}