{"id":1591,"date":"2020-09-13T15:48:49","date_gmt":"2020-09-13T13:48:49","guid":{"rendered":"http:\/\/hallaryd.se\/?page_id=1591"},"modified":"2020-09-13T15:48:50","modified_gmt":"2020-09-13T13:48:50","slug":"bostorp","status":"publish","type":"page","link":"https:\/\/hallaryd.se\/?page_id=1591","title":{"rendered":"Bostorp"},"content":{"rendered":"\n<p><\/p>\n\n\n<h5><strong>Bostorp<\/strong><\/h5>\n<h5>Under Elleb\u00f6ke 1:23<\/h5>\n<p>.<\/p>\n<h5>Bebott:1872 -1922<\/h5>\n<p>.<\/p>\n<h5>1849-1860: Undantag ?<\/h5>\n<h5>Jon H\u00e5kansson f. 1791 i Loushult, d\u00f6d 24\/7 1858<\/h5>\n<h5>h. Hanna Swensdotter f 22\/7 1789 i Ousby<\/h5>\n<h5>Barn: Jon f. 1817, Thoa 20\/12 1832<\/h5>\n<p>.<\/p>\n<h5>1861-1869: Undantag? AI\/17, s 143<\/h5>\n<h5>Hanna Svensdotter f. 22\/7 1789 , d\u00f6d 25\/5 1869<\/h5>\n<h5>Inh. Ingrid Andersdotter, f. 1830, Inh. Jon Jonsson f. 1817<\/h5>\n<p>.<\/p>\n<h5>1872-1880: Bostorp<\/h5>\n<h5>Sven J\u00f6nsson, f. 23\/6 1829, d\u00f6d 27\/4 1876<\/h5>\n<h5>h. Elin M\u00e5nsdotter f. 30\/5 1843<\/h5>\n<h5>Barn: se nedan<\/h5>\n<h5>Inh. Jon Jonsson f.1817, krympling, d\u00f6d 1880<\/h5>\n<p>.<\/p>\n<h5>1881-1898:<\/h5>\n<h5>Elin M\u00e5nsdotter f. 30\/5 1843, \u00e4nka 1876, d\u00f6d 1897<\/h5>\n<h5>Barn: Anders Svensson, f. 6\/12 1861, flyttar till Vinsl\u00f6v 1881,<\/h5>\n<h5>Sven, f 2\/8 1864, flyttar till \u00d6nnestad 1883,<\/h5>\n<h5>August f. 25\/4 1867, flyttar till Stoby 1883,<\/h5>\n<h5>Bengta Svensdotter f.22\/3 1872, flyttar till Danmark 1893,<\/h5>\n<h5>Alfred Svensson f. 27\/11 1875, flyttar 1897 till N. \u00c5sum (L)<\/h5>\n<h5>Hilda Bexell (o\u00e4kta) f. 22\/5 1884, flyttar till G\u00f6teryd 1898<\/h5>\n<h5>Inh. Fredrik Bexell f. 13\/11 1823, d\u00f6d 1894<\/h5>\n<p>.<\/p>\n<h5>1902-1922: Backstuga Bostorp<\/h5>\n<h5>Anders Jonsson f. 5\/5 1857, d\u00f6d 1\/3 1922 i hj\u00e4rtf\u00f6rlamning<\/h5>\n<h5>Johan Bernhard Jonsson f. 5\/2 1894, (Pernilla Eliasdotter o.\u00e4.son) flyttar till Loushult 1916<\/h5>\n<p>.<\/p>\n<h5>GPS: N56.49176 E13.85356 (gr\u00e4nsen mot pr\u00e4staskogen)<\/h5>\n<h5>K\u00e4lla: Hallaryd F\/3 s 91; AI\/15, s 133; AI\/16, s 143; AI\/17, s 143, AI\/18, s 113; AI\/19, s 114; AI\/20, s 113; AI\/21, s 111; AII\/1, s 23; AII\/2, s 27; AII\/3, s 30;<\/h5>\n<p>.<\/p>\n<h5>Brokstorpet(=Bostorp)<\/h5>\n<h5>Forns\u00f6k L1953:9743 L\u00e4genhetsbebyggelse<\/h5>\n<h5>Beskrivning av l\u00e4mning<\/h5>\n<h5>Torpl\u00e4mning, ca 50&#215;25 m (\u00d6N\u00d6-VSV), best\u00e5ende av 1 boningshusgrund, 1 k\u00e4llargrund och 1 vattenk\u00e4lla. Boningshusgrunden \u00e4r 7&#215;5 m (\u00d6-V) och 0,3 m h. N v\u00e4ggen utg\u00f6rs av en jordvall, ca 2 m br och 1 m h. Spisr\u00f6se, 1,5 m st och 0,5 m h. Trappsten i \u00d6. Jordk\u00e4llaren, bel\u00e4gen omedelbart N om boningshusgrunden (ing\u00e5ng fr\u00e5n boningshuset?), \u00e4r 5&#215;4 m (N-S). Kallmurade v\u00e4ggar, intill 1,7 m h. Ing\u00e5ng i S. Vattenk\u00e4llan, bel\u00e4gen 25 m \u00d6N\u00d6 om boningshusgrunden och 1 m V om \u00e4gogr\u00e4ns, \u00e4r 1,5 m st och vattenfylld. I V kanten ett block, 1,5 m st. Enligt mark\u00e4garen skall en igenfylld brunn finnas ca 10 m S\u00d6 boningshusgrunden. Torpet \u00f6vergavs ca 1920.<\/h5>","protected":false},"excerpt":{"rendered":"<p>Bostorp Under Elleb\u00f6ke 1:23 . Bebott:1872 -1922 . 1849-1860: Undantag ? Jon H\u00e5kansson f. 1791 i Loushult, d\u00f6d 24\/7 1858 h. Hanna Swensdotter f 22\/7 1789 i Ousby Barn: Jon f. 1817, Thoa 20\/12 1832 . 1861-1869: Undantag? AI\/17, s &hellip; <a href=\"https:\/\/hallaryd.se\/?page_id=1591\">Continue reading <span class=\"meta-nav\">&rarr;<\/span><\/a><\/p>\n","protected":false},"author":12,"featured_media":0,"parent":0,"menu_order":0,"comment_status":"closed","ping_status":"closed","template":"","meta":{"footnotes":""},"class_list":["post-1591","page","type-page","status-publish","hentry"],"_links":{"self":[{"href":"https:\/\/hallaryd.se\/index.php?rest_route=\/wp\/v2\/pages\/1591","targetHints":{"allow":["GET"]}}],"collection":[{"href":"https:\/\/hallaryd.se\/index.php?rest_route=\/wp\/v2\/pages"}],"about":[{"href":"https:\/\/hallaryd.se\/index.php?rest_route=\/wp\/v2\/types\/page"}],"author":[{"embeddable":true,"href":"https:\/\/hallaryd.se\/index.php?rest_route=\/wp\/v2\/users\/12"}],"replies":[{"embeddable":true,"href":"https:\/\/hallaryd.se\/index.php?rest_route=%2Fwp%2Fv2%2Fcomments&post=1591"}],"version-history":[{"count":1,"href":"https:\/\/hallaryd.se\/index.php?rest_route=\/wp\/v2\/pages\/1591\/revisions"}],"predecessor-version":[{"id":1592,"href":"https:\/\/hallaryd.se\/index.php?rest_route=\/wp\/v2\/pages\/1591\/revisions\/1592"}],"wp:attachment":[{"href":"https:\/\/hallaryd.se\/index.php?rest_route=%2Fwp%2Fv2%2Fmedia&parent=1591"}],"curies":[{"name":"wp","href":"https:\/\/api.w.org\/{rel}","templated":true}]}}