{"id":1523,"date":"2020-01-23T23:01:29","date_gmt":"2020-01-23T22:01:29","guid":{"rendered":"http:\/\/hallaryd.se\/?page_id=1523"},"modified":"2020-04-06T08:47:18","modified_gmt":"2020-04-06T06:47:18","slug":"hallarydsdagen-2020","status":"publish","type":"page","link":"https:\/\/hallaryd.se\/?page_id=1523","title":{"rendered":"Hallarydsdagen 2020 inst\u00e4lld"},"content":{"rendered":"\n<p>Den skulle h\u00e5llits den 6 juni i Hembygdsparken.<\/p>\n\n\n\n<p>P\u00e5 grund av r\u00e5dande restriktioner g\u00e4llande corona-smittan har vi fattat beslutet att st\u00e4lla in \u00e5rets Hallarydsdag. <\/p>\n\n\n\n<p>Vi hoppas att ni har f\u00f6rst\u00e5else f\u00f6r det och att vi kan ha v\u00e5r trevliga hemv\u00e4ndardag n\u00e4sta \u00e5r. <\/p>\n","protected":false},"excerpt":{"rendered":"<p>Den skulle h\u00e5llits den 6 juni i Hembygdsparken. P\u00e5 grund av r\u00e5dande restriktioner g\u00e4llande corona-smittan har vi fattat beslutet att st\u00e4lla in \u00e5rets Hallarydsdag. Vi hoppas att ni har f\u00f6rst\u00e5else f\u00f6r det och att vi kan ha v\u00e5r trevliga hemv\u00e4ndardag &hellip; <a href=\"https:\/\/hallaryd.se\/?page_id=1523\">Continue reading <span class=\"meta-nav\">&rarr;<\/span><\/a><\/p>\n","protected":false},"author":12,"featured_media":0,"parent":0,"menu_order":0,"comment_status":"closed","ping_status":"closed","template":"","meta":{"footnotes":""},"class_list":["post-1523","page","type-page","status-publish","hentry"],"_links":{"self":[{"href":"https:\/\/hallaryd.se\/index.php?rest_route=\/wp\/v2\/pages\/1523","targetHints":{"allow":["GET"]}}],"collection":[{"href":"https:\/\/hallaryd.se\/index.php?rest_route=\/wp\/v2\/pages"}],"about":[{"href":"https:\/\/hallaryd.se\/index.php?rest_route=\/wp\/v2\/types\/page"}],"author":[{"embeddable":true,"href":"https:\/\/hallaryd.se\/index.php?rest_route=\/wp\/v2\/users\/12"}],"replies":[{"embeddable":true,"href":"https:\/\/hallaryd.se\/index.php?rest_route=%2Fwp%2Fv2%2Fcomments&post=1523"}],"version-history":[{"count":4,"href":"https:\/\/hallaryd.se\/index.php?rest_route=\/wp\/v2\/pages\/1523\/revisions"}],"predecessor-version":[{"id":1537,"href":"https:\/\/hallaryd.se\/index.php?rest_route=\/wp\/v2\/pages\/1523\/revisions\/1537"}],"wp:attachment":[{"href":"https:\/\/hallaryd.se\/index.php?rest_route=%2Fwp%2Fv2%2Fmedia&parent=1523"}],"curies":[{"name":"wp","href":"https:\/\/api.w.org\/{rel}","templated":true}]}}