{"id":1488,"date":"2019-12-30T15:11:55","date_gmt":"2019-12-30T14:11:55","guid":{"rendered":"http:\/\/hallaryd.se\/?page_id=1488"},"modified":"2019-12-30T15:11:55","modified_gmt":"2019-12-30T14:11:55","slug":"ornapallans","status":"publish","type":"page","link":"https:\/\/hallaryd.se\/?page_id=1488","title":{"rendered":"\u00d6rnapallans"},"content":{"rendered":"<h5>Under \u00c5rbohult 1:3 (\u00e4ven varit under Sk\u00e5paryd Sg)<\/h5>\n<h5>Bebott: 1851-1894<\/h5>\n<h5><\/h5>\n<h5>1851-1860: Sk\u00e5paryd Sg<\/h5>\n<h5>Sven \u00d6rn f. 31\/7 1797, h. Pernilla Andersdotter f. 31\/1 1818 i L\u00e5ngaryd (N)<\/h5>\n<h5>Barn: o.\u00e4. Carl Johan Andersson f. 20\/4 1845 i Hallaryd<\/h5>\n<h5>Sven kom fr\u00e5n \u00d6rsn\u00e4s soldattorp 1851. Dog 13\/4 1857<\/h5>\n<h5>o.d Ingrid Christina f. 26\/9 1858, d\u00f6d 25\/2 1859<\/h5>\n<h5>Anm: \u201dBarnafadern uppgifves af Sven Svensson i \u00c5rbohult och M\u00e5ns Jonsson<\/h5>\n<h5>i Sk\u00e5paryd vara Dr. Andreas Pehrsson sist i boken\u201d<\/h5>\n<h5>Sist i boken= l\u00f6sdrifvare, AI\/16, sid 334,<\/h5>\n<h5>Andreas Pehrsson d\u00f6r 2\/10 1860 (se nedan)<\/h5>\n<h5><\/h5>\n<h5>1861-1869: Backstugan Sk\u00e5paryd<\/h5>\n<h5>Enk. Pernilla Andersdotter f. 1818<\/h5>\n<h5>Barn: o.\u00e4. Carl Johan Andersson f. 1845, f\u00e5r bevis till Hardeberga (M) 1861.<\/h5>\n<h5><\/h5>\n<h5>1870-1894: Backstugan \u00c5rbohult<\/h5>\n<h5>Enk. Pernilla Andersdotter f. 1818<\/h5>\n<h5>Pernilla avlider 29\/7 1894, i en \u00e5lder av 76 \u00e5r 6 m\u00e5n 26 dagar.<\/h5>\n<h5><\/h5>\n<h5>GPS: N56.473220 E13.918886<\/h5>\n<h5><\/h5>\n<h5>K\u00e4lla: AI\/15, s 275; AI\/16, s 321; AI\/17, s 314; AI\/18, s 236; AI\/19, s239;<\/h5>\n<h5>AI\/20, s 239; AI\/21, s 232; F\/1, s 241;<\/h5>\n<p>Andreas Pehrsson: L\u00f6skedr\u00e4ng, d\u00f6d 2 okt 1860<\/p>\n<h5><span style=\"text-decoration: underline;\">V\u00e5dlig h\u00e4ndelse<\/span><\/h5>\n<h5>F\u00f6dd den 21 juli 1817 uti G\u00f6theryds Sn uti en jordkoja under hemmanet i K\u00f6lshult. F\u00f6r\u00e4ldrar icke uppgifna. Kom hit till Sn s\u00e5som tjenstehjon. Idkat smidesyrket. Under flera \u00e5r kringvandrat h\u00e4r och der. Varit begifen p\u00e5 starka drycker. \u00c5kte och v\u00e4lte, slog derunder hufudet i en sten, blef sansl\u00f6s i rusigt tillst\u00e5nd och dog inom dygnet. Begrofs kristeligt enl. H\u00e4radsr\u00e4ttens utslag sedan laglig besiktning f\u00f6reg\u00e5tt.<\/h5>\n<h5>Begravning den 2 dec 1860.<\/h5>\n<p>&nbsp;<\/p>\n","protected":false},"excerpt":{"rendered":"<p>Under \u00c5rbohult 1:3 (\u00e4ven varit under Sk\u00e5paryd Sg) Bebott: 1851-1894 1851-1860: Sk\u00e5paryd Sg Sven \u00d6rn f. 31\/7 1797, h. Pernilla Andersdotter f. 31\/1 1818 i L\u00e5ngaryd (N) Barn: o.\u00e4. Carl Johan Andersson f. 20\/4 1845 i Hallaryd Sven kom fr\u00e5n &hellip; <a href=\"https:\/\/hallaryd.se\/?page_id=1488\">Continue reading <span class=\"meta-nav\">&rarr;<\/span><\/a><\/p>\n","protected":false},"author":12,"featured_media":0,"parent":0,"menu_order":0,"comment_status":"closed","ping_status":"closed","template":"","meta":{"footnotes":""},"class_list":["post-1488","page","type-page","status-publish","hentry"],"_links":{"self":[{"href":"https:\/\/hallaryd.se\/index.php?rest_route=\/wp\/v2\/pages\/1488","targetHints":{"allow":["GET"]}}],"collection":[{"href":"https:\/\/hallaryd.se\/index.php?rest_route=\/wp\/v2\/pages"}],"about":[{"href":"https:\/\/hallaryd.se\/index.php?rest_route=\/wp\/v2\/types\/page"}],"author":[{"embeddable":true,"href":"https:\/\/hallaryd.se\/index.php?rest_route=\/wp\/v2\/users\/12"}],"replies":[{"embeddable":true,"href":"https:\/\/hallaryd.se\/index.php?rest_route=%2Fwp%2Fv2%2Fcomments&post=1488"}],"version-history":[{"count":1,"href":"https:\/\/hallaryd.se\/index.php?rest_route=\/wp\/v2\/pages\/1488\/revisions"}],"predecessor-version":[{"id":1489,"href":"https:\/\/hallaryd.se\/index.php?rest_route=\/wp\/v2\/pages\/1488\/revisions\/1489"}],"wp:attachment":[{"href":"https:\/\/hallaryd.se\/index.php?rest_route=%2Fwp%2Fv2%2Fmedia&parent=1488"}],"curies":[{"name":"wp","href":"https:\/\/api.w.org\/{rel}","templated":true}]}}