{"id":1478,"date":"2019-12-30T14:39:31","date_gmt":"2019-12-30T13:39:31","guid":{"rendered":"http:\/\/hallaryd.se\/?page_id=1478"},"modified":"2019-12-30T14:39:31","modified_gmt":"2019-12-30T13:39:31","slug":"kvarnholmen","status":"publish","type":"page","link":"https:\/\/hallaryd.se\/?page_id=1478","title":{"rendered":"Kvarnholmen"},"content":{"rendered":"<h5>Under V\u00e4gla \u00d6sterg (V\u00e4gla kvarn)<\/h5>\n<h5>Bebott:1861 \u2013 1940<\/h5>\n<h5><\/h5>\n<h5>Constans Oscar Fredrik Spaak f\u00f6dd i Torpa, Link\u00f6pings l\u00e4n 20\/2 1830,<\/h5>\n<h5>d\u00f6d i Hallaryd 1\/3 1889. Inflyttad fr\u00e5n Linneryd, arrenderade han 1857 \u2013 1859<\/h5>\n<h5>f\u00e4rgeriet i Svaneryd.<\/h5>\n<h5>Han var gift med Emma Sophia Str\u00f6m, f. 20\/4 1835 i Hallaryd, d\u00f6d 19\/10\u00a0 1901.<\/h5>\n<h5>De hade barnen, Ida Leontina Rosalie (bilden) f. 31\/12 1860, Alma Olivia f. 2\/7 1870.<\/h5>\n<h5>\u00c5r 1861 inflyttade familjen till torpet Kvarnholmen. Efter f\u00f6r\u00e4ldrarnas d\u00f6d bodde Ida<\/h5>\n<h5>kvar p\u00e5 torpet. Hon var bl.a. posth\u00e4mtare och bar posten till \u00d6. V\u00e4gla fr\u00e5n<\/h5>\n<h5>poststationen i Hallaryd tv\u00e5 dagar i veckan.<\/h5>\n<h5>Ida Spaak flyttade fr\u00e5n Kvarnholmen till \u00e5lderdomshemmet 1940. Hon dog 1942.<\/h5>\n<h5><\/h5>\n<h5>GPS:<\/h5>\n<h5>K\u00e4lla:A II\/2 (1906-1916), s 343; A II\/4 (1936-1948), s354; A I\/16 (1852-1860), s177<\/h5>\n","protected":false},"excerpt":{"rendered":"<p>Under V\u00e4gla \u00d6sterg (V\u00e4gla kvarn) Bebott:1861 \u2013 1940 Constans Oscar Fredrik Spaak f\u00f6dd i Torpa, Link\u00f6pings l\u00e4n 20\/2 1830, d\u00f6d i Hallaryd 1\/3 1889. Inflyttad fr\u00e5n Linneryd, arrenderade han 1857 \u2013 1859 f\u00e4rgeriet i Svaneryd. Han var gift med Emma &hellip; <a href=\"https:\/\/hallaryd.se\/?page_id=1478\">Continue reading <span class=\"meta-nav\">&rarr;<\/span><\/a><\/p>\n","protected":false},"author":12,"featured_media":0,"parent":0,"menu_order":0,"comment_status":"closed","ping_status":"closed","template":"","meta":{"footnotes":""},"class_list":["post-1478","page","type-page","status-publish","hentry"],"_links":{"self":[{"href":"https:\/\/hallaryd.se\/index.php?rest_route=\/wp\/v2\/pages\/1478","targetHints":{"allow":["GET"]}}],"collection":[{"href":"https:\/\/hallaryd.se\/index.php?rest_route=\/wp\/v2\/pages"}],"about":[{"href":"https:\/\/hallaryd.se\/index.php?rest_route=\/wp\/v2\/types\/page"}],"author":[{"embeddable":true,"href":"https:\/\/hallaryd.se\/index.php?rest_route=\/wp\/v2\/users\/12"}],"replies":[{"embeddable":true,"href":"https:\/\/hallaryd.se\/index.php?rest_route=%2Fwp%2Fv2%2Fcomments&post=1478"}],"version-history":[{"count":1,"href":"https:\/\/hallaryd.se\/index.php?rest_route=\/wp\/v2\/pages\/1478\/revisions"}],"predecessor-version":[{"id":1479,"href":"https:\/\/hallaryd.se\/index.php?rest_route=\/wp\/v2\/pages\/1478\/revisions\/1479"}],"wp:attachment":[{"href":"https:\/\/hallaryd.se\/index.php?rest_route=%2Fwp%2Fv2%2Fmedia&parent=1478"}],"curies":[{"name":"wp","href":"https:\/\/api.w.org\/{rel}","templated":true}]}}