{"id":1472,"date":"2019-12-30T14:25:49","date_gmt":"2019-12-30T13:25:49","guid":{"rendered":"http:\/\/hallaryd.se\/?page_id=1472"},"modified":"2020-11-22T08:48:15","modified_gmt":"2020-11-22T07:48:15","slug":"soldattorp-torsholma-rote-43-stromsborg","status":"publish","type":"page","link":"https:\/\/hallaryd.se\/?page_id=1472","title":{"rendered":"Soldattorp Torsholma Rote 43, Str\u00f6msborg"},"content":{"rendered":"<h5>Under Torsholma 1:12<\/h5>\n<h5><\/h5>\n<h5><span style=\"text-decoration: underline;\">Tj\u00e4nste\u00e5r \u00a0\u00a0\u00a0\u00a0\u00a0\u00a0\u00a0\u00a0\u00a0 Soldatens namn<\/span><\/h5>\n<h5>1688 \u2013 1697\u00a0\u00a0\u00a0\u00a0\u00a0\u00a0 Nils Jonsson<\/h5>\n<h5>1709 \u2013 1716 \u00a0\u00a0\u00a0\u00a0\u00a0 Per Jonsson Gr\u00f6nvall\u00a0\u00a0\u00a0\u00a0\u00a0\u00a0\u00a0\u00a0\u00a0\u00a0 f.1683<\/h5>\n<h5><i>\u00a0\u00a0\u00a0\u00a0\u00a0\u00a0\u00a0\u00a0\u00a0\u00a0\u00a0\u00a0\u00a0\u00a0\u00a0\u00a0 1713, gefangen (f\u00e5nge) i Holstein<\/i><\/h5>\n<h5>1720\u2013 1719 \u00a0\u00a0\u00a0\u00a0\u00a0\u00a0 P\u00e4r Torstensson Gr\u00f6nvall\u00a0\u00a0\u00a0\u00a0\u00a0 f. 1695<\/h5>\n<h5>1720 \u2013 1728 \u00a0\u00a0\u00a0\u00a0\u00a0 Per Svensson Gr\u00f6nvall\u00a0\u00a0\u00a0\u00a0\u00a0\u00a0\u00a0\u00a0 f. 1681<\/h5>\n<h5>\u00a0\u00a0\u00a0\u00a0\u00a0\u00a0\u00a0\u00a0 \u2013 1736\u00a0\u00a0 \u00a0\u00a0 Nils Jonsson Holmkvist<\/h5>\n<h5>1739 \u2013 1744 \u00a0\u00a0\u00a0\u00a0\u00a0 Pehr Klementsson Gr\u00f6nvall\u00a0\u00a0 f. 1710<\/h5>\n<h5>1747 \u2013 1758 \u00a0\u00a0\u00a0\u00a0\u00a0 Anders Tufvedsson Forsberg<\/h5>\n<h5>Vacant<\/h5>\n<h5>1773 \u2013 1788\u00a0\u00a0\u00a0\u00a0\u00a0\u00a0 Jon Jonsson Lundholm\u00a0\u00a0\u00a0\u00a0\u00a0\u00a0\u00a0 f. 1749<\/h5>\n<h5>1789 \u2013 1798 \u00a0\u00a0\u00a0\u00a0\u00a0 Nils Svensson \u00c4rlig (C\/2,s536)\u00a0 f. 1768<\/h5>\n<h5>1799 \u2013 1805 \u00a0\u00a0\u00a0\u00a0\u00a0 Magnus L\u00f6fgren\u00a0\u00a0\u00a0 <i>(minder\u00e5rige volont\u00e4ren)<\/i><\/h5>\n<h5>1811 \u2013 1815 \u00a0\u00a0\u00a0\u00a0\u00a0 Jon Jonsson T\u00e4ck\u00a0\u00a0\u00a0\u00a0\u00a0\u00a0\u00a0\u00a0\u00a0\u00a0\u00a0\u00a0\u00a0\u00a0 f. 1789<\/h5>\n<h5>1834 \u2013 1839 \u00a0\u00a0\u00a0\u00a0\u00a0 Magnus J\u00f6nsson Lindblom\u00a0 f. 1814<\/h5>\n<h5><i>\u00a0\u00a0\u00a0\u00a0\u00a0\u00a0\u00a0\u00a0\u00a0 D\u00f6md 1837 vid vintertinget i Ljungby f\u00f6r snatteri<\/i><\/h5>\n<h5><i>\u00a0\u00a0\u00a0\u00a0\u00a0\u00a0\u00a0\u00a0 Absolverad 3\/12 1837 (f\u00e5tt syndernas f\u00f6rl\u00e5telse)<\/i><\/h5>\n<h5>1839 \u2013 1870 \u00a0\u00a0\u00a0\u00a0\u00a0\u00a0 Gudmund Pehrsson Thor\u00a0\u00a0\u00a0\u00a0 f. 1816<\/h5>\n<h5>1870 \u2013 1873 \u00a0\u00a0\u00a0\u00a0\u00a0\u00a0 Per Thor\u00e9n<\/h5>\n<h5>1874 \u2013 1878 \u00a0\u00a0\u00a0\u00a0\u00a0\u00a0 Olof Nilsson Kronberg\u00a0\u00a0\u00a0\u00a0\u00a0\u00a0\u00a0\u00a0\u00a0 f. 1854<\/h5>\n<h5><i>\u00a0\u00a0\u00a0\u00a0\u00a0\u00a0\u00a0\u00a0\u00a0\u00a0\u00a0\u00a0\u00a0\u00a0\u00a0\u00a0\u00a0\u00a0\u00a0\u00a0\u00a0 Timmerman<\/i><\/h5>\n<h5>\u00a0\u00a0\u00a0\u00a0\u00a0\u00a0\u00a0\u00a0\u00a0\u00a0\u00a0 Han var den siste soldaten p\u00e5 detta torp<\/h5>\n<h5><\/h5>\n<h5>1887 \u2013 1891<\/h5>\n<h5>Smeden Jon Jonsson, \u00a0f. 1\/4 1861,<\/h5>\n<h5>h. Hanna G\u00f6ransdotter,\u00a0 f. 20\/7 1860<\/h5>\n<h5>s. Johan Albert,\u00a0 f. 29\/9 1887<\/h5>\n<h5>d. Signe,\u00a0 f. 2\/7 1889<\/h5>\n<h5><\/h5>\n<h5>1891 \u2013 1896<\/h5>\n<h5>Soldaten Johan Andreasson Strand, f. 25\/9 1870<\/h5>\n<h5>men han var soldat under rote 41 och Starsholma<\/h5>\n<h5><\/h5>\n<h5>1901 \u2013 1933<\/h5>\n<h5>Stenhuggaren Ola Nilsson f. 8\/12 1844, d. 13\/7 1926<\/h5>\n<h5>h.h Pernilla Nilsdotter f. 21\/1 1844, d. 14\/1 1933<\/h5>\n<h5>dotter Jenny Nilsson f. 16\/12\u00a0 1885 (<span style=\"text-decoration: underline;\">Ola-Palla-Jenny<\/span> kallad)<\/h5>\n<h5><\/h5>\n<h5>1934-1969<\/h5>\n<h5>Jenny Nilsson\u00a0 f. 16\/12\u00a0 1885, (Ola-Palla-Jenny kallad), d\u00f6d 1969<\/h5>\n<h5>Kyrkboken skriver Nilsson som efternamn, men Jenny skrev sig som Ohlsson. P\u00e5 gravstenen st\u00e5r Jenny Ohlsson. N\u00e5gra av syskonen kallade sig Olasson.<\/h5>\n<h5>GPS: N56.502186 E13.991041<\/h5>\n<h5><\/h5>\n<h5>K\u00e4lla: AI\/12, 1834-, s141; \u00a0AI\/19, s 171; AII\/3, s329; AII\/4, 1936-1948, s 327;<\/h5>\n","protected":false},"excerpt":{"rendered":"<p>Under Torsholma 1:12 Tj\u00e4nste\u00e5r \u00a0\u00a0\u00a0\u00a0\u00a0\u00a0\u00a0\u00a0\u00a0 Soldatens namn 1688 \u2013 1697\u00a0\u00a0\u00a0\u00a0\u00a0\u00a0 Nils Jonsson 1709 \u2013 1716 \u00a0\u00a0\u00a0\u00a0\u00a0 Per Jonsson Gr\u00f6nvall\u00a0\u00a0\u00a0\u00a0\u00a0\u00a0\u00a0\u00a0\u00a0\u00a0 f.1683 \u00a0\u00a0\u00a0\u00a0\u00a0\u00a0\u00a0\u00a0\u00a0\u00a0\u00a0\u00a0\u00a0\u00a0\u00a0\u00a0 1713, gefangen (f\u00e5nge) i Holstein 1720\u2013 1719 \u00a0\u00a0\u00a0\u00a0\u00a0\u00a0 P\u00e4r Torstensson Gr\u00f6nvall\u00a0\u00a0\u00a0\u00a0\u00a0 f. 1695 1720 \u2013 1728 \u00a0\u00a0\u00a0\u00a0\u00a0 Per Svensson &hellip; <a href=\"https:\/\/hallaryd.se\/?page_id=1472\">Continue reading <span class=\"meta-nav\">&rarr;<\/span><\/a><\/p>\n","protected":false},"author":12,"featured_media":0,"parent":0,"menu_order":0,"comment_status":"closed","ping_status":"closed","template":"","meta":{"footnotes":""},"class_list":["post-1472","page","type-page","status-publish","hentry"],"_links":{"self":[{"href":"https:\/\/hallaryd.se\/index.php?rest_route=\/wp\/v2\/pages\/1472","targetHints":{"allow":["GET"]}}],"collection":[{"href":"https:\/\/hallaryd.se\/index.php?rest_route=\/wp\/v2\/pages"}],"about":[{"href":"https:\/\/hallaryd.se\/index.php?rest_route=\/wp\/v2\/types\/page"}],"author":[{"embeddable":true,"href":"https:\/\/hallaryd.se\/index.php?rest_route=\/wp\/v2\/users\/12"}],"replies":[{"embeddable":true,"href":"https:\/\/hallaryd.se\/index.php?rest_route=%2Fwp%2Fv2%2Fcomments&post=1472"}],"version-history":[{"count":3,"href":"https:\/\/hallaryd.se\/index.php?rest_route=\/wp\/v2\/pages\/1472\/revisions"}],"predecessor-version":[{"id":1645,"href":"https:\/\/hallaryd.se\/index.php?rest_route=\/wp\/v2\/pages\/1472\/revisions\/1645"}],"wp:attachment":[{"href":"https:\/\/hallaryd.se\/index.php?rest_route=%2Fwp%2Fv2%2Fmedia&parent=1472"}],"curies":[{"name":"wp","href":"https:\/\/api.w.org\/{rel}","templated":true}]}}