{"id":1468,"date":"2019-12-30T14:14:26","date_gmt":"2019-12-30T13:14:26","guid":{"rendered":"http:\/\/hallaryd.se\/?page_id=1468"},"modified":"2019-12-30T14:14:26","modified_gmt":"2019-12-30T13:14:26","slug":"sjohagen-jeppas","status":"publish","type":"page","link":"https:\/\/hallaryd.se\/?page_id=1468","title":{"rendered":"Sj\u00f6hagen (Jeppas)"},"content":{"rendered":"<h5>Under Torsholma 1:7<\/h5>\n<h5>Bebott: 1871-1929<\/h5>\n<h5><\/h5>\n<h5>Jeppa J\u00f6nsson <span style=\"text-decoration: underline;\">(Silla-Jeppan<\/span>), f. 20\/6 1838 i Witseltofta,<\/h5>\n<h5>h. Pernilla Johansdotter, f. 2\/11 1837 i Hallaryd,<\/h5>\n<h5>De hade tidigare bott p\u00e5 torpet Perstorp i \u00d6rnaholma<\/h5>\n<h5><\/h5>\n<h5>De fick barnen Nils 6\/6 1865, Jon f. 1866, d\u00f6d 1869, Bengta 18\/8 1869,<\/h5>\n<h5>Janne 8\/1 1872,Svante 30\/4 1875 och Mathilda 28\/4 1878, d\u00f6d 1883<\/h5>\n<h5><\/h5>\n<h5>Jeppa gick omkring och s\u00e5lde sill som h\u00e4mtades fr\u00e5n Karlshamn.<\/h5>\n<h5><\/h5>\n<h5>Om sonen Janne st\u00e5r det att han var d\u00f6vstum och epileptisk och ej konfirmerad.<\/h5>\n<h5>Janne dog 1904. 1885 skrivs det om Jeppa, utfattig<\/h5>\n<h5><\/h5>\n<h5>Nils flyttade till Danmark, s\u00e5 \u00e4ven Bengta 1888, men kom tillbaka 1893.<\/h5>\n<h5>Har d\u00e5 en fosterdotter med sig Elna Dorotea Hansen f. 14\/11 1881.<\/h5>\n<h5>Bengta gifter sig 1894 med sadelmakare Sven Olsson i Kruseb\u00f6ke.<\/h5>\n<h5>Svante (Segerholm) blir artillerist i Kristianstad, flyttar sedan till Lund.<\/h5>\n<h5><\/h5>\n<h5>1906-1929:<\/h5>\n<h5>Jeppa och Pernilla bor ensamma p\u00e5 torpet. Pernilla d\u00f6r 16\/10 1921 och<\/h5>\n<h5>Jeppa d\u00f6r 18\/1 1929.<\/h5>\n<h5><\/h5>\n<h5>GPS: N 56. 499693\u00a0 E 13. 968748<\/h5>\n<h5><\/h5>\n<h5>K\u00e4lla: AI\/19, s 166; AI\/20, s 166; AI\/21, s 167; AII\/1, s320; AII\/2, s 319; AII\/3, s 328;<\/h5>\n","protected":false},"excerpt":{"rendered":"<p>Under Torsholma 1:7 Bebott: 1871-1929 Jeppa J\u00f6nsson (Silla-Jeppan), f. 20\/6 1838 i Witseltofta, h. Pernilla Johansdotter, f. 2\/11 1837 i Hallaryd, De hade tidigare bott p\u00e5 torpet Perstorp i \u00d6rnaholma De fick barnen Nils 6\/6 1865, Jon f. 1866, d\u00f6d &hellip; <a href=\"https:\/\/hallaryd.se\/?page_id=1468\">Continue reading <span class=\"meta-nav\">&rarr;<\/span><\/a><\/p>\n","protected":false},"author":12,"featured_media":0,"parent":0,"menu_order":0,"comment_status":"closed","ping_status":"closed","template":"","meta":{"footnotes":""},"class_list":["post-1468","page","type-page","status-publish","hentry"],"_links":{"self":[{"href":"https:\/\/hallaryd.se\/index.php?rest_route=\/wp\/v2\/pages\/1468","targetHints":{"allow":["GET"]}}],"collection":[{"href":"https:\/\/hallaryd.se\/index.php?rest_route=\/wp\/v2\/pages"}],"about":[{"href":"https:\/\/hallaryd.se\/index.php?rest_route=\/wp\/v2\/types\/page"}],"author":[{"embeddable":true,"href":"https:\/\/hallaryd.se\/index.php?rest_route=\/wp\/v2\/users\/12"}],"replies":[{"embeddable":true,"href":"https:\/\/hallaryd.se\/index.php?rest_route=%2Fwp%2Fv2%2Fcomments&post=1468"}],"version-history":[{"count":1,"href":"https:\/\/hallaryd.se\/index.php?rest_route=\/wp\/v2\/pages\/1468\/revisions"}],"predecessor-version":[{"id":1469,"href":"https:\/\/hallaryd.se\/index.php?rest_route=\/wp\/v2\/pages\/1468\/revisions\/1469"}],"wp:attachment":[{"href":"https:\/\/hallaryd.se\/index.php?rest_route=%2Fwp%2Fv2%2Fmedia&parent=1468"}],"curies":[{"name":"wp","href":"https:\/\/api.w.org\/{rel}","templated":true}]}}