{"id":1466,"date":"2019-12-30T14:11:33","date_gmt":"2019-12-30T13:11:33","guid":{"rendered":"http:\/\/hallaryd.se\/?page_id=1466"},"modified":"2019-12-30T14:11:33","modified_gmt":"2019-12-30T13:11:33","slug":"loneslattlonekull","status":"publish","type":"page","link":"https:\/\/hallaryd.se\/?page_id=1466","title":{"rendered":"L\u00f6nesl\u00e4tt\/L\u00f6nekull"},"content":{"rendered":"<h5>Under Torsholma 3:1<\/h5>\n<h5>Bebott:1745\u20131841<\/h5>\n<h5><\/h5>\n<h5>Platsen L\u00f6nesl\u00e4tt finns utsatt p\u00e5 dagens kartor, dock inte som ett exakt l\u00e4ge f\u00f6r n\u00e5got torp. P\u00e5 en karta fr\u00e5n 1798 \u00e4r torpet markerat. Denna plats st\u00e4mmer v\u00e4l \u00f6verens med den torpruin som \u00e4r v\u00e4l synlig idag.<\/h5>\n<h5>Denna ruin ligger p\u00e5 toppen av en kulle, i kanten av ett sl\u00e4tt omr\u00e5de med flera odlingsr\u00f6sen.<\/h5>\n<h5>Enligt husf\u00f6rh\u00f6rsl\u00e4ngderna hette torpet L\u00f6nesl\u00e4tt 1745 \u2013 1804.<\/h5>\n<h5>L\u00f6nesl\u00e4tt n\u00e4mns sedan aldrig mer.<\/h5>\n<h5>1795\u20131799 n\u00e4mns \u00e4ven L\u00f6nekull och dr. Bengt Gudmundsson f. 22\/3 1768<\/h5>\n<h5>Det var sedan obebott fram till 1821 och h\u00e4danefter n\u00e4mns bara torpet L\u00f6nekull. Med ovanst\u00e5ende sagt \u00e4r det h\u00f6gst troligt fr\u00e5gan om samma torp.<\/h5>\n<h5><\/h5>\n<h5>1745 &#8211; 1771<\/h5>\n<h5>S\u00f6ren Toll, f. 1699, d. 1\/8 1771<\/h5>\n<h5>1:a hustrun Johanna, d. 1752<\/h5>\n<h5>2:a\u00a0 &#8212;\u201d&#8212;\u00a0 Lucia Torstensdotter, f. 27\/1 1721<\/h5>\n<h5>d. Ingjer S\u00f6rensdotter, f. 12\/5 1726<\/h5>\n<h5><\/h5>\n<h5>1759 &#8211; 1789<\/h5>\n<h5>Nils Sunesson, f. 12\/9 1728 i Witseltofta, h. Ingjer S\u00f6rensdotter, (ovan)<\/h5>\n<h5>s. Simon Nilsson, f. 9\/5 1754, d. Johanna, f. 22\/4 1766<\/h5>\n<h5><\/h5>\n<h5>1789-1802<\/h5>\n<h5>Nils Sunesson, f. 1728, d\u00f6d 1802, h. Ingjer S\u00f6rensdotter, f.1726, d\u00f6d 1804<\/h5>\n<h5>Simon Nilsson, f. 1754, h. Nilla M\u00e5nsdotter, f. 26\/2 1760<\/h5>\n<h5><\/h5>\n<h5>1789 \u2013 1804<\/h5>\n<h5>Simon Nilsson (ovan),\u00a0 h. Nilla M\u00e5nsdotter, f. 26\/2 1760<\/h5>\n<h5>Barn: Sissa Simonsdotter, f. 19\/12 1790, Svenborg Simonsdotter, f. 3\/1 1795<\/h5>\n<h5>Sven Simonsson,\u00a0 f. 1\/4 1802<\/h5>\n<h5><\/h5>\n<h5>1795-1799 <b>L\u00f6nekull<\/b><\/h5>\n<h5>Dr\u00e4ngen Bengt Gudmundsson f.22\/3 1768<\/h5>\n<h5><\/h5>\n<h5>1821<\/h5>\n<h5>M\u00e5ns Eriksson\u00a0 f. 1798<\/h5>\n<h5><\/h5>\n<h5>1831 \u2013 1832<\/h5>\n<h5>Arfvid Persson, f. 1\/11 1807 i G\u00f6theryd<\/h5>\n<h5><\/h5>\n<h5>1834: Daniel, f. 1\/11 1815<\/h5>\n<h5><\/h5>\n<h5>1836 \u2013 1837<\/h5>\n<h5>Inhyse Beata Larsdotter, f. 21\/12 1809<\/h5>\n<h5>med o.\u00e4 d. Sissa Persdotter, f. 7\/6 1835<\/h5>\n<h5>piga Elsa Jonsdotter f 18\/6 1811<\/h5>\n<h5><\/h5>\n<h5>1840 \u2013 1841<\/h5>\n<h5>Dr. Johannes Benetsson, f. 27\/6 1809 i G\u00f6theryd<\/h5>\n<h5><\/h5>\n<h5>GPS: N56496337 E14.005117<\/h5>\n<h5><\/h5>\n<h5>K\u00e4lla: AI\/3, 1758-84, s82,s208,s440,s548; AI\/4, s80,s224, s402, s536;<\/h5>\n<h5>AI\/5, s 116; AI\/9, s101; AI\/11, s163; AI\/12, s 142; AI\/13, s195;<\/h5>\n","protected":false},"excerpt":{"rendered":"<p>Under Torsholma 3:1 Bebott:1745\u20131841 Platsen L\u00f6nesl\u00e4tt finns utsatt p\u00e5 dagens kartor, dock inte som ett exakt l\u00e4ge f\u00f6r n\u00e5got torp. P\u00e5 en karta fr\u00e5n 1798 \u00e4r torpet markerat. Denna plats st\u00e4mmer v\u00e4l \u00f6verens med den torpruin som \u00e4r v\u00e4l synlig &hellip; <a href=\"https:\/\/hallaryd.se\/?page_id=1466\">Continue reading <span class=\"meta-nav\">&rarr;<\/span><\/a><\/p>\n","protected":false},"author":12,"featured_media":0,"parent":0,"menu_order":0,"comment_status":"closed","ping_status":"closed","template":"","meta":{"footnotes":""},"class_list":["post-1466","page","type-page","status-publish","hentry"],"_links":{"self":[{"href":"https:\/\/hallaryd.se\/index.php?rest_route=\/wp\/v2\/pages\/1466","targetHints":{"allow":["GET"]}}],"collection":[{"href":"https:\/\/hallaryd.se\/index.php?rest_route=\/wp\/v2\/pages"}],"about":[{"href":"https:\/\/hallaryd.se\/index.php?rest_route=\/wp\/v2\/types\/page"}],"author":[{"embeddable":true,"href":"https:\/\/hallaryd.se\/index.php?rest_route=\/wp\/v2\/users\/12"}],"replies":[{"embeddable":true,"href":"https:\/\/hallaryd.se\/index.php?rest_route=%2Fwp%2Fv2%2Fcomments&post=1466"}],"version-history":[{"count":1,"href":"https:\/\/hallaryd.se\/index.php?rest_route=\/wp\/v2\/pages\/1466\/revisions"}],"predecessor-version":[{"id":1467,"href":"https:\/\/hallaryd.se\/index.php?rest_route=\/wp\/v2\/pages\/1466\/revisions\/1467"}],"wp:attachment":[{"href":"https:\/\/hallaryd.se\/index.php?rest_route=%2Fwp%2Fv2%2Fmedia&parent=1466"}],"curies":[{"name":"wp","href":"https:\/\/api.w.org\/{rel}","templated":true}]}}