{"id":1460,"date":"2019-12-29T22:04:02","date_gmt":"2019-12-29T21:04:02","guid":{"rendered":"http:\/\/hallaryd.se\/?page_id=1460"},"modified":"2019-12-29T22:04:02","modified_gmt":"2019-12-29T21:04:02","slug":"sarelund","status":"publish","type":"page","link":"https:\/\/hallaryd.se\/?page_id=1460","title":{"rendered":"Sarelund"},"content":{"rendered":"<h5>Sk\u00e5paryd (Sk\u00e5paryd 4:1)<\/h5>\n<h5>Bebott: 1865-1911, Sarelund ligger p\u00e5 S\u00f6derg\u00e5rd.<\/h5>\n<h5><\/h5>\n<h5>Som \u00e4nka flyttar Sara Andersdotter till \u201dSarelund\u201d vid T-korsningen H\u00e5rhult-Sk\u00e5paryd-Bejstorp \u00e5r 1865. Hon har med sig dottern Hanna och sonen Swen.<\/h5>\n<h5>Anders Svensson, 17okt 1851 i Witseltofta, gifter sig (1884) med Saras dotter Hanna P\u00e5lsdotter f. 13\/1 1857.<\/h5>\n<h5>Anders Svensson hade tv\u00e5 barn tidigare. Oscar Wictor f. 25\/9 1875 i Traheryd och Amanda Charlotta f. 3\/6 1859 i Traheryd (flyttar till Malm\u00f6hus l\u00e4n 1894)<\/h5>\n<h5>Deras gemensamma barn \u00e4r Olof, f. 28\/11 1888 (dog 18\/5 1891), Johan, f 8\/11 1890 (dog 25\/5 1899) och Alma, f 8\/12 1892 f\u00f6dda p\u00e5 Sarelund i Hallaryd.<\/h5>\n<h5>Sareluns beskrivs som: No 44,Sk\u00e5paryd Norreg\u00e5rd, 1\/10 besittes af Anders Persson i S\u00f6derg\u00e5rd utan egander\u00e4tt.<\/h5>\n<h5>P\u00e5 Sarelund lever bor ocks\u00e5 mamman, inhyses-\u00e4nka Sara Andersdotter f. 10\/4 1825 i Hallaryd som idkar g\u00e5rdfarihandel (Sara= Sare??)<\/h5>\n<h5>Hanna som var krympling blev mer och mer sinnesjuk och v\u00e5ldsam (kommer till W\u00e4xj\u00f6 hosp. 1894).<\/h5>\n<h5>Anders och hans familj flyttar till Wisseltofta 10\/6 1899. Sara bor kvar som inhysesenka.<\/h5>\n<h5>Sara f\u00f6dd 10\/5 1825 ( i H\u00e5rhult soldattorp Nr 46 av Anders H\u00e5rd och Hanna Persdotter) och dog 12 nov 1911. Sara arbetade i Osby och Hallseryd som piga<\/h5>\n<h5><\/h5>\n<h5>1843-1846. Reste sedan till Nym\u00f6? 1846<\/h5>\n<h5>Saras barn, Pernilla, Elna, Pehr, Hanna P\u00e5lsdotter f 13\/1 1857 i Hallseryd (krympling) , Anders P\u00e5lsson f 16\/4 1860, Swen 1861 men d\u00f6r 7 dagar gammal\u00a0 och Sven P\u00e5lsson Hallenberg f 28\/4 1863 i Hallseryd.<\/h5>\n<h5>Pappan P\u00e5hl Pehrsson d\u00f6r den 24\/4 1863 (4 dagar f\u00f6re Swens f\u00f6delse och begravs n\u00e4r Swen d\u00f6ps).<\/h5>\n<h5>Flyttar 1865 till backstugan under Sk\u00e5paryd Ng (=Sarelund)<\/h5>\n<h5>Sven P\u00e5lsson Hallenberg flyttar till Sk\u00f6nadal, Lund 19\/4 1886 som handlare.<\/h5>\n<h5>Sara Andersdotter avlider den 12\/11 1911 i Sarelund av \u00e5lderdomsaftynande<\/h5>\n<h5>(\u00c4nka, inhysehjon i Sarelund under Sk\u00e5paryd).<\/h5>\n<h5><\/h5>\n<h5>GPS: N56.456201 E13.894034<\/h5>\n<h5>K\u00e4lla: Lunds domkyrkof\u00f6rs. (M) BI:7 1884-1890 Bild 101\/Sida 191<\/h5>\n<h5>Hallaryds Husf\u00f6rh. A I\/101825-, s 186; A I\/17 1861-, s 313; A I\/20 1881-, s 273; A I\/211886-, s 260; A II\/2 1906-, s 288<\/h5>\n","protected":false},"excerpt":{"rendered":"<p>Sk\u00e5paryd (Sk\u00e5paryd 4:1) Bebott: 1865-1911, Sarelund ligger p\u00e5 S\u00f6derg\u00e5rd. Som \u00e4nka flyttar Sara Andersdotter till \u201dSarelund\u201d vid T-korsningen H\u00e5rhult-Sk\u00e5paryd-Bejstorp \u00e5r 1865. Hon har med sig dottern Hanna och sonen Swen. Anders Svensson, 17okt 1851 i Witseltofta, gifter sig (1884) med &hellip; <a href=\"https:\/\/hallaryd.se\/?page_id=1460\">Continue reading <span class=\"meta-nav\">&rarr;<\/span><\/a><\/p>\n","protected":false},"author":12,"featured_media":0,"parent":0,"menu_order":0,"comment_status":"closed","ping_status":"closed","template":"","meta":{"footnotes":""},"class_list":["post-1460","page","type-page","status-publish","hentry"],"_links":{"self":[{"href":"https:\/\/hallaryd.se\/index.php?rest_route=\/wp\/v2\/pages\/1460","targetHints":{"allow":["GET"]}}],"collection":[{"href":"https:\/\/hallaryd.se\/index.php?rest_route=\/wp\/v2\/pages"}],"about":[{"href":"https:\/\/hallaryd.se\/index.php?rest_route=\/wp\/v2\/types\/page"}],"author":[{"embeddable":true,"href":"https:\/\/hallaryd.se\/index.php?rest_route=\/wp\/v2\/users\/12"}],"replies":[{"embeddable":true,"href":"https:\/\/hallaryd.se\/index.php?rest_route=%2Fwp%2Fv2%2Fcomments&post=1460"}],"version-history":[{"count":1,"href":"https:\/\/hallaryd.se\/index.php?rest_route=\/wp\/v2\/pages\/1460\/revisions"}],"predecessor-version":[{"id":1461,"href":"https:\/\/hallaryd.se\/index.php?rest_route=\/wp\/v2\/pages\/1460\/revisions\/1461"}],"wp:attachment":[{"href":"https:\/\/hallaryd.se\/index.php?rest_route=%2Fwp%2Fv2%2Fmedia&parent=1460"}],"curies":[{"name":"wp","href":"https:\/\/api.w.org\/{rel}","templated":true}]}}