{"id":1457,"date":"2019-12-29T21:59:15","date_gmt":"2019-12-29T20:59:15","guid":{"rendered":"http:\/\/hallaryd.se\/?page_id=1457"},"modified":"2019-12-29T21:59:15","modified_gmt":"2019-12-29T20:59:15","slug":"albertinas-148-mtl","status":"publish","type":"page","link":"https:\/\/hallaryd.se\/?page_id=1457","title":{"rendered":"Albertinas, 1\/48 mtl"},"content":{"rendered":"<h5>Under Sk\u00e5paryd S\u00f6derg, 2019 Sk\u00e5paryd 1:11<\/h5>\n<h5>Bebott: 1880-1939<\/h5>\n<h5><\/h5>\n<h5>1880-1884: 1\/48 mtl<\/h5>\n<h5>Henrik Nilsson f. 18\/4 1841 i Mellby, gift 1879, h. Nilla Johansdotter f. 2\/3 1856 i Ousby, Barn: Nils Wilhelm f. 30\/10 1880 i Hallaryd, Sigrid f. 20\/4 1882 i Hallaryd.<\/h5>\n<h5>Familjen flyttar till Vedby (L) 1884<\/h5>\n<h5><\/h5>\n<h5>1884-1885:<\/h5>\n<h5>Sven Andersson f. 3\/12 1821 i \u00d6rkened, h. Elsa Persdotter f. 18\/9 1833 i Osby,<\/h5>\n<h5>Hennes 4 barn, Ingrid J\u00f6nsdotter f. 22\/8 1857, flyttar till G\u00f6teryd 1885, Nils Petter J\u00f6nsson f. 18\/12 1862 i Loshult, Thilda J\u00f6nsdotter f. 9\/4 1867 i Hallaryd, Alfred J\u00f6nsson f.5\/9 1872 i Hallaryd, deras dotter Albertina Svensson f. 24\/4 1879. Fam kommer fr\u00e5n Kalvshult \u00d6g 1884.<\/h5>\n<h5><\/h5>\n<h5>1886-1895: 1\/48 mtl, Sk\u00e5paryd Sg<\/h5>\n<h5>Sven Andersson f. 3\/12 1821 i \u00d6rkened, d\u00f6d 1888,<\/h5>\n<h5>h. Elsa Persdotter f. 18\/9 1833 i Osby,<\/h5>\n<h5>Hennes 3 barn Nils Petter J\u00f6nsson f. 18\/12 1862 i Loshult, Thilda J\u00f6nsdotter f. 9\/4 1867 i Hallaryd, Alfred J\u00f6nsson f.5\/9 1872 i Hallaryd, deras dotter Albertina Svensson f. 24\/4 1879. Nils Petter arbetar i Skellefte\u00e5, i R\u00f6ros Norge och flyttar sedan till Skogsboda, Sk\u00e5paryd. Thilda flyttar\/gifter sig i Aspelund, \u00c5rbohult. Alfred utvandrar till N. Amerika 1890. Elsas barn skrivs ocks\u00e5 p\u00e5 Skogsboda.<\/h5>\n<h5><\/h5>\n<h5>1896-1905: 1\/48 mtl<\/h5>\n<h5>Elsa Persdotter f.18\/9 1833, dottern Albertina Svensson f. 24\/4 1879,<\/h5>\n<h5><\/h5>\n<h5>1906-1916: Torpet kallas Albertinas<\/h5>\n<h5>Elsa Andersson f. Persdotter f.18\/9 1833, \u00e4nka 1888, dottern Albertina Svensson f. 24\/4 1879, Albertina tar ut lysning 1915 med Alfred Sandell, f. 1868 i Vedby, men kan inte visa \u201dledighet till \u00e4ktenskap\u201d. Annonsering i Post-o Inrikes tidning tar tid. Det verkar klart 29\/5 1916, men Alfred avlider 19\/6 1916.<\/h5>\n<h5>En ny man, Carl Tufvesson, Nilsson flyttar in 3\/6 1916. Han har varit gift i N. Amerika 1893, men hustrun avled 1912, men Carl och Albertina kan gifta sig 1917.<\/h5>\n<h5><\/h5>\n<h5>1917-1935: 1\/48 mtl<\/h5>\n<h5>\u00c4nk. Albertina Nilsson, f\u00f6dd Svensson, f. 24\/4 1879 i Hallaryd<\/h5>\n<h5>Son Harry Emanuel f. 12\/7 1919 i Hallaryd<\/h5>\n<h5>Albertina gifte sig 1917 med \u00e4nkeman Carl (Tufvedsson) Nilsson f. 20\/5 1858 i Verum. Carl dog 1921<\/h5>\n<h5>1930: \u00e4nkling Otto Nilsson, skomakare, ryktare, f. 14\/1 1864 i Augerum (K), dog 1935.<\/h5>\n<h5>\u00c4nka Elsa Andersson f Persdotter,(Albertinas mor) f. 18\/9 1833 i Osby, dog 1918.<\/h5>\n<h5><\/h5>\n<h5>1936-1939:<\/h5>\n<h5>Albertina Nilsson, f\u00f6dd Svensson, emigrerar till N. Amerika 1939, kommer tillbaka juli 1946 och flyttar till \u00e5lderdomshemmet. Avlider 19\/11 1946.<\/h5>\n<h5>Sonen Harry Emanuel flyttar 1939 till \u00c4lmhult.<\/h5>\n<h5>Arvid o Edvin Kronstrand verkar bott d\u00e4r en kort tid under 1939<\/h5>\n<h5><\/h5>\n<h5>GPS: N56.474899 E13.919249<\/h5>\n<h5><\/h5>\n<h5>K\u00e4lla: AI\/17, s 314; AI\/18, s 263; AI\/19, s 262; AI\/20, s 262; AI\/21, s 252; AII\/1, s 266; AII\/2, s 279; AII\/3, s 290; AII\/4, s290, s 386;<\/h5>\n<h5><\/h5>\n","protected":false},"excerpt":{"rendered":"<p>Under Sk\u00e5paryd S\u00f6derg, 2019 Sk\u00e5paryd 1:11 Bebott: 1880-1939 1880-1884: 1\/48 mtl Henrik Nilsson f. 18\/4 1841 i Mellby, gift 1879, h. Nilla Johansdotter f. 2\/3 1856 i Ousby, Barn: Nils Wilhelm f. 30\/10 1880 i Hallaryd, Sigrid f. 20\/4 1882 &hellip; <a href=\"https:\/\/hallaryd.se\/?page_id=1457\">Continue reading <span class=\"meta-nav\">&rarr;<\/span><\/a><\/p>\n","protected":false},"author":12,"featured_media":0,"parent":0,"menu_order":0,"comment_status":"closed","ping_status":"closed","template":"","meta":{"footnotes":""},"class_list":["post-1457","page","type-page","status-publish","hentry"],"_links":{"self":[{"href":"https:\/\/hallaryd.se\/index.php?rest_route=\/wp\/v2\/pages\/1457","targetHints":{"allow":["GET"]}}],"collection":[{"href":"https:\/\/hallaryd.se\/index.php?rest_route=\/wp\/v2\/pages"}],"about":[{"href":"https:\/\/hallaryd.se\/index.php?rest_route=\/wp\/v2\/types\/page"}],"author":[{"embeddable":true,"href":"https:\/\/hallaryd.se\/index.php?rest_route=\/wp\/v2\/users\/12"}],"replies":[{"embeddable":true,"href":"https:\/\/hallaryd.se\/index.php?rest_route=%2Fwp%2Fv2%2Fcomments&post=1457"}],"version-history":[{"count":2,"href":"https:\/\/hallaryd.se\/index.php?rest_route=\/wp\/v2\/pages\/1457\/revisions"}],"predecessor-version":[{"id":1459,"href":"https:\/\/hallaryd.se\/index.php?rest_route=\/wp\/v2\/pages\/1457\/revisions\/1459"}],"wp:attachment":[{"href":"https:\/\/hallaryd.se\/index.php?rest_route=%2Fwp%2Fv2%2Fmedia&parent=1457"}],"curies":[{"name":"wp","href":"https:\/\/api.w.org\/{rel}","templated":true}]}}