{"id":1455,"date":"2019-12-29T21:54:10","date_gmt":"2019-12-29T20:54:10","guid":{"rendered":"http:\/\/hallaryd.se\/?page_id=1455"},"modified":"2019-12-29T21:54:10","modified_gmt":"2019-12-29T20:54:10","slug":"akestorp-sjuhult","status":"publish","type":"page","link":"https:\/\/hallaryd.se\/?page_id=1455","title":{"rendered":"\u00c5kestorp, Sjuhult"},"content":{"rendered":"<h5>Under Sjuhult 1:22<\/h5>\n<h5>Bebott: 1730-1910<\/h5>\n<h5><\/h5>\n<h5>1730-1751:<\/h5>\n<h5>f.d. soldaten Per Hall, h. Elin<\/h5>\n<h5><\/h5>\n<h5>1753-1782:<\/h5>\n<h5>Anders Ekeroth f. 29\/7 1700, d\u00f6d 1770<\/h5>\n<h5>h. Karin Bengtsdotter f. 28\/12 1706, d\u00f6d 1782<\/h5>\n<h5>dr. Olof Andersson f. 6\/11 1745, inflyttad 1768<\/h5>\n<h5><\/h5>\n<h5>1785-1805: vid storskifte n\u00e4mnt som Olofs torp<\/h5>\n<h5>Olof Andersson f. 6\/11 1745, h. Ingjerd Jonsdotter f 5\/11 1740<\/h5>\n<h5><\/h5>\n<h5>1806-1810:<\/h5>\n<h5>Olof Andersson f. 6\/11 1745, d\u00f6d 25\/12 1809 h. Ingjerd Jonsdotter f 5\/11 1740<\/h5>\n<h5>Torparen Jon M\u00e5nsson f 1776 i G\u00f6theryd flyttar in 1810<\/h5>\n<h5><\/h5>\n<h5>1811-1815:<\/h5>\n<h5>Inh. enk. Ingjerd Jonsdotter f 1740, d\u00f6d 10\/5 1812, torp. Jon M\u00e5nsson f.1776 i G\u00f6theryd, flyttar 1811 till \u00d6rsn\u00e4s<\/h5>\n<h5>Torp. Per Svensson f 1789, h. Bengta Nilsdotter f. 1787, barn: Pernilla Persdotter f. 1812, Nilla Persdotter f. 1815<\/h5>\n<h5><\/h5>\n<h5>1816-1819:<\/h5>\n<h5>Per Svensson f. 1789, h. Bengta Nilsdotter f. 1787, barn: Pernilla f. 1812, Nilla f. 1815<\/h5>\n<h5><\/h5>\n<h5>1820-1824:<\/h5>\n<h5>Sven Andersson f.1790, h. Nilla Nilsdotter f. 1789, 4 barn<\/h5>\n<h5><\/h5>\n<h5>1825-1828: \u00c5kestorp st\u00e5r som torp utan boende.<\/h5>\n<h5><\/h5>\n<h5>1828-1834: \u00c5kestorp: eges af H\u00e4rstr\u00f6m<\/h5>\n<h5>J\u00f6ns J\u00f6nsson f. 1809, h. Lisa \u2026.dotter 1803, 2 barn,<\/h5>\n<h5>torpardr\u00e4ng Christen Svensson f. 1810<\/h5>\n<h5><\/h5>\n<h5>1834-1838: \u00c5kestorp: eges af H\u00e4rstr\u00f6m<\/h5>\n<h5><\/h5>\n<h5>1839-1844:<\/h5>\n<h5>1842-1843:Pigan Sara Hansdotter f. 1809 i Farstorp,(sold. Hans dotter)<\/h5>\n<h5>1842&#8211;: Afsk. Sold. Hans H\u00e4rstr\u00f6m f. 11\/11 1782 i \u00c5sum (L)<\/h5>\n<h5>Far o dotter flyttade dit fr\u00e5n Hallseryd Sold. Torp No36.<\/h5>\n<h5><\/h5>\n<h5>1844-1848:<\/h5>\n<h5>Afsk. Sold. Hans H\u00e4rstr\u00f6m f. 11\/11 1782 i \u00c5sum (L)<\/h5>\n<h5>Magnus J\u00f6nsson f 1814 i G\u00f6theryd, h. Elin J\u00f6nsdotter f. 1815,<\/h5>\n<h5>hennes o.\u00e4 dot. Pernilla f. 8\/1 1837, fam. Flyttar till Carlstad, \u00c5rbohult<\/h5>\n<h5><\/h5>\n<h5>1849-1851:<\/h5>\n<h5>Pehr Persson f. 26\/11 1817, h. Nilla Pehrsdotter f. 1815, 2 d\u00f6ttrar,<\/h5>\n<h5>kom 1849 fr\u00e5n Gyllenlund i Br\u00f6tan,<\/h5>\n<h5><\/h5>\n<h5>1852-1855:<\/h5>\n<h5>Pehr Persson f. 26\/11 1817, h. Nilla Pehrsdotter f. 1815, 2 d\u00f6ttrar<\/h5>\n<h5>1856: enk Elna Svensdotter f 1798 i Hallaryd, 2 d\u00f6ttrar, inh. Christen Johannesson<\/h5>\n<h5>f.1826 i G\u00f6theryd (l\u00f6sgifven fr\u00e5n Malm\u00f6 1853, der han varit p\u00e5 f\u00e4stning f\u00f6r st\u00f6ld flera resor)<\/h5>\n<h5><\/h5>\n<h5>1861-1869:<\/h5>\n<h5>Enk. Elna Svensdotter f. 18\/8 1798 (svagsint), inh Elias Jonsson f 1822,<\/h5>\n<h5>fr\u00e5nvarande vistas i Str\u00f6 (L)1864<\/h5>\n<h5><\/h5>\n<h5>1870-1875:<\/h5>\n<h5>Und. Enk. Elna Swensdotter f 1798, Inh. Mattias Swensson f 1821 i Ousby,<\/h5>\n<h5>(vistas i Danmark) h. Nilla Jonsdotter f. 1832, Barn: Ingrid, Pehr, Bengta o Jon<\/h5>\n<h5><\/h5>\n<h5>1876-1880:<\/h5>\n<h5>Und. Enk. Elna Swensdotter f 1798,Mattias Swensson f 1821 i Ousby, avliden den 6\/7 1879 (vistades utomlands i 10-\u00e5rs tid), enk. Nilla Jonsdotter f. 1832,<\/h5>\n<h5>Barn: Pehr, Bengta o Jon<\/h5>\n<h5><\/h5>\n<h5>1881-1885:<\/h5>\n<h5>Und. Enk. Elna Swensdotter f 1798, enk. Nilla Jonsdotter f. 1832,<\/h5>\n<h5>Barn: Bengta reser till N. Amerika 1884, Jon flyttar till Broby 1881<\/h5>\n<h5><\/h5>\n<h5>1886-1895:<\/h5>\n<h5>Und. Enk. Elna Swensdotter f 1798, avlider 22\/5 1890,<\/h5>\n<h5>Torpet ben\u00e4mns? \u00a0\u201dLilla hem\u201d, eller flyttar hon till \u201dLilla hem\u201d ?<\/h5>\n<h5>enk. Nilla Jonsdotter f. 21\/12 1832<\/h5>\n<h5><\/h5>\n<h5>1896-1910: \u201dLilla hem\u201d<\/h5>\n<h5>Nilla Jonsdotter f. 1832, d\u00f6r 19\/2 1910<\/h5>\n<h5><\/h5>\n<h5>GPS: N56.461469\u00a0 E13.791621<\/h5>\n<h5><\/h5>\n<h5>K\u00e4lla: AI\/4, 1785-, sid 38; AI\/5, 1800-, sid 44; AI\/6, 1806-, sid 74; AI\/7, 1811-, sid 37; AI\/8, 1816-, sid 39; AI\/9, 1820-, sid 46; AI\/10, 1825-, sid 66; AI\/11, 1828-, sid 68; AI\/12, 1834-, sid 68; AI\/13, 1839-, sid 85; AI\/14, 1844-, sid 80; AI\/15, 1849-, sid 83; AI\/16, 1852-, sid 87; AI\/17, 1861-, sid 89; AI\/18, 1870-, sid 73; AI\/20, 1881-, sid 76;\u00a0 AI\/21, 1886-, sid 77; AII\/1, 1896-, sid 306;<\/h5>\n<h5><\/h5>\n","protected":false},"excerpt":{"rendered":"<p>Under Sjuhult 1:22 Bebott: 1730-1910 1730-1751: f.d. soldaten Per Hall, h. Elin 1753-1782: Anders Ekeroth f. 29\/7 1700, d\u00f6d 1770 h. Karin Bengtsdotter f. 28\/12 1706, d\u00f6d 1782 dr. Olof Andersson f. 6\/11 1745, inflyttad 1768 1785-1805: vid storskifte n\u00e4mnt &hellip; <a href=\"https:\/\/hallaryd.se\/?page_id=1455\">Continue reading <span class=\"meta-nav\">&rarr;<\/span><\/a><\/p>\n","protected":false},"author":12,"featured_media":0,"parent":0,"menu_order":0,"comment_status":"closed","ping_status":"closed","template":"","meta":{"footnotes":""},"class_list":["post-1455","page","type-page","status-publish","hentry"],"_links":{"self":[{"href":"https:\/\/hallaryd.se\/index.php?rest_route=\/wp\/v2\/pages\/1455","targetHints":{"allow":["GET"]}}],"collection":[{"href":"https:\/\/hallaryd.se\/index.php?rest_route=\/wp\/v2\/pages"}],"about":[{"href":"https:\/\/hallaryd.se\/index.php?rest_route=\/wp\/v2\/types\/page"}],"author":[{"embeddable":true,"href":"https:\/\/hallaryd.se\/index.php?rest_route=\/wp\/v2\/users\/12"}],"replies":[{"embeddable":true,"href":"https:\/\/hallaryd.se\/index.php?rest_route=%2Fwp%2Fv2%2Fcomments&post=1455"}],"version-history":[{"count":1,"href":"https:\/\/hallaryd.se\/index.php?rest_route=\/wp\/v2\/pages\/1455\/revisions"}],"predecessor-version":[{"id":1456,"href":"https:\/\/hallaryd.se\/index.php?rest_route=\/wp\/v2\/pages\/1455\/revisions\/1456"}],"wp:attachment":[{"href":"https:\/\/hallaryd.se\/index.php?rest_route=%2Fwp%2Fv2%2Fmedia&parent=1455"}],"curies":[{"name":"wp","href":"https:\/\/api.w.org\/{rel}","templated":true}]}}