{"id":1439,"date":"2019-12-29T21:19:03","date_gmt":"2019-12-29T20:19:03","guid":{"rendered":"http:\/\/hallaryd.se\/?page_id=1439"},"modified":"2019-12-29T21:19:03","modified_gmt":"2019-12-29T20:19:03","slug":"soldattorp-kroksbygd-rote-37-gokadal","status":"publish","type":"page","link":"https:\/\/hallaryd.se\/?page_id=1439","title":{"rendered":"Soldattorp Kroksbygd, Rote 37, G\u00f6kadal"},"content":{"rendered":"<h5>Under Kroksbygd 1:16 (G\u00f6kadal)<\/h5>\n<h5>Bebott: 1688 -1900<\/h5>\n<h5><\/h5>\n<h5><span style=\"text-decoration: underline;\">Tj\u00e4nste\u00e5r \u00a0 \u00a0 \u00a0 \u00a0 \u00a0 \u00a0 \u00a0 Soldatens namn<\/span><\/h5>\n<h5>1688 \u2013 1697\u00a0\u00a0\u00a0\u00a0\u00a0\u00a0\u00a0\u00a0\u00a0\u00a0 Bengt Nilsson<\/h5>\n<h5>1710 \u2013 1713 \u00a0\u00a0\u00a0\u00a0\u00a0\u00a0\u00a0\u00a0\u00a0 Kiell Spark? <i>D\u00f6d i f\u00e5ngenskap i Holstein f.1713<\/i><\/h5>\n<h5>1715 \u2013 1716 \u00a0\u00a0\u00a0\u00a0\u00a0\u00a0\u00a0\u00a0\u00a0 Bengt Bengtsson\u00a0\u00a0\u00a0\u00a0\u00a0\u00a0\u00a0\u00a0\u00a0\u00a0\u00a0\u00a0\u00a0\u00a0\u00a0\u00a0\u00a0\u00a0\u00a0\u00a0\u00a0\u00a0\u00a0\u00a0\u00a0 f. 1680<\/h5>\n<h5>1718 \u2013 1724 \u00a0\u00a0\u00a0\u00a0\u00a0\u00a0\u00a0\u00a0\u00a0 Sven J\u00f6nsson\u00a0\u00a0\u00a0\u00a0\u00a0\u00a0\u00a0\u00a0\u00a0\u00a0\u00a0\u00a0\u00a0\u00a0\u00a0\u00a0\u00a0\u00a0\u00a0\u00a0\u00a0\u00a0\u00a0\u00a0\u00a0\u00a0\u00a0\u00a0\u00a0\u00a0 f. 1690<\/h5>\n<h5>1724 \u2013 1741\u00a0\u00a0\u00a0\u00a0\u00a0\u00a0\u00a0\u00a0\u00a0\u00a0 Anders Svensson Krok\u00a0\u00a0\u00a0\u00a0\u00a0\u00a0\u00a0\u00a0\u00a0\u00a0\u00a0\u00a0\u00a0\u00a0\u00a0\u00a0\u00a0 f. 1700<\/h5>\n<h5>1742 \u2013 1743 \u00a0\u00a0\u00a0\u00a0\u00a0\u00a0\u00a0\u00a0\u00a0 Christen Tuvesson Ros<\/h5>\n<h5>1743 \u2013 1763\u00a0\u00a0\u00a0\u00a0\u00a0\u00a0\u00a0\u00a0\u00a0\u00a0 Tufved Persson Fleukfeldt\u00a0\u00a0\u00a0\u00a0\u00a0\u00a0\u00a0\u00a0 \u00a0 \u00a0\u00a0 f. 1717<\/h5>\n<h5>Vacant<\/h5>\n<h5>1775 \u2013 1778\u00a0\u00a0\u00a0\u00a0\u00a0\u00a0\u00a0\u00a0\u00a0\u00a0 Jonas Norberg\u00a0\u00a0\u00a0\u00a0\u00a0\u00a0\u00a0\u00a0\u00a0\u00a0\u00a0\u00a0\u00a0\u00a0\u00a0\u00a0\u00a0\u00a0\u00a0\u00a0\u00a0\u00a0\u00a0\u00a0 \u00a0 \u00a0\u00a0 f. 1745<\/h5>\n<h5>1778 \u2013 1789\u00a0\u00a0\u00a0\u00a0\u00a0\u00a0\u00a0\u00a0\u00a0\u00a0 M\u00e5ns Eriksson Norberg\u00a0\u00a0\u00a0\u00a0\u00a0\u00a0\u00a0\u00a0\u00a0\u00a0\u00a0 \u00a0\u00a0 \u00a0 f. 1758<\/h5>\n<h5>1790 \u2013 1791\u00a0\u00a0\u00a0\u00a0\u00a0\u00a0\u00a0\u00a0\u00a0\u00a0 Anders Sunesson Pihl\u00a0\u00a0\u00a0\u00a0\u00a0\u00a0\u00a0\u00a0\u00a0\u00a0\u00a0\u00a0\u00a0\u00a0\u00a0\u00a0\u00a0\u00a0 f. 1763<\/h5>\n<h5>1792 \u2013 1795 \u00a0\u00a0\u00a0\u00a0\u00a0\u00a0\u00a0\u00a0\u00a0 Eric Lustig\u00a0\u00a0\u00a0\u00a0\u00a0\u00a0\u00a0\u00a0\u00a0\u00a0\u00a0\u00a0\u00a0\u00a0\u00a0\u00a0\u00a0\u00a0\u00a0\u00a0\u00a0\u00a0\u00a0\u00a0\u00a0\u00a0\u00a0\u00a0\u00a0\u00a0\u00a0\u00a0\u00a0\u00a0 f. 1773<\/h5>\n<h5>1802 \u2013 1809\u00a0\u00a0\u00a0\u00a0\u00a0\u00a0\u00a0\u00a0\u00a0\u00a0 Per Jonsson Krok\u00a0\u00a0\u00a0\u00a0\u00a0\u00a0 f. 1778\u00a0 <i>d\u00f6d i Finland<\/i><\/h5>\n<h5>1809 \u2013 1840 \u00a0\u00a0\u00a0\u00a0\u00a0\u00a0\u00a0\u00a0\u00a0 Anders Persson Krum\u00a0\u00a0\u00a0\u00a0\u00a0\u00a0\u00a0\u00a0\u00a0\u00a0\u00a0\u00a0\u00a0\u00a0\u00a0\u00a0\u00a0\u00a0 f. 1788<\/h5>\n<h5>1841 \u2013 1843 \u00a0\u00a0\u00a0\u00a0\u00a0\u00a0\u00a0\u00a0\u00a0 Karl Jonsson Krusell\u00a0\u00a0\u00a0\u00a0\u00a0\u00a0\u00a0\u00a0\u00a0\u00a0\u00a0\u00a0\u00a0 \u00a0\u00a0 \u00a0\u00a0\u00a0 f. 1817<\/h5>\n<h5>1843 \u2013 1849\u00a0\u00a0\u00a0\u00a0\u00a0\u00a0\u00a0\u00a0\u00a0\u00a0 Sven Petersson Krusell<\/h5>\n<h5>1849 \u2013 1873 \u00a0\u00a0\u00a0\u00a0\u00a0\u00a0\u00a0\u00a0\u00a0 Peter Isaksson Krusell\u00a0\u00a0\u00a0\u00a0\u00a0\u00a0\u00a0\u00a0\u00a0\u00a0\u00a0\u00a0\u00a0\u00a0\u00a0\u00a0 f. 1821<\/h5>\n<h5>1873 \u2013 1884\u00a0\u00a0\u00a0\u00a0\u00a0\u00a0\u00a0\u00a0\u00a0\u00a0 Anders Jonasson Levin\u00a0\u00a0\u00a0\u00a0\u00a0\u00a0\u00a0\u00a0\u00a0\u00a0 \u00a0 \u00a0\u00a0 f. 1850<\/h5>\n<h5>1884 \u2013 1885\u00a0\u00a0\u00a0\u00a0\u00a0\u00a0\u00a0\u00a0\u00a0\u00a0 Per Johannesson Kjellkvist\u00a0\u00a0\u00a0\u00a0\u00a0\u00a0\u00a0\u00a0\u00a0 f. 1863<\/h5>\n<h5><\/h5>\n<h5>\u00a01719-1743:<\/h5>\n<h5>Sold. Anders Jonsson Krok, d\u00f6r 1741, h. Maria Gummesdotter, barn: Gunnel, Karin<\/h5>\n<h5><\/h5>\n<h5>1744-1757:<\/h5>\n<h5>Tufved Flinkfelt f. 1717, h. Kirstin Olofsdotter f. 1709, 3 flickor<\/h5>\n<h5>16\/1 1745 f\u00f6ddes Ingierd i Kroksb\u00f6gds, (C\/2,1690, sid 214).<\/h5>\n<h5><\/h5>\n<h5>1770-1779:<\/h5>\n<h5>Corp. Jonas Norberg f. febr 1745, h. Karin Nilsdotter f. 1744<\/h5>\n<h5><\/h5>\n<h5>1780-1795:<\/h5>\n<h5>Sold. M\u00e5ns Norberg f.6\/9 1758 h. Kerstin Johansdotter f. 1751<\/h5>\n<h5><\/h5>\n<h5>1800-1810 Soldattorp No 37<\/h5>\n<h5>Per Jonsson Krok f. 16\/2 1778, d\u00f6d i Finland 28\/9 1808<\/h5>\n<h5>h.h. Karin Persdotter f. 15\/1 1775, kommer med en dotter fr\u00e5n G\u00f6theryd 1803<\/h5>\n<h5>Sold. Anders Persson Krum f. 12\/2 1786 (alt.12\/8 1788), kommer fr\u00e5n W\u00e4gla \u00d6sterg. 1809<\/h5>\n<h5><\/h5>\n<h5>1811-1815<\/h5>\n<h5>Sold Anders Krom, h.h. Elin,<\/h5>\n<h5>Piga Ingjerd Nilsdotter<\/h5>\n<h5><\/h5>\n<h5>1884-1885 soldaten Per Johannisson Kjellqvist f. 1863<\/h5>\n<h5><\/h5>\n<h5>1852-1860<\/h5>\n<h5>Soldat Pehr Isaksson Krusell f. 12\/2 1821 i Loushult<\/h5>\n<h5><\/h5>\n<h5>1915: Torpet k\u00f6ps av Magnus Eliasson och kallas <b>G\u00f6kadal<\/b>.<\/h5>\n<h5>GPS: N56.50112 E13.88028<\/h5>\n<h5>K\u00e4lla: Hallaryd kyrkob. AI\/1, 1718-, sid 25, 146, 242; C\/2,1690, sid 214;<\/h5>\n<h5>AI\/2, 1730-, sid 50, 148, 244; AI\/3, 1758- sid 62,312, 426; AI\/4, 1785-,sid 62;<\/h5>\n<h5>AI\/5, 1800-, sid 84; AI\/6 1806-1810, sid 122; AI\/7, 1811-1815, sid 158;<\/h5>\n","protected":false},"excerpt":{"rendered":"<p>Under Kroksbygd 1:16 (G\u00f6kadal) Bebott: 1688 -1900 Tj\u00e4nste\u00e5r \u00a0 \u00a0 \u00a0 \u00a0 \u00a0 \u00a0 \u00a0 Soldatens namn 1688 \u2013 1697\u00a0\u00a0\u00a0\u00a0\u00a0\u00a0\u00a0\u00a0\u00a0\u00a0 Bengt Nilsson 1710 \u2013 1713 \u00a0\u00a0\u00a0\u00a0\u00a0\u00a0\u00a0\u00a0\u00a0 Kiell Spark? D\u00f6d i f\u00e5ngenskap i Holstein f.1713 1715 \u2013 1716 \u00a0\u00a0\u00a0\u00a0\u00a0\u00a0\u00a0\u00a0\u00a0 Bengt Bengtsson\u00a0\u00a0\u00a0\u00a0\u00a0\u00a0\u00a0\u00a0\u00a0\u00a0\u00a0\u00a0\u00a0\u00a0\u00a0\u00a0\u00a0\u00a0\u00a0\u00a0\u00a0\u00a0\u00a0\u00a0\u00a0 &hellip; <a href=\"https:\/\/hallaryd.se\/?page_id=1439\">Continue reading <span class=\"meta-nav\">&rarr;<\/span><\/a><\/p>\n","protected":false},"author":12,"featured_media":0,"parent":0,"menu_order":0,"comment_status":"closed","ping_status":"closed","template":"","meta":{"footnotes":""},"class_list":["post-1439","page","type-page","status-publish","hentry"],"_links":{"self":[{"href":"https:\/\/hallaryd.se\/index.php?rest_route=\/wp\/v2\/pages\/1439","targetHints":{"allow":["GET"]}}],"collection":[{"href":"https:\/\/hallaryd.se\/index.php?rest_route=\/wp\/v2\/pages"}],"about":[{"href":"https:\/\/hallaryd.se\/index.php?rest_route=\/wp\/v2\/types\/page"}],"author":[{"embeddable":true,"href":"https:\/\/hallaryd.se\/index.php?rest_route=\/wp\/v2\/users\/12"}],"replies":[{"embeddable":true,"href":"https:\/\/hallaryd.se\/index.php?rest_route=%2Fwp%2Fv2%2Fcomments&post=1439"}],"version-history":[{"count":1,"href":"https:\/\/hallaryd.se\/index.php?rest_route=\/wp\/v2\/pages\/1439\/revisions"}],"predecessor-version":[{"id":1440,"href":"https:\/\/hallaryd.se\/index.php?rest_route=\/wp\/v2\/pages\/1439\/revisions\/1440"}],"wp:attachment":[{"href":"https:\/\/hallaryd.se\/index.php?rest_route=%2Fwp%2Fv2%2Fmedia&parent=1439"}],"curies":[{"name":"wp","href":"https:\/\/api.w.org\/{rel}","templated":true}]}}