{"id":1432,"date":"2019-12-29T20:59:32","date_gmt":"2019-12-29T19:59:32","guid":{"rendered":"http:\/\/hallaryd.se\/?page_id=1432"},"modified":"2019-12-29T20:59:32","modified_gmt":"2019-12-29T19:59:32","slug":"haggadal","status":"publish","type":"page","link":"https:\/\/hallaryd.se\/?page_id=1432","title":{"rendered":"H\u00e4ggadal"},"content":{"rendered":"<h5>Under H\u00e4gdabygd (idag Bardshult 1:6)<\/h5>\n<h5>Bebott: 1861-1906<\/h5>\n<h5><\/h5>\n<h5>1852-1885: \u00bd torp av H\u00e4ggan\u00e4s= H\u00e4ggadal<\/h5>\n<h5>Per Sunesson f. 19\/9 1823, h. Karna Nilsdotter f. 17\/9 1815 i Loshult<\/h5>\n<h5>Barn: Bengta f. 10\/3 1857, d\u00f6d 18\/3 1857, Olof, f. 17\/1 1858, d\u00f6d 18\/1 1858<\/h5>\n<h5>dotter Bengta f. 28\/11 1861<\/h5>\n<h5><\/h5>\n<h5>1886-1895:<\/h5>\n<h5>Per Sunesson f. 19\/9 1823, h. Karna Nilsdotter f. 17\/9 1815 i Loshult, d\u00f6r 1890<\/h5>\n<h5>dotter Bengta f. 28\/11 1861, gifter sig 1887 och flyttar till Torsholma Vg.<\/h5>\n<h5><\/h5>\n<h5>1896-1906: H\u00e4ggadal<\/h5>\n<h5>Per Sunesson f. 1823, d\u00f6r 1906<\/h5>\n<h5><\/h5>\n<h5>GPS: N56.503025 E14.005698<\/h5>\n<h5>K\u00e4lla: AI\/17, s 245; AI\/18, s 191; AI\/19, s 196; AI\/20, s 196; AI\/21, s 193; AII\/1, 1896-, s 118; AII\/2, s 127;<\/h5>\n","protected":false},"excerpt":{"rendered":"<p>Under H\u00e4gdabygd (idag Bardshult 1:6) Bebott: 1861-1906 1852-1885: \u00bd torp av H\u00e4ggan\u00e4s= H\u00e4ggadal Per Sunesson f. 19\/9 1823, h. Karna Nilsdotter f. 17\/9 1815 i Loshult Barn: Bengta f. 10\/3 1857, d\u00f6d 18\/3 1857, Olof, f. 17\/1 1858, d\u00f6d 18\/1 &hellip; <a href=\"https:\/\/hallaryd.se\/?page_id=1432\">Continue reading <span class=\"meta-nav\">&rarr;<\/span><\/a><\/p>\n","protected":false},"author":12,"featured_media":0,"parent":0,"menu_order":0,"comment_status":"closed","ping_status":"closed","template":"","meta":{"footnotes":""},"class_list":["post-1432","page","type-page","status-publish","hentry"],"_links":{"self":[{"href":"https:\/\/hallaryd.se\/index.php?rest_route=\/wp\/v2\/pages\/1432","targetHints":{"allow":["GET"]}}],"collection":[{"href":"https:\/\/hallaryd.se\/index.php?rest_route=\/wp\/v2\/pages"}],"about":[{"href":"https:\/\/hallaryd.se\/index.php?rest_route=\/wp\/v2\/types\/page"}],"author":[{"embeddable":true,"href":"https:\/\/hallaryd.se\/index.php?rest_route=\/wp\/v2\/users\/12"}],"replies":[{"embeddable":true,"href":"https:\/\/hallaryd.se\/index.php?rest_route=%2Fwp%2Fv2%2Fcomments&post=1432"}],"version-history":[{"count":1,"href":"https:\/\/hallaryd.se\/index.php?rest_route=\/wp\/v2\/pages\/1432\/revisions"}],"predecessor-version":[{"id":1433,"href":"https:\/\/hallaryd.se\/index.php?rest_route=\/wp\/v2\/pages\/1432\/revisions\/1433"}],"wp:attachment":[{"href":"https:\/\/hallaryd.se\/index.php?rest_route=%2Fwp%2Fv2%2Fmedia&parent=1432"}],"curies":[{"name":"wp","href":"https:\/\/api.w.org\/{rel}","templated":true}]}}