{"id":1427,"date":"2019-12-29T20:50:55","date_gmt":"2019-12-29T19:50:55","guid":{"rendered":"http:\/\/hallaryd.se\/?page_id=1427"},"modified":"2019-12-29T20:50:55","modified_gmt":"2019-12-29T19:50:55","slug":"linneberg-stavas","status":"publish","type":"page","link":"https:\/\/hallaryd.se\/?page_id=1427","title":{"rendered":"Linneberg, (Stavas)"},"content":{"rendered":"<h5>Under H\u00e5rhult 1:17<\/h5>\n<h5>Bebott: 1863-1923<\/h5>\n<h5><\/h5>\n<h5>1863-1869: Inhyse av torp 9\/160 (Holmqvists)<\/h5>\n<h5>Enkan Johanna Jacobsdotter f. 1800 i Billinge (M), kom 1863 fr\u00e5n Fulltofta.<\/h5>\n<h5><\/h5>\n<h5>1870-1880:<\/h5>\n<h5>J\u00f6ns Eriksson f. 1819 i S. R\u00f6rum, h. Bolla Bondesdotter f. 1825 i Fulltofta<\/h5>\n<h5>Barn: Anna Maria f 1858, Johanna f. 1866, fam flyttar till Fulltofta (M) 1876.<\/h5>\n<h5>Bodde 1863-1870 p\u00e5 9\/160 mtl<\/h5>\n<h5><\/h5>\n<h5>1880-1895:<\/h5>\n<h5>Torpare, stenarbetare Sven Eliasson f 30\/6 1846 i Wisseltofta, fam kom fr\u00e5n Sj\u00f6berget 1880. h. <b>Gu<span style=\"text-decoration: underline;\">stava<\/span><\/b> Svensdotter f. 13\/5 1845 i Skateboda Ng, G\u00f6teryd,<\/h5>\n<h5>Barn: Janne Oscar f.17\/3 1875, flyttar till F\u00e4rl\u00f6f 1892,Ingrid f. 29\/6 1878,<\/h5>\n<h5>flyttar till F\u00e4rl\u00f6f 1895, Annie f. 24\/4 1883, d\u00f6d 1890<\/h5>\n<h5><\/h5>\n<h5>1896-1905: Kallat <b>Linneberg<\/b><\/h5>\n<h5>Torpare Sven Eliasson f 30\/6 1846 i Wisseltofta,<\/h5>\n<h5>h. Gustava Svensdotter f. 13\/5 1845 i G\u00f6teryd,<\/h5>\n<h5>d. Ingrid f 29\/6 1878 i Hallaryd, flyttar 1899 till Fjelkestad och 1901 till Norra \u00c5sum (L)<\/h5>\n<h5><\/h5>\n<h5>1906-1923:<\/h5>\n<h5>Torpare Sven Eliasson f 30\/6 1846 i Wisseltofta, d\u00f6d 19\/7 1917<\/h5>\n<h5>h. Gustava Svensdotter f. 13\/5 1845 i G\u00f6teryd, d\u00f6d 29\/3 1923<\/h5>\n<h5><\/h5>\n<h5>GPS: N56.45678 E13.89681<\/h5>\n<h5>K\u00e4lla: \u00a0AI\/17, s 304; AI\/18, s 249; AI\/19, 1876-, s 250; AI\/20, 1881- , s 250; AI\/21,<\/h5>\n<h5>1886-, s240; AII\/1, 1896-, s114; AII\/2, 1906- , s 123; AII\/3, 1917- s 142;<\/h5>\n","protected":false},"excerpt":{"rendered":"<p>Under H\u00e5rhult 1:17 Bebott: 1863-1923 1863-1869: Inhyse av torp 9\/160 (Holmqvists) Enkan Johanna Jacobsdotter f. 1800 i Billinge (M), kom 1863 fr\u00e5n Fulltofta. 1870-1880: J\u00f6ns Eriksson f. 1819 i S. R\u00f6rum, h. Bolla Bondesdotter f. 1825 i Fulltofta Barn: Anna &hellip; <a href=\"https:\/\/hallaryd.se\/?page_id=1427\">Continue reading <span class=\"meta-nav\">&rarr;<\/span><\/a><\/p>\n","protected":false},"author":12,"featured_media":0,"parent":0,"menu_order":0,"comment_status":"closed","ping_status":"closed","template":"","meta":{"footnotes":""},"class_list":["post-1427","page","type-page","status-publish","hentry"],"_links":{"self":[{"href":"https:\/\/hallaryd.se\/index.php?rest_route=\/wp\/v2\/pages\/1427","targetHints":{"allow":["GET"]}}],"collection":[{"href":"https:\/\/hallaryd.se\/index.php?rest_route=\/wp\/v2\/pages"}],"about":[{"href":"https:\/\/hallaryd.se\/index.php?rest_route=\/wp\/v2\/types\/page"}],"author":[{"embeddable":true,"href":"https:\/\/hallaryd.se\/index.php?rest_route=\/wp\/v2\/users\/12"}],"replies":[{"embeddable":true,"href":"https:\/\/hallaryd.se\/index.php?rest_route=%2Fwp%2Fv2%2Fcomments&post=1427"}],"version-history":[{"count":1,"href":"https:\/\/hallaryd.se\/index.php?rest_route=\/wp\/v2\/pages\/1427\/revisions"}],"predecessor-version":[{"id":1428,"href":"https:\/\/hallaryd.se\/index.php?rest_route=\/wp\/v2\/pages\/1427\/revisions\/1428"}],"wp:attachment":[{"href":"https:\/\/hallaryd.se\/index.php?rest_route=%2Fwp%2Fv2%2Fmedia&parent=1427"}],"curies":[{"name":"wp","href":"https:\/\/api.w.org\/{rel}","templated":true}]}}