{"id":1425,"date":"2019-12-29T20:48:09","date_gmt":"2019-12-29T19:48:09","guid":{"rendered":"http:\/\/hallaryd.se\/?page_id=1425"},"modified":"2019-12-29T20:48:09","modified_gmt":"2019-12-29T19:48:09","slug":"bosjoholm-harhult","status":"publish","type":"page","link":"https:\/\/hallaryd.se\/?page_id=1425","title":{"rendered":"Bosj\u00f6holm, H\u00e5rhult"},"content":{"rendered":"<h5>Under H\u00e5rhult 1:16<\/h5>\n<h5>Bebott: 1816-1834<\/h5>\n<h5><\/h5>\n<h5>\u00c4ven kallat Bosaholm, men det finns Bosaholm i Sk\u00e5paryd Sg ocks\u00e5.<\/h5>\n<h5><\/h5>\n<h5>1816-1819: Bosj\u00f6holm<\/h5>\n<h5>Peter Persson f 19\/11 1797 i Hamneda<\/h5>\n<h5><\/h5>\n<h5>1820-1823:<\/h5>\n<h5>Peter Persson f 19\/11 1797 i Hamneda, dr Sven J\u00f6nsson f. 1797<\/h5>\n<h5><\/h5>\n<h5>1824-1828: Bosj\u00f6holm<\/h5>\n<h5>Peter Persson f 19\/11 1797 i Hamneda, dr Sven J\u00f6nsson f. 1797<\/h5>\n<h5>Peter Svensson f. 1794 i Moheda, h. Kjerstin Nilsdotter f. 1786 i Aneboda<\/h5>\n<h5>(inga barn antecknade, jfr Sj\u00f6gr\u00e4net, AI\/10, s 186, AI\/11, s217) Johan f. 1825, d\u00f6d 1828, Karna f. 1827, Christina f. 1830<\/h5>\n<h5>\u00a0AI\/9 s96 1825-1828 \u00e4r torpet tomt.<\/h5>\n<h5><\/h5>\n<h5>1832-1834: Bosj\u00f6holm<\/h5>\n<h5>Torp. Jon J\u00f6nsson, Patrik, f. 4\/9 1799, gratialist (Husar Patrik, Visseltofta)<\/h5>\n<h5>Inflyttad 1831-32, (Visseltofta B\/1, 1826-, bild 12, \u201dhusar Patrik\u201d)<\/h5>\n<h5><\/h5>\n<h5>GPS: N56.465701 E13.912824<\/h5>\n<h5>K\u00e4lla: AI\/8, s 115 del 1, s102 del 2; AI\/9, s 138 del 1, s 96 del 2; AI\/10, 1825-, s 187; AI\/11, s 217;<\/h5>\n","protected":false},"excerpt":{"rendered":"<p>Under H\u00e5rhult 1:16 Bebott: 1816-1834 \u00c4ven kallat Bosaholm, men det finns Bosaholm i Sk\u00e5paryd Sg ocks\u00e5. 1816-1819: Bosj\u00f6holm Peter Persson f 19\/11 1797 i Hamneda 1820-1823: Peter Persson f 19\/11 1797 i Hamneda, dr Sven J\u00f6nsson f. 1797 1824-1828: Bosj\u00f6holm &hellip; <a href=\"https:\/\/hallaryd.se\/?page_id=1425\">Continue reading <span class=\"meta-nav\">&rarr;<\/span><\/a><\/p>\n","protected":false},"author":12,"featured_media":0,"parent":0,"menu_order":0,"comment_status":"closed","ping_status":"closed","template":"","meta":{"footnotes":""},"class_list":["post-1425","page","type-page","status-publish","hentry"],"_links":{"self":[{"href":"https:\/\/hallaryd.se\/index.php?rest_route=\/wp\/v2\/pages\/1425","targetHints":{"allow":["GET"]}}],"collection":[{"href":"https:\/\/hallaryd.se\/index.php?rest_route=\/wp\/v2\/pages"}],"about":[{"href":"https:\/\/hallaryd.se\/index.php?rest_route=\/wp\/v2\/types\/page"}],"author":[{"embeddable":true,"href":"https:\/\/hallaryd.se\/index.php?rest_route=\/wp\/v2\/users\/12"}],"replies":[{"embeddable":true,"href":"https:\/\/hallaryd.se\/index.php?rest_route=%2Fwp%2Fv2%2Fcomments&post=1425"}],"version-history":[{"count":1,"href":"https:\/\/hallaryd.se\/index.php?rest_route=\/wp\/v2\/pages\/1425\/revisions"}],"predecessor-version":[{"id":1426,"href":"https:\/\/hallaryd.se\/index.php?rest_route=\/wp\/v2\/pages\/1425\/revisions\/1426"}],"wp:attachment":[{"href":"https:\/\/hallaryd.se\/index.php?rest_route=%2Fwp%2Fv2%2Fmedia&parent=1425"}],"curies":[{"name":"wp","href":"https:\/\/api.w.org\/{rel}","templated":true}]}}